{"id":948,"date":"2014-04-07T14:34:41","date_gmt":"2014-04-07T13:34:41","guid":{"rendered":"http:\/\/www.forde.ch\/?page_id=948"},"modified":"2014-04-07T14:34:41","modified_gmt":"2014-04-07T13:34:41","slug":"klat-1440","status":"publish","type":"page","link":"https:\/\/themontesinosfoundation.org\/forde\/archives-2\/1995-1997\/klat-1440\/","title":{"rendered":"KLAT 1440&prime;"},"content":{"rendered":"<p style=\"text-align: justify;\">La premi\u00e8re manifestation publique du groupe Klat, intitul\u00e9e\u00a0<em>1440&prime;<\/em>, eut lieu \u00e0 Gen\u00e8ve du 6 au 7 septembre 1997, dans le cadre de l&rsquo;espace Forde, que les membres du collectif allaient ensuite \u00eatre conduits \u00e0 diriger pendant deux ans. Il s&rsquo;agissait d&rsquo;une performance d&rsquo;une dur\u00e9e inhabituellement longue que son titre indiquait de fa\u00e7on chiffr\u00e9e (1440 minutes = 24 heures). Pendant cet intervalle, l&rsquo;espace restait ouvert et offrait depuis ses fen\u00eatres la seule vue possible sur un terrain vague en contrebas, ceintur\u00e9 de palissades de chantier. Les artistes s&rsquo;\u00e9taient install\u00e9s dans cette friche urbaine (assez confortablement d&rsquo;ailleurs, amenant avec eux musique, nourriture, t\u00e9l\u00e9vision, mat\u00e9riel de couchage, meubles et boissons) et donnaient \u00e0 voir en guise de tout \u00ab\u00a0happening\u00a0\u00bb des activit\u00e9s tr\u00e8s quotidiennes: boire, manger, dormir, uriner, parler, regarder des vid\u00e9os, etc. Le campement, organis\u00e9 autour d&rsquo;un v\u00e9hicule contenant tous les objets utilis\u00e9s, se d\u00e9ployait dans un p\u00e9rim\u00e8tre tr\u00e8s restreint et chacun semblait parfaitement s&rsquo;accommoder de la promiscuit\u00e9 d\u00e9coulant des param\u00e8tres spatiaux et temporels de l&rsquo;action. Les spectateurs, plac\u00e9s en position de voyeurs, d\u00e9couvraient ainsi, \u00e0 travers les vitres d&rsquo;un espace d&rsquo;art contemporain r\u00e9duit dans ses fonctions \u00e0 n&rsquo;\u00eatre qu&rsquo;un observatoire et un pourvoyeur d&rsquo;\u00e9lectricit\u00e9, l&rsquo;image d&rsquo;un groupe de jeunes campeurs-squatters, la repr\u00e9sentation de ce qui, pour beaucoup, condense les caract\u00e9ristiques de la \u00ab\u00a0culture jeune\u00a0\u00bb: vie en groupe sans reconduction des tabous de l&rsquo;espace social, lieu de r\u00e9union en marge de l&rsquo;espace public, activit\u00e9s et attitudes impr\u00e9gn\u00e9es par les m\u00e9dias, etc. Pourtant,\u00a0<em>1440&prime;<\/em>\u00a0\u00e9tait une repr\u00e9sentation plut\u00f4t qu&rsquo;un spectacle, au sens o\u00f9 l&rsquo;\u00e9mission de MTV<em>Real World<\/em>, des s\u00e9ries t\u00e9l\u00e9vis\u00e9es comme\u00a0<em>Friends<\/em>\u00a0ou de r\u00e9cents jeux bas\u00e9s sur l&rsquo;isolation t\u00e9l\u00e9diffus\u00e9e des candidats, spectacularisent la vie quotidienne \u2014et par cons\u00e9quent la commodifient, la transforment en marchandise. La repr\u00e9sentation donn\u00e9e par les Klat s&rsquo;affirmait en effet d\u00e8s l&rsquo;abord comme une performance, une \u0153uvre d&rsquo;art, c&rsquo;est-\u00e0-dire un objet symbolique dont la r\u00e9ception ne saurait \u00eatre par trop litt\u00e9rale. Singuli\u00e8rement, c&rsquo;est n\u00e9anmoins cette possibilit\u00e9 de compr\u00e9hension litt\u00e9rale (due \u00e0 la contigu\u00eft\u00e9 des protagonistes avec le r\u00e9f\u00e9rent de leur action) qui donnait \u00e0 cette repr\u00e9sentation son potentiel critique.\u00a0<em>1440&prime;<\/em>\u00a0se regardait alors comme la mise \u00e0 distance des multitudes de formes du marketing de l&rsquo;adolescence et du devenir-marchandise de la \u00ab\u00a0youth culture\u00a0\u00bb.<\/p>\n<p style=\"text-align: justify;\">\u00a0<\/p>\n<p style=\"text-align: justify;\"><a href=\"https:\/\/themontesinosfoundation.org\/forde\/wp-content\/uploads\/2014\/04\/klat1440.jpg\"><img loading=\"lazy\" decoding=\"async\" class=\"aligncenter size-full wp-image-953\" alt=\"klat1440\" src=\"https:\/\/themontesinosfoundation.org\/forde\/wp-content\/uploads\/2014\/04\/klat1440.jpg\" width=\"470\" height=\"309\" srcset=\"https:\/\/themontesinosfoundation.org\/forde\/wp-content\/uploads\/2014\/04\/klat1440.jpg 470w, https:\/\/themontesinosfoundation.org\/forde\/wp-content\/uploads\/2014\/04\/klat1440-456x300.jpg 456w, https:\/\/themontesinosfoundation.org\/forde\/wp-content\/uploads\/2014\/04\/klat1440-450x296.jpg 450w, https:\/\/themontesinosfoundation.org\/forde\/wp-content\/uploads\/2014\/04\/klat1440-300x197.jpg 300w\" sizes=\"auto, (max-width: 470px) 100vw, 470px\" \/><\/a> <a href=\"https:\/\/themontesinosfoundation.org\/forde\/wp-content\/uploads\/2014\/04\/1440_luli.jpg\"><img loading=\"lazy\" decoding=\"async\" class=\"aligncenter size-full wp-image-949\" alt=\"1440_luli\" src=\"https:\/\/themontesinosfoundation.org\/forde\/wp-content\/uploads\/2014\/04\/1440_luli.jpg\" width=\"470\" height=\"329\" srcset=\"https:\/\/themontesinosfoundation.org\/forde\/wp-content\/uploads\/2014\/04\/1440_luli.jpg 470w, https:\/\/themontesinosfoundation.org\/forde\/wp-content\/uploads\/2014\/04\/1440_luli-429x300.jpg 429w, https:\/\/themontesinosfoundation.org\/forde\/wp-content\/uploads\/2014\/04\/1440_luli-450x315.jpg 450w, https:\/\/themontesinosfoundation.org\/forde\/wp-content\/uploads\/2014\/04\/1440_luli-300x210.jpg 300w\" sizes=\"auto, (max-width: 470px) 100vw, 470px\" \/><\/a> <a href=\"https:\/\/themontesinosfoundation.org\/forde\/wp-content\/uploads\/2014\/04\/1440_minu.jpg\"><img loading=\"lazy\" decoding=\"async\" class=\"aligncenter size-medium wp-image-950\" alt=\"1440_minu\" src=\"https:\/\/themontesinosfoundation.org\/forde\/wp-content\/uploads\/2014\/04\/1440_minu.jpg\" width=\"470\" height=\"329\" srcset=\"https:\/\/themontesinosfoundation.org\/forde\/wp-content\/uploads\/2014\/04\/1440_minu.jpg 470w, https:\/\/themontesinosfoundation.org\/forde\/wp-content\/uploads\/2014\/04\/1440_minu-429x300.jpg 429w, https:\/\/themontesinosfoundation.org\/forde\/wp-content\/uploads\/2014\/04\/1440_minu-450x315.jpg 450w, https:\/\/themontesinosfoundation.org\/forde\/wp-content\/uploads\/2014\/04\/1440_minu-300x210.jpg 300w\" sizes=\"auto, (max-width: 470px) 100vw, 470px\" \/><\/a> <a href=\"https:\/\/themontesinosfoundation.org\/forde\/wp-content\/uploads\/2014\/04\/klat1440_02.jpg\"><img loading=\"lazy\" decoding=\"async\" class=\"aligncenter size-medium wp-image-951\" alt=\"klat1440_02\" src=\"https:\/\/themontesinosfoundation.org\/forde\/wp-content\/uploads\/2014\/04\/klat1440_02.jpg\" width=\"470\" height=\"311\" srcset=\"https:\/\/themontesinosfoundation.org\/forde\/wp-content\/uploads\/2014\/04\/klat1440_02.jpg 470w, https:\/\/themontesinosfoundation.org\/forde\/wp-content\/uploads\/2014\/04\/klat1440_02-453x300.jpg 453w, https:\/\/themontesinosfoundation.org\/forde\/wp-content\/uploads\/2014\/04\/klat1440_02-450x298.jpg 450w, https:\/\/themontesinosfoundation.org\/forde\/wp-content\/uploads\/2014\/04\/klat1440_02-300x198.jpg 300w\" sizes=\"auto, (max-width: 470px) 100vw, 470px\" \/><\/a> <a href=\"https:\/\/themontesinosfoundation.org\/forde\/wp-content\/uploads\/2014\/04\/klat1440_luli.jpg\"><img loading=\"lazy\" decoding=\"async\" class=\"aligncenter size-medium wp-image-952\" alt=\"klat1440_luli\" src=\"https:\/\/themontesinosfoundation.org\/forde\/wp-content\/uploads\/2014\/04\/klat1440_luli.jpg\" width=\"470\" height=\"296\" srcset=\"https:\/\/themontesinosfoundation.org\/forde\/wp-content\/uploads\/2014\/04\/klat1440_luli.jpg 470w, https:\/\/themontesinosfoundation.org\/forde\/wp-content\/uploads\/2014\/04\/klat1440_luli-300x188.jpg 300w, https:\/\/themontesinosfoundation.org\/forde\/wp-content\/uploads\/2014\/04\/klat1440_luli-450x283.jpg 450w\" sizes=\"auto, (max-width: 470px) 100vw, 470px\" \/><\/a><\/p>\n<p>&nbsp;<\/p>\n","protected":false},"excerpt":{"rendered":"<p>La premi\u00e8re manifestation publique du groupe Klat, intitul\u00e9e\u00a01440&prime;, eut lieu \u00e0 Gen\u00e8ve du 6 au 7 septembre 1997, dans le cadre de l&rsquo;espace Forde, que les membres du collectif allaient ensuite \u00eatre conduits \u00e0 diriger pendant deux ans. Il s&rsquo;agissait d&rsquo;une performance d&rsquo;une dur\u00e9e inhabituellement longue que son titre indiquait de fa\u00e7on chiffr\u00e9e (1440 minutes [&hellip;]<\/p>\n","protected":false},"author":2,"featured_media":0,"parent":798,"menu_order":0,"comment_status":"closed","ping_status":"open","template":"","meta":{"footnotes":""},"class_list":["post-948","page","type-page","status-publish","hentry"],"yoast_head":"<!-- This site is optimized with the Yoast SEO plugin v27.4 - https:\/\/yoast.com\/product\/yoast-seo-wordpress\/ -->\n<title>KLAT 1440&#039; - FORDE<\/title>\n<meta name=\"robots\" content=\"index, follow, max-snippet:-1, max-image-preview:large, max-video-preview:-1\" \/>\n<link rel=\"canonical\" href=\"https:\/\/themontesinosfoundation.org\/forde\/archives-2\/1995-1997\/klat-1440\/\" \/>\n<meta property=\"og:locale\" content=\"fr_FR\" \/>\n<meta property=\"og:type\" content=\"article\" \/>\n<meta property=\"og:title\" content=\"KLAT 1440&#039; - FORDE\" \/>\n<meta property=\"og:description\" content=\"La premi\u00e8re manifestation publique du groupe Klat, intitul\u00e9e\u00a01440&prime;, eut lieu \u00e0 Gen\u00e8ve du 6 au 7 septembre 1997, dans le cadre de l&rsquo;espace Forde, que les membres du collectif allaient ensuite \u00eatre conduits \u00e0 diriger pendant deux ans. Il s&rsquo;agissait d&rsquo;une performance d&rsquo;une dur\u00e9e inhabituellement longue que son titre indiquait de fa\u00e7on chiffr\u00e9e (1440 minutes [&hellip;]\" \/>\n<meta property=\"og:url\" content=\"https:\/\/themontesinosfoundation.org\/forde\/archives-2\/1995-1997\/klat-1440\/\" \/>\n<meta property=\"og:site_name\" content=\"FORDE\" \/>\n<meta property=\"og:image\" content=\"https:\/\/themontesinosfoundation.org\/forde\/wp-content\/uploads\/2014\/04\/klat1440.jpg\" \/>\n\t<meta property=\"og:image:width\" content=\"470\" \/>\n\t<meta property=\"og:image:height\" content=\"309\" \/>\n\t<meta property=\"og:image:type\" content=\"image\/jpeg\" \/>\n<meta name=\"twitter:card\" content=\"summary_large_image\" \/>\n<meta name=\"twitter:label1\" content=\"Dur\u00e9e de lecture estim\u00e9e\" \/>\n\t<meta name=\"twitter:data1\" content=\"2 minutes\" \/>\n<script type=\"application\/ld+json\" class=\"yoast-schema-graph\">{\"@context\":\"https:\\\/\\\/schema.org\",\"@graph\":[{\"@type\":\"WebPage\",\"@id\":\"https:\\\/\\\/themontesinosfoundation.org\\\/forde\\\/archives-2\\\/1995-1997\\\/klat-1440\\\/\",\"url\":\"https:\\\/\\\/themontesinosfoundation.org\\\/forde\\\/archives-2\\\/1995-1997\\\/klat-1440\\\/\",\"name\":\"KLAT 1440' - FORDE\",\"isPartOf\":{\"@id\":\"https:\\\/\\\/themontesinosfoundation.org\\\/forde\\\/#website\"},\"primaryImageOfPage\":{\"@id\":\"https:\\\/\\\/themontesinosfoundation.org\\\/forde\\\/archives-2\\\/1995-1997\\\/klat-1440\\\/#primaryimage\"},\"image\":{\"@id\":\"https:\\\/\\\/themontesinosfoundation.org\\\/forde\\\/archives-2\\\/1995-1997\\\/klat-1440\\\/#primaryimage\"},\"thumbnailUrl\":\"https:\\\/\\\/themontesinosfoundation.org\\\/forde\\\/wp-content\\\/uploads\\\/2014\\\/04\\\/klat1440.jpg\",\"datePublished\":\"2014-04-07T13:34:41+00:00\",\"breadcrumb\":{\"@id\":\"https:\\\/\\\/themontesinosfoundation.org\\\/forde\\\/archives-2\\\/1995-1997\\\/klat-1440\\\/#breadcrumb\"},\"inLanguage\":\"fr-FR\",\"potentialAction\":[{\"@type\":\"ReadAction\",\"target\":[\"https:\\\/\\\/themontesinosfoundation.org\\\/forde\\\/archives-2\\\/1995-1997\\\/klat-1440\\\/\"]}]},{\"@type\":\"ImageObject\",\"inLanguage\":\"fr-FR\",\"@id\":\"https:\\\/\\\/themontesinosfoundation.org\\\/forde\\\/archives-2\\\/1995-1997\\\/klat-1440\\\/#primaryimage\",\"url\":\"https:\\\/\\\/themontesinosfoundation.org\\\/forde\\\/wp-content\\\/uploads\\\/2014\\\/04\\\/klat1440.jpg\",\"contentUrl\":\"https:\\\/\\\/themontesinosfoundation.org\\\/forde\\\/wp-content\\\/uploads\\\/2014\\\/04\\\/klat1440.jpg\",\"width\":470,\"height\":309},{\"@type\":\"BreadcrumbList\",\"@id\":\"https:\\\/\\\/themontesinosfoundation.org\\\/forde\\\/archives-2\\\/1995-1997\\\/klat-1440\\\/#breadcrumb\",\"itemListElement\":[{\"@type\":\"ListItem\",\"position\":1,\"name\":\"Accueil\",\"item\":\"https:\\\/\\\/themontesinosfoundation.org\\\/forde\\\/\"},{\"@type\":\"ListItem\",\"position\":2,\"name\":\"Archives\",\"item\":\"https:\\\/\\\/themontesinosfoundation.org\\\/forde\\\/archives-2\\\/\"},{\"@type\":\"ListItem\",\"position\":3,\"name\":\"1995 &#8211; 1997\",\"item\":\"https:\\\/\\\/themontesinosfoundation.org\\\/forde\\\/archives-2\\\/1995-1997\\\/\"},{\"@type\":\"ListItem\",\"position\":4,\"name\":\"KLAT 1440&prime;\"}]},{\"@type\":\"WebSite\",\"@id\":\"https:\\\/\\\/themontesinosfoundation.org\\\/forde\\\/#website\",\"url\":\"https:\\\/\\\/themontesinosfoundation.org\\\/forde\\\/\",\"name\":\"FORDE\",\"description\":\"2012-2014\",\"publisher\":{\"@id\":\"https:\\\/\\\/themontesinosfoundation.org\\\/forde\\\/#organization\"},\"potentialAction\":[{\"@type\":\"SearchAction\",\"target\":{\"@type\":\"EntryPoint\",\"urlTemplate\":\"https:\\\/\\\/themontesinosfoundation.org\\\/forde\\\/?s={search_term_string}\"},\"query-input\":{\"@type\":\"PropertyValueSpecification\",\"valueRequired\":true,\"valueName\":\"search_term_string\"}}],\"inLanguage\":\"fr-FR\"},{\"@type\":\"Organization\",\"@id\":\"https:\\\/\\\/themontesinosfoundation.org\\\/forde\\\/#organization\",\"name\":\"FORDE\",\"url\":\"https:\\\/\\\/themontesinosfoundation.org\\\/forde\\\/\",\"logo\":{\"@type\":\"ImageObject\",\"inLanguage\":\"fr-FR\",\"@id\":\"https:\\\/\\\/themontesinosfoundation.org\\\/forde\\\/#\\\/schema\\\/logo\\\/image\\\/\",\"url\":\"https:\\\/\\\/themontesinosfoundation.org\\\/forde\\\/wp-content\\\/uploads\\\/2014\\\/07\\\/logo-forde.png\",\"contentUrl\":\"https:\\\/\\\/themontesinosfoundation.org\\\/forde\\\/wp-content\\\/uploads\\\/2014\\\/07\\\/logo-forde.png\",\"width\":735,\"height\":734,\"caption\":\"FORDE\"},\"image\":{\"@id\":\"https:\\\/\\\/themontesinosfoundation.org\\\/forde\\\/#\\\/schema\\\/logo\\\/image\\\/\"}}]}<\/script>\n<!-- \/ Yoast SEO plugin. -->","yoast_head_json":{"title":"KLAT 1440' - FORDE","robots":{"index":"index","follow":"follow","max-snippet":"max-snippet:-1","max-image-preview":"max-image-preview:large","max-video-preview":"max-video-preview:-1"},"canonical":"https:\/\/themontesinosfoundation.org\/forde\/archives-2\/1995-1997\/klat-1440\/","og_locale":"fr_FR","og_type":"article","og_title":"KLAT 1440' - FORDE","og_description":"La premi\u00e8re manifestation publique du groupe Klat, intitul\u00e9e\u00a01440&prime;, eut lieu \u00e0 Gen\u00e8ve du 6 au 7 septembre 1997, dans le cadre de l&rsquo;espace Forde, que les membres du collectif allaient ensuite \u00eatre conduits \u00e0 diriger pendant deux ans. Il s&rsquo;agissait d&rsquo;une performance d&rsquo;une dur\u00e9e inhabituellement longue que son titre indiquait de fa\u00e7on chiffr\u00e9e (1440 minutes [&hellip;]","og_url":"https:\/\/themontesinosfoundation.org\/forde\/archives-2\/1995-1997\/klat-1440\/","og_site_name":"FORDE","og_image":[{"width":470,"height":309,"url":"https:\/\/themontesinosfoundation.org\/forde\/wp-content\/uploads\/2014\/04\/klat1440.jpg","type":"image\/jpeg"}],"twitter_card":"summary_large_image","twitter_misc":{"Dur\u00e9e de lecture estim\u00e9e":"2 minutes"},"schema":{"@context":"https:\/\/schema.org","@graph":[{"@type":"WebPage","@id":"https:\/\/themontesinosfoundation.org\/forde\/archives-2\/1995-1997\/klat-1440\/","url":"https:\/\/themontesinosfoundation.org\/forde\/archives-2\/1995-1997\/klat-1440\/","name":"KLAT 1440' - FORDE","isPartOf":{"@id":"https:\/\/themontesinosfoundation.org\/forde\/#website"},"primaryImageOfPage":{"@id":"https:\/\/themontesinosfoundation.org\/forde\/archives-2\/1995-1997\/klat-1440\/#primaryimage"},"image":{"@id":"https:\/\/themontesinosfoundation.org\/forde\/archives-2\/1995-1997\/klat-1440\/#primaryimage"},"thumbnailUrl":"https:\/\/themontesinosfoundation.org\/forde\/wp-content\/uploads\/2014\/04\/klat1440.jpg","datePublished":"2014-04-07T13:34:41+00:00","breadcrumb":{"@id":"https:\/\/themontesinosfoundation.org\/forde\/archives-2\/1995-1997\/klat-1440\/#breadcrumb"},"inLanguage":"fr-FR","potentialAction":[{"@type":"ReadAction","target":["https:\/\/themontesinosfoundation.org\/forde\/archives-2\/1995-1997\/klat-1440\/"]}]},{"@type":"ImageObject","inLanguage":"fr-FR","@id":"https:\/\/themontesinosfoundation.org\/forde\/archives-2\/1995-1997\/klat-1440\/#primaryimage","url":"https:\/\/themontesinosfoundation.org\/forde\/wp-content\/uploads\/2014\/04\/klat1440.jpg","contentUrl":"https:\/\/themontesinosfoundation.org\/forde\/wp-content\/uploads\/2014\/04\/klat1440.jpg","width":470,"height":309},{"@type":"BreadcrumbList","@id":"https:\/\/themontesinosfoundation.org\/forde\/archives-2\/1995-1997\/klat-1440\/#breadcrumb","itemListElement":[{"@type":"ListItem","position":1,"name":"Accueil","item":"https:\/\/themontesinosfoundation.org\/forde\/"},{"@type":"ListItem","position":2,"name":"Archives","item":"https:\/\/themontesinosfoundation.org\/forde\/archives-2\/"},{"@type":"ListItem","position":3,"name":"1995 &#8211; 1997","item":"https:\/\/themontesinosfoundation.org\/forde\/archives-2\/1995-1997\/"},{"@type":"ListItem","position":4,"name":"KLAT 1440&prime;"}]},{"@type":"WebSite","@id":"https:\/\/themontesinosfoundation.org\/forde\/#website","url":"https:\/\/themontesinosfoundation.org\/forde\/","name":"FORDE","description":"2012-2014","publisher":{"@id":"https:\/\/themontesinosfoundation.org\/forde\/#organization"},"potentialAction":[{"@type":"SearchAction","target":{"@type":"EntryPoint","urlTemplate":"https:\/\/themontesinosfoundation.org\/forde\/?s={search_term_string}"},"query-input":{"@type":"PropertyValueSpecification","valueRequired":true,"valueName":"search_term_string"}}],"inLanguage":"fr-FR"},{"@type":"Organization","@id":"https:\/\/themontesinosfoundation.org\/forde\/#organization","name":"FORDE","url":"https:\/\/themontesinosfoundation.org\/forde\/","logo":{"@type":"ImageObject","inLanguage":"fr-FR","@id":"https:\/\/themontesinosfoundation.org\/forde\/#\/schema\/logo\/image\/","url":"https:\/\/themontesinosfoundation.org\/forde\/wp-content\/uploads\/2014\/07\/logo-forde.png","contentUrl":"https:\/\/themontesinosfoundation.org\/forde\/wp-content\/uploads\/2014\/07\/logo-forde.png","width":735,"height":734,"caption":"FORDE"},"image":{"@id":"https:\/\/themontesinosfoundation.org\/forde\/#\/schema\/logo\/image\/"}}]}},"_links":{"self":[{"href":"https:\/\/themontesinosfoundation.org\/forde\/wp-json\/wp\/v2\/pages\/948","targetHints":{"allow":["GET"]}}],"collection":[{"href":"https:\/\/themontesinosfoundation.org\/forde\/wp-json\/wp\/v2\/pages"}],"about":[{"href":"https:\/\/themontesinosfoundation.org\/forde\/wp-json\/wp\/v2\/types\/page"}],"author":[{"embeddable":true,"href":"https:\/\/themontesinosfoundation.org\/forde\/wp-json\/wp\/v2\/users\/2"}],"replies":[{"embeddable":true,"href":"https:\/\/themontesinosfoundation.org\/forde\/wp-json\/wp\/v2\/comments?post=948"}],"version-history":[{"count":0,"href":"https:\/\/themontesinosfoundation.org\/forde\/wp-json\/wp\/v2\/pages\/948\/revisions"}],"up":[{"embeddable":true,"href":"https:\/\/themontesinosfoundation.org\/forde\/wp-json\/wp\/v2\/pages\/798"}],"wp:attachment":[{"href":"https:\/\/themontesinosfoundation.org\/forde\/wp-json\/wp\/v2\/media?parent=948"}],"curies":[{"name":"wp","href":"https:\/\/api.w.org\/{rel}","templated":true}]}}