{"id":330,"date":"2013-06-01T19:10:31","date_gmt":"2013-06-01T18:10:31","guid":{"rendered":"http:\/\/www.forde.ch\/?page_id=330"},"modified":"2018-01-06T16:18:38","modified_gmt":"2018-01-06T15:18:38","slug":"forde-prize-winner","status":"publish","type":"page","link":"https:\/\/themontesinosfoundation.org\/forde\/home\/2012-2014\/forde-prize-winner\/","title":{"rendered":"FORDE PRIZE WINNER"},"content":{"rendered":"<p><a href=\"https:\/\/themontesinosfoundation.org\/forde\/wp-content\/uploads\/2018\/01\/PierreBELOUIN.jpg\"><img loading=\"lazy\" decoding=\"async\" class=\"alignnone wp-image-2160\" src=\"https:\/\/themontesinosfoundation.org\/forde\/wp-content\/uploads\/2018\/01\/PierreBELOUIN-450x300.jpg\" alt=\"\" width=\"600\" height=\"400\" srcset=\"https:\/\/themontesinosfoundation.org\/forde\/wp-content\/uploads\/2018\/01\/PierreBELOUIN-450x300.jpg 450w, https:\/\/themontesinosfoundation.org\/forde\/wp-content\/uploads\/2018\/01\/PierreBELOUIN.jpg 750w\" sizes=\"auto, (max-width: 600px) 100vw, 600px\" \/><\/a><\/p>\n<p>&nbsp;<\/p>\n<p><strong>Bas-Relief &#8211;\u00a0Pierre Belo\u00fcin,\u00a02013<\/strong><\/p>\n<p>&nbsp;<\/p>\n<p>Grillage industriel triple torsion, canettes de bi\u00e8re vides, dimensions variables<br \/>\nVues de l\u2019exposition dans le cadre du Forde Prize 2013, L\u2019Usine, Gen\u00e8ve<br \/>\nCommissariat Elena Montesinos, Nicolas Wagni\u00e8res.<\/p>\n<p>&nbsp;<\/p>\n<p>Laur\u00e9at du Forde Prize 2013, initi\u00e9 par les commissaires d&rsquo;exposition Elena Montesinos et Nicolas Wagni\u00e8res.<br \/>\nLe Ford Prize a \u00e9t\u00e9 pr\u00e9sent\u00e9 sur un stand \u00e0 Art Gen\u00e8ve le 31 Janvier 2013, mis en place et install\u00e9 \u00e0 Forde en Juin 2013.<br \/>\nLe troph\u00e9e offert est le double de la cl\u00e9 de l&rsquo;espace d&rsquo;exposition en or, r\u00e9alis\u00e9 par un joailler Suisse.<\/p>\n<p>&nbsp;<\/p>\n<p><strong>Pierre Belo\u00fcin<\/strong><br \/>\nExposition du 6 au 15 juin 2013<br \/>\nVernissage jeudi 6 juin \u00e0 18h<br \/>\nRemise du prix \u00e0 19h<br \/>\nLive \u00e0 20H30 BARON OUFO<br \/>\n<a title=\"Pierre Belouin\" href=\"http:\/\/www.pierrebelouin.com\/\" target=\"_blank\" rel=\"noopener\">www.pierrebelouin.com<\/a><\/p>\n<p>&nbsp;<\/p>\n<p>&nbsp;<\/p>\n<p>&nbsp;<\/p>\n<p><a href=\"https:\/\/themontesinosfoundation.org\/forde\/wp-content\/uploads\/2014\/02\/WINNER-20.jpg\"><br \/>\n<\/a> <a href=\"https:\/\/themontesinosfoundation.org\/forde\/wp-content\/uploads\/2014\/02\/WINNER-21.png\"><br \/>\n<\/a> <a href=\"https:\/\/themontesinosfoundation.org\/forde\/wp-content\/uploads\/2014\/02\/WINNER-22.jpg\"><img loading=\"lazy\" decoding=\"async\" class=\"aligncenter wp-image-696\" src=\"https:\/\/themontesinosfoundation.org\/forde\/wp-content\/uploads\/2014\/02\/WINNER-22.jpg\" alt=\"WINNER 22\" width=\"600\" height=\"363\" srcset=\"https:\/\/themontesinosfoundation.org\/forde\/wp-content\/uploads\/2014\/02\/WINNER-22.jpg 837w, https:\/\/themontesinosfoundation.org\/forde\/wp-content\/uploads\/2014\/02\/WINNER-22-495x300.jpg 495w, https:\/\/themontesinosfoundation.org\/forde\/wp-content\/uploads\/2014\/02\/WINNER-22-768x465.jpg 768w, https:\/\/themontesinosfoundation.org\/forde\/wp-content\/uploads\/2014\/02\/WINNER-22-450x273.jpg 450w, https:\/\/themontesinosfoundation.org\/forde\/wp-content\/uploads\/2014\/02\/WINNER-22-300x181.jpg 300w\" sizes=\"auto, (max-width: 600px) 100vw, 600px\" \/><\/a><\/p>\n<p>&nbsp;<\/p>\n<p><a href=\"https:\/\/themontesinosfoundation.org\/forde\/wp-content\/uploads\/2014\/02\/WINNER-23.jpg\"><img loading=\"lazy\" decoding=\"async\" class=\"aligncenter wp-image-697\" src=\"https:\/\/themontesinosfoundation.org\/forde\/wp-content\/uploads\/2014\/02\/WINNER-23-900x600.jpg\" alt=\"WINNER 23\" width=\"600\" height=\"399\" srcset=\"https:\/\/themontesinosfoundation.org\/forde\/wp-content\/uploads\/2014\/02\/WINNER-23-900x600.jpg 900w, https:\/\/themontesinosfoundation.org\/forde\/wp-content\/uploads\/2014\/02\/WINNER-23-451x300.jpg 451w, https:\/\/themontesinosfoundation.org\/forde\/wp-content\/uploads\/2014\/02\/WINNER-23-768x511.jpg 768w, https:\/\/themontesinosfoundation.org\/forde\/wp-content\/uploads\/2014\/02\/WINNER-23-450x300.jpg 450w, https:\/\/themontesinosfoundation.org\/forde\/wp-content\/uploads\/2014\/02\/WINNER-23-300x199.jpg 300w, https:\/\/themontesinosfoundation.org\/forde\/wp-content\/uploads\/2014\/02\/WINNER-23.jpg 960w\" sizes=\"auto, (max-width: 600px) 100vw, 600px\" \/><\/a><\/p>\n<p>&nbsp;<\/p>\n<p><a href=\"https:\/\/themontesinosfoundation.org\/forde\/wp-content\/uploads\/2014\/02\/WINNER-24.jpg\"><img loading=\"lazy\" decoding=\"async\" class=\"aligncenter wp-image-698\" src=\"https:\/\/themontesinosfoundation.org\/forde\/wp-content\/uploads\/2014\/02\/WINNER-24-900x600.jpg\" alt=\"WINNER 24\" width=\"600\" height=\"399\" srcset=\"https:\/\/themontesinosfoundation.org\/forde\/wp-content\/uploads\/2014\/02\/WINNER-24-900x600.jpg 900w, https:\/\/themontesinosfoundation.org\/forde\/wp-content\/uploads\/2014\/02\/WINNER-24-451x300.jpg 451w, https:\/\/themontesinosfoundation.org\/forde\/wp-content\/uploads\/2014\/02\/WINNER-24-768x511.jpg 768w, https:\/\/themontesinosfoundation.org\/forde\/wp-content\/uploads\/2014\/02\/WINNER-24-450x300.jpg 450w, https:\/\/themontesinosfoundation.org\/forde\/wp-content\/uploads\/2014\/02\/WINNER-24-300x199.jpg 300w, https:\/\/themontesinosfoundation.org\/forde\/wp-content\/uploads\/2014\/02\/WINNER-24.jpg 960w\" sizes=\"auto, (max-width: 600px) 100vw, 600px\" \/><\/a><\/p>\n<p>&nbsp;<\/p>\n<p><a href=\"https:\/\/themontesinosfoundation.org\/forde\/wp-content\/uploads\/2014\/02\/WINNER-25.jpg\"><img loading=\"lazy\" decoding=\"async\" class=\"aligncenter wp-image-699\" src=\"https:\/\/themontesinosfoundation.org\/forde\/wp-content\/uploads\/2014\/02\/WINNER-25-900x600.jpg\" alt=\"WINNER 25\" width=\"600\" height=\"400\" srcset=\"https:\/\/themontesinosfoundation.org\/forde\/wp-content\/uploads\/2014\/02\/WINNER-25-900x600.jpg 900w, https:\/\/themontesinosfoundation.org\/forde\/wp-content\/uploads\/2014\/02\/WINNER-25-450x300.jpg 450w, https:\/\/themontesinosfoundation.org\/forde\/wp-content\/uploads\/2014\/02\/WINNER-25-768x512.jpg 768w, https:\/\/themontesinosfoundation.org\/forde\/wp-content\/uploads\/2014\/02\/WINNER-25-300x200.jpg 300w, https:\/\/themontesinosfoundation.org\/forde\/wp-content\/uploads\/2014\/02\/WINNER-25.jpg 960w\" sizes=\"auto, (max-width: 600px) 100vw, 600px\" \/><\/a><\/p>\n<p>&nbsp;<\/p>\n<p><a href=\"https:\/\/themontesinosfoundation.org\/forde\/wp-content\/uploads\/2014\/02\/WINNER-26.jpg\"><img loading=\"lazy\" decoding=\"async\" class=\"aligncenter wp-image-700\" src=\"https:\/\/themontesinosfoundation.org\/forde\/wp-content\/uploads\/2014\/02\/WINNER-26-900x600.jpg\" alt=\"WINNER 26\" width=\"600\" height=\"399\" srcset=\"https:\/\/themontesinosfoundation.org\/forde\/wp-content\/uploads\/2014\/02\/WINNER-26-900x600.jpg 900w, https:\/\/themontesinosfoundation.org\/forde\/wp-content\/uploads\/2014\/02\/WINNER-26-451x300.jpg 451w, https:\/\/themontesinosfoundation.org\/forde\/wp-content\/uploads\/2014\/02\/WINNER-26-768x511.jpg 768w, https:\/\/themontesinosfoundation.org\/forde\/wp-content\/uploads\/2014\/02\/WINNER-26-450x300.jpg 450w, https:\/\/themontesinosfoundation.org\/forde\/wp-content\/uploads\/2014\/02\/WINNER-26-300x199.jpg 300w, https:\/\/themontesinosfoundation.org\/forde\/wp-content\/uploads\/2014\/02\/WINNER-26.jpg 960w\" sizes=\"auto, (max-width: 600px) 100vw, 600px\" \/><\/a><\/p>\n<p>&nbsp;<\/p>\n<p><a href=\"https:\/\/themontesinosfoundation.org\/forde\/wp-content\/uploads\/2014\/02\/WINNER-27.jpg\"><img loading=\"lazy\" decoding=\"async\" class=\"aligncenter wp-image-701\" src=\"https:\/\/themontesinosfoundation.org\/forde\/wp-content\/uploads\/2014\/02\/WINNER-27-900x600.jpg\" alt=\"WINNER 27\" width=\"600\" height=\"400\" srcset=\"https:\/\/themontesinosfoundation.org\/forde\/wp-content\/uploads\/2014\/02\/WINNER-27-900x600.jpg 900w, https:\/\/themontesinosfoundation.org\/forde\/wp-content\/uploads\/2014\/02\/WINNER-27-450x300.jpg 450w, https:\/\/themontesinosfoundation.org\/forde\/wp-content\/uploads\/2014\/02\/WINNER-27-768x512.jpg 768w, https:\/\/themontesinosfoundation.org\/forde\/wp-content\/uploads\/2014\/02\/WINNER-27-300x200.jpg 300w, https:\/\/themontesinosfoundation.org\/forde\/wp-content\/uploads\/2014\/02\/WINNER-27.jpg 960w\" sizes=\"auto, (max-width: 600px) 100vw, 600px\" \/><\/a><\/p>\n<p>&nbsp;<\/p>\n<p><a href=\"https:\/\/themontesinosfoundation.org\/forde\/wp-content\/uploads\/2014\/02\/WINNER-28.jpg\"><img loading=\"lazy\" decoding=\"async\" class=\"aligncenter wp-image-702\" src=\"https:\/\/themontesinosfoundation.org\/forde\/wp-content\/uploads\/2014\/02\/WINNER-28-900x600.jpg\" alt=\"WINNER 28\" width=\"600\" height=\"400\" srcset=\"https:\/\/themontesinosfoundation.org\/forde\/wp-content\/uploads\/2014\/02\/WINNER-28-900x600.jpg 900w, https:\/\/themontesinosfoundation.org\/forde\/wp-content\/uploads\/2014\/02\/WINNER-28-450x300.jpg 450w, https:\/\/themontesinosfoundation.org\/forde\/wp-content\/uploads\/2014\/02\/WINNER-28-768x512.jpg 768w, https:\/\/themontesinosfoundation.org\/forde\/wp-content\/uploads\/2014\/02\/WINNER-28-300x200.jpg 300w, https:\/\/themontesinosfoundation.org\/forde\/wp-content\/uploads\/2014\/02\/WINNER-28.jpg 960w\" sizes=\"auto, (max-width: 600px) 100vw, 600px\" \/><\/a><\/p>\n<p><a href=\"https:\/\/themontesinosfoundation.org\/forde\/wp-content\/uploads\/2014\/02\/WINNER-31.jpg\"><br \/>\n<\/a><a href=\"https:\/\/themontesinosfoundation.org\/forde\/wp-content\/uploads\/2014\/02\/WINNER-29.jpg\"><img loading=\"lazy\" decoding=\"async\" class=\"aligncenter wp-image-703\" src=\"https:\/\/themontesinosfoundation.org\/forde\/wp-content\/uploads\/2014\/02\/WINNER-29-900x600.jpg\" alt=\"WINNER 29\" width=\"600\" height=\"399\" srcset=\"https:\/\/themontesinosfoundation.org\/forde\/wp-content\/uploads\/2014\/02\/WINNER-29-900x600.jpg 900w, https:\/\/themontesinosfoundation.org\/forde\/wp-content\/uploads\/2014\/02\/WINNER-29-451x300.jpg 451w, https:\/\/themontesinosfoundation.org\/forde\/wp-content\/uploads\/2014\/02\/WINNER-29-768x511.jpg 768w, https:\/\/themontesinosfoundation.org\/forde\/wp-content\/uploads\/2014\/02\/WINNER-29-450x300.jpg 450w, https:\/\/themontesinosfoundation.org\/forde\/wp-content\/uploads\/2014\/02\/WINNER-29-300x199.jpg 300w, https:\/\/themontesinosfoundation.org\/forde\/wp-content\/uploads\/2014\/02\/WINNER-29.jpg 960w\" sizes=\"auto, (max-width: 600px) 100vw, 600px\" \/><\/a><\/p>\n<p>&nbsp;<\/p>\n<p>&nbsp;<\/p>\n<p>&nbsp;<\/p>\n","protected":false},"excerpt":{"rendered":"<p>&nbsp; Bas-Relief &#8211;\u00a0Pierre Belo\u00fcin,\u00a02013 &nbsp; Grillage industriel triple torsion, canettes de bi\u00e8re vides, dimensions variables Vues de l\u2019exposition dans le cadre du Forde Prize 2013, L\u2019Usine, Gen\u00e8ve Commissariat Elena Montesinos, Nicolas Wagni\u00e8res. &nbsp; Laur\u00e9at du Forde Prize 2013, initi\u00e9 par les commissaires d&rsquo;exposition Elena Montesinos et Nicolas Wagni\u00e8res. Le Ford Prize a \u00e9t\u00e9 pr\u00e9sent\u00e9 sur [&hellip;]<\/p>\n","protected":false},"author":2,"featured_media":0,"parent":313,"menu_order":0,"comment_status":"closed","ping_status":"closed","template":"","meta":{"footnotes":""},"class_list":["post-330","page","type-page","status-publish","hentry"],"yoast_head":"<!-- This site is optimized with the Yoast SEO plugin v27.4 - https:\/\/yoast.com\/product\/yoast-seo-wordpress\/ -->\n<title>FORDE PRIZE WINNER - FORDE<\/title>\n<meta name=\"robots\" content=\"index, follow, max-snippet:-1, max-image-preview:large, max-video-preview:-1\" \/>\n<link rel=\"canonical\" href=\"https:\/\/themontesinosfoundation.org\/forde\/home\/2012-2014\/forde-prize-winner\/\" \/>\n<meta property=\"og:locale\" content=\"fr_FR\" \/>\n<meta property=\"og:type\" content=\"article\" \/>\n<meta property=\"og:title\" content=\"FORDE PRIZE WINNER - FORDE\" \/>\n<meta property=\"og:description\" content=\"&nbsp; Bas-Relief &#8211;\u00a0Pierre Belo\u00fcin,\u00a02013 &nbsp; Grillage industriel triple torsion, canettes de bi\u00e8re vides, dimensions variables Vues de l\u2019exposition dans le cadre du Forde Prize 2013, L\u2019Usine, Gen\u00e8ve Commissariat Elena Montesinos, Nicolas Wagni\u00e8res. &nbsp; Laur\u00e9at du Forde Prize 2013, initi\u00e9 par les commissaires d&rsquo;exposition Elena Montesinos et Nicolas Wagni\u00e8res. Le Ford Prize a \u00e9t\u00e9 pr\u00e9sent\u00e9 sur [&hellip;]\" \/>\n<meta property=\"og:url\" content=\"https:\/\/themontesinosfoundation.org\/forde\/home\/2012-2014\/forde-prize-winner\/\" \/>\n<meta property=\"og:site_name\" content=\"FORDE\" \/>\n<meta property=\"article:modified_time\" content=\"2018-01-06T15:18:38+00:00\" \/>\n<meta property=\"og:image\" content=\"https:\/\/themontesinosfoundation.org\/forde\/wp-content\/uploads\/2018\/01\/PierreBELOUIN.jpg\" \/>\n\t<meta property=\"og:image:width\" content=\"750\" \/>\n\t<meta property=\"og:image:height\" content=\"500\" \/>\n\t<meta property=\"og:image:type\" content=\"image\/jpeg\" \/>\n<meta name=\"twitter:card\" content=\"summary_large_image\" \/>\n<meta name=\"twitter:label1\" content=\"Dur\u00e9e de lecture estim\u00e9e\" \/>\n\t<meta name=\"twitter:data1\" content=\"1 minute\" \/>\n<script type=\"application\/ld+json\" class=\"yoast-schema-graph\">{\"@context\":\"https:\\\/\\\/schema.org\",\"@graph\":[{\"@type\":\"WebPage\",\"@id\":\"https:\\\/\\\/themontesinosfoundation.org\\\/forde\\\/home\\\/2012-2014\\\/forde-prize-winner\\\/\",\"url\":\"https:\\\/\\\/themontesinosfoundation.org\\\/forde\\\/home\\\/2012-2014\\\/forde-prize-winner\\\/\",\"name\":\"FORDE PRIZE WINNER - FORDE\",\"isPartOf\":{\"@id\":\"https:\\\/\\\/themontesinosfoundation.org\\\/forde\\\/#website\"},\"primaryImageOfPage\":{\"@id\":\"https:\\\/\\\/themontesinosfoundation.org\\\/forde\\\/home\\\/2012-2014\\\/forde-prize-winner\\\/#primaryimage\"},\"image\":{\"@id\":\"https:\\\/\\\/themontesinosfoundation.org\\\/forde\\\/home\\\/2012-2014\\\/forde-prize-winner\\\/#primaryimage\"},\"thumbnailUrl\":\"https:\\\/\\\/themontesinosfoundation.org\\\/forde\\\/wp-content\\\/uploads\\\/2018\\\/01\\\/PierreBELOUIN-450x300.jpg\",\"datePublished\":\"2013-06-01T18:10:31+00:00\",\"dateModified\":\"2018-01-06T15:18:38+00:00\",\"breadcrumb\":{\"@id\":\"https:\\\/\\\/themontesinosfoundation.org\\\/forde\\\/home\\\/2012-2014\\\/forde-prize-winner\\\/#breadcrumb\"},\"inLanguage\":\"fr-FR\",\"potentialAction\":[{\"@type\":\"ReadAction\",\"target\":[\"https:\\\/\\\/themontesinosfoundation.org\\\/forde\\\/home\\\/2012-2014\\\/forde-prize-winner\\\/\"]}]},{\"@type\":\"ImageObject\",\"inLanguage\":\"fr-FR\",\"@id\":\"https:\\\/\\\/themontesinosfoundation.org\\\/forde\\\/home\\\/2012-2014\\\/forde-prize-winner\\\/#primaryimage\",\"url\":\"https:\\\/\\\/themontesinosfoundation.org\\\/forde\\\/wp-content\\\/uploads\\\/2018\\\/01\\\/PierreBELOUIN.jpg\",\"contentUrl\":\"https:\\\/\\\/themontesinosfoundation.org\\\/forde\\\/wp-content\\\/uploads\\\/2018\\\/01\\\/PierreBELOUIN.jpg\",\"width\":750,\"height\":500},{\"@type\":\"BreadcrumbList\",\"@id\":\"https:\\\/\\\/themontesinosfoundation.org\\\/forde\\\/home\\\/2012-2014\\\/forde-prize-winner\\\/#breadcrumb\",\"itemListElement\":[{\"@type\":\"ListItem\",\"position\":1,\"name\":\"Accueil\",\"item\":\"https:\\\/\\\/themontesinosfoundation.org\\\/forde\\\/\"},{\"@type\":\"ListItem\",\"position\":2,\"name\":\"FORDE 2012 \u2013 2014\",\"item\":\"https:\\\/\\\/themontesinosfoundation.org\\\/forde\\\/home\\\/\"},{\"@type\":\"ListItem\",\"position\":3,\"name\":\"2012 &#8211; 2014\",\"item\":\"https:\\\/\\\/themontesinosfoundation.org\\\/forde\\\/home\\\/2012-2014\\\/\"},{\"@type\":\"ListItem\",\"position\":4,\"name\":\"FORDE PRIZE WINNER\"}]},{\"@type\":\"WebSite\",\"@id\":\"https:\\\/\\\/themontesinosfoundation.org\\\/forde\\\/#website\",\"url\":\"https:\\\/\\\/themontesinosfoundation.org\\\/forde\\\/\",\"name\":\"FORDE\",\"description\":\"2012-2014\",\"publisher\":{\"@id\":\"https:\\\/\\\/themontesinosfoundation.org\\\/forde\\\/#organization\"},\"potentialAction\":[{\"@type\":\"SearchAction\",\"target\":{\"@type\":\"EntryPoint\",\"urlTemplate\":\"https:\\\/\\\/themontesinosfoundation.org\\\/forde\\\/?s={search_term_string}\"},\"query-input\":{\"@type\":\"PropertyValueSpecification\",\"valueRequired\":true,\"valueName\":\"search_term_string\"}}],\"inLanguage\":\"fr-FR\"},{\"@type\":\"Organization\",\"@id\":\"https:\\\/\\\/themontesinosfoundation.org\\\/forde\\\/#organization\",\"name\":\"FORDE\",\"url\":\"https:\\\/\\\/themontesinosfoundation.org\\\/forde\\\/\",\"logo\":{\"@type\":\"ImageObject\",\"inLanguage\":\"fr-FR\",\"@id\":\"https:\\\/\\\/themontesinosfoundation.org\\\/forde\\\/#\\\/schema\\\/logo\\\/image\\\/\",\"url\":\"https:\\\/\\\/themontesinosfoundation.org\\\/forde\\\/wp-content\\\/uploads\\\/2014\\\/07\\\/logo-forde.png\",\"contentUrl\":\"https:\\\/\\\/themontesinosfoundation.org\\\/forde\\\/wp-content\\\/uploads\\\/2014\\\/07\\\/logo-forde.png\",\"width\":735,\"height\":734,\"caption\":\"FORDE\"},\"image\":{\"@id\":\"https:\\\/\\\/themontesinosfoundation.org\\\/forde\\\/#\\\/schema\\\/logo\\\/image\\\/\"}}]}<\/script>\n<!-- \/ Yoast SEO plugin. -->","yoast_head_json":{"title":"FORDE PRIZE WINNER - FORDE","robots":{"index":"index","follow":"follow","max-snippet":"max-snippet:-1","max-image-preview":"max-image-preview:large","max-video-preview":"max-video-preview:-1"},"canonical":"https:\/\/themontesinosfoundation.org\/forde\/home\/2012-2014\/forde-prize-winner\/","og_locale":"fr_FR","og_type":"article","og_title":"FORDE PRIZE WINNER - FORDE","og_description":"&nbsp; Bas-Relief &#8211;\u00a0Pierre Belo\u00fcin,\u00a02013 &nbsp; Grillage industriel triple torsion, canettes de bi\u00e8re vides, dimensions variables Vues de l\u2019exposition dans le cadre du Forde Prize 2013, L\u2019Usine, Gen\u00e8ve Commissariat Elena Montesinos, Nicolas Wagni\u00e8res. &nbsp; Laur\u00e9at du Forde Prize 2013, initi\u00e9 par les commissaires d&rsquo;exposition Elena Montesinos et Nicolas Wagni\u00e8res. Le Ford Prize a \u00e9t\u00e9 pr\u00e9sent\u00e9 sur [&hellip;]","og_url":"https:\/\/themontesinosfoundation.org\/forde\/home\/2012-2014\/forde-prize-winner\/","og_site_name":"FORDE","article_modified_time":"2018-01-06T15:18:38+00:00","og_image":[{"width":750,"height":500,"url":"https:\/\/themontesinosfoundation.org\/forde\/wp-content\/uploads\/2018\/01\/PierreBELOUIN.jpg","type":"image\/jpeg"}],"twitter_card":"summary_large_image","twitter_misc":{"Dur\u00e9e de lecture estim\u00e9e":"1 minute"},"schema":{"@context":"https:\/\/schema.org","@graph":[{"@type":"WebPage","@id":"https:\/\/themontesinosfoundation.org\/forde\/home\/2012-2014\/forde-prize-winner\/","url":"https:\/\/themontesinosfoundation.org\/forde\/home\/2012-2014\/forde-prize-winner\/","name":"FORDE PRIZE WINNER - FORDE","isPartOf":{"@id":"https:\/\/themontesinosfoundation.org\/forde\/#website"},"primaryImageOfPage":{"@id":"https:\/\/themontesinosfoundation.org\/forde\/home\/2012-2014\/forde-prize-winner\/#primaryimage"},"image":{"@id":"https:\/\/themontesinosfoundation.org\/forde\/home\/2012-2014\/forde-prize-winner\/#primaryimage"},"thumbnailUrl":"https:\/\/themontesinosfoundation.org\/forde\/wp-content\/uploads\/2018\/01\/PierreBELOUIN-450x300.jpg","datePublished":"2013-06-01T18:10:31+00:00","dateModified":"2018-01-06T15:18:38+00:00","breadcrumb":{"@id":"https:\/\/themontesinosfoundation.org\/forde\/home\/2012-2014\/forde-prize-winner\/#breadcrumb"},"inLanguage":"fr-FR","potentialAction":[{"@type":"ReadAction","target":["https:\/\/themontesinosfoundation.org\/forde\/home\/2012-2014\/forde-prize-winner\/"]}]},{"@type":"ImageObject","inLanguage":"fr-FR","@id":"https:\/\/themontesinosfoundation.org\/forde\/home\/2012-2014\/forde-prize-winner\/#primaryimage","url":"https:\/\/themontesinosfoundation.org\/forde\/wp-content\/uploads\/2018\/01\/PierreBELOUIN.jpg","contentUrl":"https:\/\/themontesinosfoundation.org\/forde\/wp-content\/uploads\/2018\/01\/PierreBELOUIN.jpg","width":750,"height":500},{"@type":"BreadcrumbList","@id":"https:\/\/themontesinosfoundation.org\/forde\/home\/2012-2014\/forde-prize-winner\/#breadcrumb","itemListElement":[{"@type":"ListItem","position":1,"name":"Accueil","item":"https:\/\/themontesinosfoundation.org\/forde\/"},{"@type":"ListItem","position":2,"name":"FORDE 2012 \u2013 2014","item":"https:\/\/themontesinosfoundation.org\/forde\/home\/"},{"@type":"ListItem","position":3,"name":"2012 &#8211; 2014","item":"https:\/\/themontesinosfoundation.org\/forde\/home\/2012-2014\/"},{"@type":"ListItem","position":4,"name":"FORDE PRIZE WINNER"}]},{"@type":"WebSite","@id":"https:\/\/themontesinosfoundation.org\/forde\/#website","url":"https:\/\/themontesinosfoundation.org\/forde\/","name":"FORDE","description":"2012-2014","publisher":{"@id":"https:\/\/themontesinosfoundation.org\/forde\/#organization"},"potentialAction":[{"@type":"SearchAction","target":{"@type":"EntryPoint","urlTemplate":"https:\/\/themontesinosfoundation.org\/forde\/?s={search_term_string}"},"query-input":{"@type":"PropertyValueSpecification","valueRequired":true,"valueName":"search_term_string"}}],"inLanguage":"fr-FR"},{"@type":"Organization","@id":"https:\/\/themontesinosfoundation.org\/forde\/#organization","name":"FORDE","url":"https:\/\/themontesinosfoundation.org\/forde\/","logo":{"@type":"ImageObject","inLanguage":"fr-FR","@id":"https:\/\/themontesinosfoundation.org\/forde\/#\/schema\/logo\/image\/","url":"https:\/\/themontesinosfoundation.org\/forde\/wp-content\/uploads\/2014\/07\/logo-forde.png","contentUrl":"https:\/\/themontesinosfoundation.org\/forde\/wp-content\/uploads\/2014\/07\/logo-forde.png","width":735,"height":734,"caption":"FORDE"},"image":{"@id":"https:\/\/themontesinosfoundation.org\/forde\/#\/schema\/logo\/image\/"}}]}},"_links":{"self":[{"href":"https:\/\/themontesinosfoundation.org\/forde\/wp-json\/wp\/v2\/pages\/330","targetHints":{"allow":["GET"]}}],"collection":[{"href":"https:\/\/themontesinosfoundation.org\/forde\/wp-json\/wp\/v2\/pages"}],"about":[{"href":"https:\/\/themontesinosfoundation.org\/forde\/wp-json\/wp\/v2\/types\/page"}],"author":[{"embeddable":true,"href":"https:\/\/themontesinosfoundation.org\/forde\/wp-json\/wp\/v2\/users\/2"}],"replies":[{"embeddable":true,"href":"https:\/\/themontesinosfoundation.org\/forde\/wp-json\/wp\/v2\/comments?post=330"}],"version-history":[{"count":18,"href":"https:\/\/themontesinosfoundation.org\/forde\/wp-json\/wp\/v2\/pages\/330\/revisions"}],"predecessor-version":[{"id":2308,"href":"https:\/\/themontesinosfoundation.org\/forde\/wp-json\/wp\/v2\/pages\/330\/revisions\/2308"}],"up":[{"embeddable":true,"href":"https:\/\/themontesinosfoundation.org\/forde\/wp-json\/wp\/v2\/pages\/313"}],"wp:attachment":[{"href":"https:\/\/themontesinosfoundation.org\/forde\/wp-json\/wp\/v2\/media?parent=330"}],"curies":[{"name":"wp","href":"https:\/\/api.w.org\/{rel}","templated":true}]}}