{"id":301,"date":"2013-07-24T16:27:56","date_gmt":"2013-07-24T15:27:56","guid":{"rendered":"http:\/\/www.forde.ch\/?page_id=301"},"modified":"2021-02-27T01:17:06","modified_gmt":"2021-02-27T00:17:06","slug":"home","status":"publish","type":"page","link":"https:\/\/themontesinosfoundation.org\/forde\/home\/","title":{"rendered":"FORDE 2012 \u2013 2014"},"content":{"rendered":"<p><strong>FORDE<\/strong> est un espace d\u2019art contemporain fond\u00e9 \u00e0 Gen\u00e8ve en septembre 1994.<\/p>\n<p>Tous les deux ans, le comit\u00e9 de Forde s\u00e9lectionne une nouvelle \u00e9quipe de direction.<\/p>\n<p>Forde re\u00e7oit l\u2019aide financi\u00e8re de la Ville de Gen\u00e8ve.<\/p>\n<p>&nbsp;<\/p>\n<p><strong>FORDE<\/strong> is an art-space founded in Geneva in September 1994.<\/p>\n<p>Every two years, FORDE\u2019s committee selects a new directing team.<\/p>\n<p>Forde is endorsed by the City of Geneva Council.<strong><br \/>\n<\/strong><\/p>\n<p>&nbsp;<\/p>\n<p><strong>LIST OF TEAMS:<br \/>\n<\/strong>2020 \u2013 2022 : Varun Kumar, Tristan Lavoyer, Gina Proenza<br \/>\n2018 \u2013 2020 : Roxane\u00a0Bovet\u00a0&amp;\u00a0Yoan\u00a0Mudry<br \/>\n2016 \u2013 2018\u00a0: Nicolas Brulhart &amp; Sylvain Men\u00e9trey<br \/>\n2014 \u2013 2016\u00a0: Maud Constantin, Tatiana Rihs &amp; Ramaya Tegegne<br \/>\n<a href=\"https:\/\/themontesinosfoundation.org\/forde\/archives-2\/\"><strong>2012 \u2013 2014 : Elena Montesinos &amp; Nicolas Wagni\u00e8res<\/strong><\/a><br \/>\n2010 \u2013 2012 : Tiphanie Blanc, Vincent Normand &amp; Guillaume Pilet<br \/>\n2008 \u2013 2010 : Madeleine Amsler &amp; V\u00e9ronique Yersin<br \/>\n2006 \u2013 2008 : Aur\u00e9lien Gamboni &amp; Kim Seop Boninsegni<br \/>\n2004 \u2013 2006 : Julien Fronsacq<br \/>\n2002 \u2013 2004 : Donatella Bernardi, \u00a0Cicero Egli &amp; Daniel Ruggiero<br \/>\n2001 \u2013 2002 : Dominic Chennell<br \/>\n1999 \u2013 2000 : Mai-Thu Perret &amp; Fabrice Stroun<br \/>\n1998 \u2013 1999 : KLAT<br \/>\n1995 \u2013 1997 : Lionel Bovier, Christophe Ch\u00e9rix &amp; Emmanuel Greandjean<br \/>\n1994 \u2013 1995 : Alexandre Bianchini, Fabrice Gygi &amp; Nicolas Rieben<\/p>\n<p>&nbsp;<\/p>\n<p>Espace Forde<br \/>\nPlace des Volontaires 4<br \/>\n1204 Gen\u00e8ve<br \/>\n<a href=\"http:\/\/www.forde.ch\/\" target=\"_blank\" rel=\"noopener\">www.forde.ch<\/a><\/p>\n","protected":false},"excerpt":{"rendered":"<p>FORDE est un espace d\u2019art contemporain fond\u00e9 \u00e0 Gen\u00e8ve en septembre 1994. Tous les deux ans, le comit\u00e9 de Forde s\u00e9lectionne une nouvelle \u00e9quipe de direction. Forde re\u00e7oit l\u2019aide financi\u00e8re de la Ville de Gen\u00e8ve. &nbsp; FORDE is an art-space founded in Geneva in September 1994. Every two years, FORDE\u2019s committee selects a new directing [&hellip;]<\/p>\n","protected":false},"author":2,"featured_media":0,"parent":0,"menu_order":3,"comment_status":"closed","ping_status":"closed","template":"current.php","meta":{"footnotes":""},"class_list":["post-301","page","type-page","status-publish","hentry"],"yoast_head":"<!-- This site is optimized with the Yoast SEO plugin v27.4 - https:\/\/yoast.com\/product\/yoast-seo-wordpress\/ -->\n<title>FORDE 2012 \u2013 2014 - FORDE<\/title>\n<meta name=\"robots\" content=\"index, follow, max-snippet:-1, max-image-preview:large, max-video-preview:-1\" \/>\n<link rel=\"canonical\" href=\"https:\/\/themontesinosfoundation.org\/forde\/home\/\" \/>\n<meta property=\"og:locale\" content=\"fr_FR\" \/>\n<meta property=\"og:type\" content=\"article\" \/>\n<meta property=\"og:title\" content=\"FORDE 2012 \u2013 2014 - FORDE\" \/>\n<meta property=\"og:description\" content=\"FORDE est un espace d\u2019art contemporain fond\u00e9 \u00e0 Gen\u00e8ve en septembre 1994. Tous les deux ans, le comit\u00e9 de Forde s\u00e9lectionne une nouvelle \u00e9quipe de direction. Forde re\u00e7oit l\u2019aide financi\u00e8re de la Ville de Gen\u00e8ve. &nbsp; FORDE is an art-space founded in Geneva in September 1994. Every two years, FORDE\u2019s committee selects a new directing [&hellip;]\" \/>\n<meta property=\"og:url\" content=\"https:\/\/themontesinosfoundation.org\/forde\/home\/\" \/>\n<meta property=\"og:site_name\" content=\"FORDE\" \/>\n<meta property=\"article:modified_time\" content=\"2021-02-27T00:17:06+00:00\" \/>\n<meta property=\"og:image\" content=\"https:\/\/themontesinosfoundation.org\/forde\/wp-content\/uploads\/2014\/07\/logo-forde.png\" \/>\n\t<meta property=\"og:image:width\" content=\"735\" \/>\n\t<meta property=\"og:image:height\" content=\"734\" \/>\n\t<meta property=\"og:image:type\" content=\"image\/png\" \/>\n<meta name=\"twitter:card\" content=\"summary_large_image\" \/>\n<meta name=\"twitter:label1\" content=\"Dur\u00e9e de lecture estim\u00e9e\" \/>\n\t<meta name=\"twitter:data1\" content=\"1 minute\" \/>\n<script type=\"application\/ld+json\" class=\"yoast-schema-graph\">{\"@context\":\"https:\\\/\\\/schema.org\",\"@graph\":[{\"@type\":\"WebPage\",\"@id\":\"https:\\\/\\\/themontesinosfoundation.org\\\/forde\\\/home\\\/\",\"url\":\"https:\\\/\\\/themontesinosfoundation.org\\\/forde\\\/home\\\/\",\"name\":\"FORDE 2012 \u2013 2014 - FORDE\",\"isPartOf\":{\"@id\":\"https:\\\/\\\/themontesinosfoundation.org\\\/forde\\\/#website\"},\"datePublished\":\"2013-07-24T15:27:56+00:00\",\"dateModified\":\"2021-02-27T00:17:06+00:00\",\"breadcrumb\":{\"@id\":\"https:\\\/\\\/themontesinosfoundation.org\\\/forde\\\/home\\\/#breadcrumb\"},\"inLanguage\":\"fr-FR\",\"potentialAction\":[{\"@type\":\"ReadAction\",\"target\":[\"https:\\\/\\\/themontesinosfoundation.org\\\/forde\\\/home\\\/\"]}]},{\"@type\":\"BreadcrumbList\",\"@id\":\"https:\\\/\\\/themontesinosfoundation.org\\\/forde\\\/home\\\/#breadcrumb\",\"itemListElement\":[{\"@type\":\"ListItem\",\"position\":1,\"name\":\"Accueil\",\"item\":\"https:\\\/\\\/themontesinosfoundation.org\\\/forde\\\/\"},{\"@type\":\"ListItem\",\"position\":2,\"name\":\"FORDE 2012 \u2013 2014\"}]},{\"@type\":\"WebSite\",\"@id\":\"https:\\\/\\\/themontesinosfoundation.org\\\/forde\\\/#website\",\"url\":\"https:\\\/\\\/themontesinosfoundation.org\\\/forde\\\/\",\"name\":\"FORDE\",\"description\":\"2012-2014\",\"publisher\":{\"@id\":\"https:\\\/\\\/themontesinosfoundation.org\\\/forde\\\/#organization\"},\"potentialAction\":[{\"@type\":\"SearchAction\",\"target\":{\"@type\":\"EntryPoint\",\"urlTemplate\":\"https:\\\/\\\/themontesinosfoundation.org\\\/forde\\\/?s={search_term_string}\"},\"query-input\":{\"@type\":\"PropertyValueSpecification\",\"valueRequired\":true,\"valueName\":\"search_term_string\"}}],\"inLanguage\":\"fr-FR\"},{\"@type\":\"Organization\",\"@id\":\"https:\\\/\\\/themontesinosfoundation.org\\\/forde\\\/#organization\",\"name\":\"FORDE\",\"url\":\"https:\\\/\\\/themontesinosfoundation.org\\\/forde\\\/\",\"logo\":{\"@type\":\"ImageObject\",\"inLanguage\":\"fr-FR\",\"@id\":\"https:\\\/\\\/themontesinosfoundation.org\\\/forde\\\/#\\\/schema\\\/logo\\\/image\\\/\",\"url\":\"https:\\\/\\\/themontesinosfoundation.org\\\/forde\\\/wp-content\\\/uploads\\\/2014\\\/07\\\/logo-forde.png\",\"contentUrl\":\"https:\\\/\\\/themontesinosfoundation.org\\\/forde\\\/wp-content\\\/uploads\\\/2014\\\/07\\\/logo-forde.png\",\"width\":735,\"height\":734,\"caption\":\"FORDE\"},\"image\":{\"@id\":\"https:\\\/\\\/themontesinosfoundation.org\\\/forde\\\/#\\\/schema\\\/logo\\\/image\\\/\"}}]}<\/script>\n<!-- \/ Yoast SEO plugin. -->","yoast_head_json":{"title":"FORDE 2012 \u2013 2014 - FORDE","robots":{"index":"index","follow":"follow","max-snippet":"max-snippet:-1","max-image-preview":"max-image-preview:large","max-video-preview":"max-video-preview:-1"},"canonical":"https:\/\/themontesinosfoundation.org\/forde\/home\/","og_locale":"fr_FR","og_type":"article","og_title":"FORDE 2012 \u2013 2014 - FORDE","og_description":"FORDE est un espace d\u2019art contemporain fond\u00e9 \u00e0 Gen\u00e8ve en septembre 1994. Tous les deux ans, le comit\u00e9 de Forde s\u00e9lectionne une nouvelle \u00e9quipe de direction. Forde re\u00e7oit l\u2019aide financi\u00e8re de la Ville de Gen\u00e8ve. &nbsp; FORDE is an art-space founded in Geneva in September 1994. Every two years, FORDE\u2019s committee selects a new directing [&hellip;]","og_url":"https:\/\/themontesinosfoundation.org\/forde\/home\/","og_site_name":"FORDE","article_modified_time":"2021-02-27T00:17:06+00:00","og_image":[{"width":735,"height":734,"url":"https:\/\/themontesinosfoundation.org\/forde\/wp-content\/uploads\/2014\/07\/logo-forde.png","type":"image\/png"}],"twitter_card":"summary_large_image","twitter_misc":{"Dur\u00e9e de lecture estim\u00e9e":"1 minute"},"schema":{"@context":"https:\/\/schema.org","@graph":[{"@type":"WebPage","@id":"https:\/\/themontesinosfoundation.org\/forde\/home\/","url":"https:\/\/themontesinosfoundation.org\/forde\/home\/","name":"FORDE 2012 \u2013 2014 - FORDE","isPartOf":{"@id":"https:\/\/themontesinosfoundation.org\/forde\/#website"},"datePublished":"2013-07-24T15:27:56+00:00","dateModified":"2021-02-27T00:17:06+00:00","breadcrumb":{"@id":"https:\/\/themontesinosfoundation.org\/forde\/home\/#breadcrumb"},"inLanguage":"fr-FR","potentialAction":[{"@type":"ReadAction","target":["https:\/\/themontesinosfoundation.org\/forde\/home\/"]}]},{"@type":"BreadcrumbList","@id":"https:\/\/themontesinosfoundation.org\/forde\/home\/#breadcrumb","itemListElement":[{"@type":"ListItem","position":1,"name":"Accueil","item":"https:\/\/themontesinosfoundation.org\/forde\/"},{"@type":"ListItem","position":2,"name":"FORDE 2012 \u2013 2014"}]},{"@type":"WebSite","@id":"https:\/\/themontesinosfoundation.org\/forde\/#website","url":"https:\/\/themontesinosfoundation.org\/forde\/","name":"FORDE","description":"2012-2014","publisher":{"@id":"https:\/\/themontesinosfoundation.org\/forde\/#organization"},"potentialAction":[{"@type":"SearchAction","target":{"@type":"EntryPoint","urlTemplate":"https:\/\/themontesinosfoundation.org\/forde\/?s={search_term_string}"},"query-input":{"@type":"PropertyValueSpecification","valueRequired":true,"valueName":"search_term_string"}}],"inLanguage":"fr-FR"},{"@type":"Organization","@id":"https:\/\/themontesinosfoundation.org\/forde\/#organization","name":"FORDE","url":"https:\/\/themontesinosfoundation.org\/forde\/","logo":{"@type":"ImageObject","inLanguage":"fr-FR","@id":"https:\/\/themontesinosfoundation.org\/forde\/#\/schema\/logo\/image\/","url":"https:\/\/themontesinosfoundation.org\/forde\/wp-content\/uploads\/2014\/07\/logo-forde.png","contentUrl":"https:\/\/themontesinosfoundation.org\/forde\/wp-content\/uploads\/2014\/07\/logo-forde.png","width":735,"height":734,"caption":"FORDE"},"image":{"@id":"https:\/\/themontesinosfoundation.org\/forde\/#\/schema\/logo\/image\/"}}]}},"_links":{"self":[{"href":"https:\/\/themontesinosfoundation.org\/forde\/wp-json\/wp\/v2\/pages\/301","targetHints":{"allow":["GET"]}}],"collection":[{"href":"https:\/\/themontesinosfoundation.org\/forde\/wp-json\/wp\/v2\/pages"}],"about":[{"href":"https:\/\/themontesinosfoundation.org\/forde\/wp-json\/wp\/v2\/types\/page"}],"author":[{"embeddable":true,"href":"https:\/\/themontesinosfoundation.org\/forde\/wp-json\/wp\/v2\/users\/2"}],"replies":[{"embeddable":true,"href":"https:\/\/themontesinosfoundation.org\/forde\/wp-json\/wp\/v2\/comments?post=301"}],"version-history":[{"count":7,"href":"https:\/\/themontesinosfoundation.org\/forde\/wp-json\/wp\/v2\/pages\/301\/revisions"}],"predecessor-version":[{"id":2569,"href":"https:\/\/themontesinosfoundation.org\/forde\/wp-json\/wp\/v2\/pages\/301\/revisions\/2569"}],"wp:attachment":[{"href":"https:\/\/themontesinosfoundation.org\/forde\/wp-json\/wp\/v2\/media?parent=301"}],"curies":[{"name":"wp","href":"https:\/\/api.w.org\/{rel}","templated":true}]}}