{"id":1999,"date":"2014-09-30T01:40:55","date_gmt":"2014-09-30T00:40:55","guid":{"rendered":"https:\/\/themontesinosfoundation.org\/forde\/?page_id=1999"},"modified":"2020-01-05T17:45:05","modified_gmt":"2020-01-05T16:45:05","slug":"we-trust","status":"publish","type":"page","link":"https:\/\/themontesinosfoundation.org\/forde\/archives-2\/2012-2014\/we-trust\/","title":{"rendered":"WE TRUST"},"content":{"rendered":"<h3 style=\"text-align: left;\"><strong>Apr\u00e8s deux ann\u00e9es \u00e0 programmer la Galerie Forde, Elena Montesinos &amp; Nicolas Wagni\u00e8res\u00a0s&rsquo;appr\u00eatent \u00e0 passer les r\u00eanes du lieu en 2014.\u00a0<\/strong><\/h3>\n<p>&nbsp;<\/p>\n<p>Le team FORDE 2012-2014 organise le dernier \u00e9v\u00e9nement de son mandat, arm\u00e9 d\u2019un regard alternatif et vrill\u00e9 sur l\u2019\u00e2pre th\u00e9matique de l\u2019argent teint\u00e9 de conspiration \u2013un \u00e9v\u00e9nement d\u2019ailleurs r\u00e9alis\u00e9 sans un sou- avant de passer le t\u00e9moin \u00e0 l&rsquo;\u00e9quipe suivante.<\/p>\n<p>&nbsp;<\/p>\n<p>\u2018\u2019WE TRUST\u2019\u2019 se d\u00e9roulera le mardi 17 juin 2014 entre 18h et 23h \u00e0 FORDE pour la pr\u00e9sentation du fanzine \u2018\u2019WE TRUST\u2019\u2019, ainsi qu&rsquo;au <a href=\"http:\/\/www.spoutnik.info\/\" target=\"_blank\" rel=\"noopener noreferrer\">SPOUTNIK<\/a>\u00a0pour la projection de courts-m\u00e9trages politiquement incorrects entre 18h et 21h.<\/p>\n<p>&nbsp;<\/p>\n<p>Des performances auront lieu entre 20h et 21h \u00e0 FORDE et dans la rue de la Coulouvreni\u00e8re:<\/p>\n<p>&nbsp;<\/p>\n<p><strong>Money Money Money \/ Mimmo Rubino <a class=\"profileLink\" href=\"http:\/\/rubinetto.blogspot.ch\/2015\/02\/we-trust-reportage-from-forde-gallery.html\" target=\"_blank\" rel=\"noopener noreferrer\" data-hovercard=\"\/ajax\/hovercard\/page.php?id=385350634986963&amp;extragetparams=%7B%22fref%22%3A%22mentions%22%7D\" data-hovercard-prefer-more-content-show=\"1\">Rub Kandy<\/a>,<\/strong><\/p>\n<p><strong>+<\/strong><\/p>\n<p><strong>WE TRUST Handprinted Flag 2,5&#215;2,5m<\/strong><\/p>\n<p><strong>+ <\/strong><\/p>\n<p><strong>Paint on wall\u00a0<\/strong><b>2,5&#215;2,5 m<\/b><\/p>\n<p><b>+<\/b><\/p>\n<p><b>Special Guest old-school intervention by<\/b><strong><span class=\"text_exposed_show\">\u00a0<a class=\"_58cn\" href=\"https:\/\/www.facebook.com\/hashtag\/giannimotti?source=feed_text&amp;story_id=791203594401663\" target=\"_blank\" rel=\"noopener noreferrer\" data-ft=\"{&quot;tn&quot;:&quot;*N&quot;,&quot;type&quot;:104}\"><span class=\"_5afx\"><span class=\"_58cl _5afz\" aria-label=\"hashtag\">#<\/span><span class=\"_58cm\">GianniMotti<\/span><\/span><\/a> (invisible ink)<\/span><\/strong><\/p>\n<p>+<\/p>\n<p><strong>DJ SHLOMO BLASTER<\/strong> se chargera de vous apprendre les bonnes mani\u00e8res entre 18h et 23h \u00e0 FORDE.<\/p>\n<h3 style=\"text-align: center;\"><\/h3>\n<p>&nbsp;<\/p>\n<p><a href=\"http:\/\/rubinetto.blogspot.ch\/2015\/02\/we-trust-reportage-from-forde-gallery.html\" target=\"_blank\" rel=\"noopener noreferrer\"><img loading=\"lazy\" decoding=\"async\" class=\"alignnone wp-image-2283\" src=\"https:\/\/themontesinosfoundation.org\/forde\/wp-content\/uploads\/2018\/01\/wetrust-512x600.jpg\" alt=\"\" width=\"600\" height=\"703\" srcset=\"https:\/\/themontesinosfoundation.org\/forde\/wp-content\/uploads\/2018\/01\/wetrust-512x600.jpg 512w, https:\/\/themontesinosfoundation.org\/forde\/wp-content\/uploads\/2018\/01\/wetrust-256x300.jpg 256w, https:\/\/themontesinosfoundation.org\/forde\/wp-content\/uploads\/2018\/01\/wetrust-450x527.jpg 450w, https:\/\/themontesinosfoundation.org\/forde\/wp-content\/uploads\/2018\/01\/wetrust.jpg 600w\" sizes=\"auto, (max-width: 600px) 100vw, 600px\" \/><\/a><\/p>\n<p>&nbsp;<\/p>\n<p><a href=\"http:\/\/rubinetto.blogspot.ch\/2015\/02\/we-trust-reportage-from-forde-gallery.html\" target=\"_blank\" rel=\"noopener noreferrer\"><img loading=\"lazy\" decoding=\"async\" class=\"alignnone wp-image-2284\" src=\"https:\/\/themontesinosfoundation.org\/forde\/wp-content\/uploads\/2018\/01\/wetrust1.jpg\" alt=\"\" width=\"600\" height=\"450\" srcset=\"https:\/\/themontesinosfoundation.org\/forde\/wp-content\/uploads\/2018\/01\/wetrust1.jpg 640w, https:\/\/themontesinosfoundation.org\/forde\/wp-content\/uploads\/2018\/01\/wetrust1-400x300.jpg 400w, https:\/\/themontesinosfoundation.org\/forde\/wp-content\/uploads\/2018\/01\/wetrust1-450x338.jpg 450w\" sizes=\"auto, (max-width: 600px) 100vw, 600px\" \/><\/a><\/p>\n<p>&nbsp;<\/p>\n<p><a href=\"http:\/\/rubinetto.blogspot.ch\/2015\/02\/we-trust-reportage-from-forde-gallery.html\" target=\"_blank\" rel=\"noopener noreferrer\"><img loading=\"lazy\" decoding=\"async\" class=\"alignnone wp-image-2285\" src=\"https:\/\/themontesinosfoundation.org\/forde\/wp-content\/uploads\/2018\/01\/wetrust2.jpg\" alt=\"\" width=\"600\" height=\"493\" srcset=\"https:\/\/themontesinosfoundation.org\/forde\/wp-content\/uploads\/2018\/01\/wetrust2.jpg 640w, https:\/\/themontesinosfoundation.org\/forde\/wp-content\/uploads\/2018\/01\/wetrust2-365x300.jpg 365w, https:\/\/themontesinosfoundation.org\/forde\/wp-content\/uploads\/2018\/01\/wetrust2-450x370.jpg 450w\" sizes=\"auto, (max-width: 600px) 100vw, 600px\" \/><\/a><\/p>\n<p>&nbsp;<\/p>\n<p>&nbsp;<\/p>\n<h3 style=\"text-align: center;\"><a href=\"http:\/\/rubinetto.blogspot.ch\/2013\/11\/we-trust.html\" target=\"_blank\" rel=\"noopener noreferrer\">See more : WE TRUST in New-York by Rub Kandy<\/a><\/h3>\n","protected":false},"excerpt":{"rendered":"<p>Apr\u00e8s deux ann\u00e9es \u00e0 programmer la Galerie Forde, Elena Montesinos &amp; Nicolas Wagni\u00e8res\u00a0s&rsquo;appr\u00eatent \u00e0 passer les r\u00eanes du lieu en 2014.\u00a0 &nbsp; Le team FORDE 2012-2014 organise le dernier \u00e9v\u00e9nement de son mandat, arm\u00e9 d\u2019un regard alternatif et vrill\u00e9 sur l\u2019\u00e2pre th\u00e9matique de l\u2019argent teint\u00e9 de conspiration \u2013un \u00e9v\u00e9nement d\u2019ailleurs r\u00e9alis\u00e9 sans un sou- avant [&hellip;]<\/p>\n","protected":false},"author":2,"featured_media":0,"parent":362,"menu_order":0,"comment_status":"closed","ping_status":"closed","template":"","meta":{"footnotes":""},"class_list":["post-1999","page","type-page","status-publish","hentry"],"yoast_head":"<!-- This site is optimized with the Yoast SEO plugin v27.3 - https:\/\/yoast.com\/product\/yoast-seo-wordpress\/ -->\n<title>WE TRUST - FORDE<\/title>\n<meta name=\"robots\" content=\"index, follow, max-snippet:-1, max-image-preview:large, max-video-preview:-1\" \/>\n<link rel=\"canonical\" href=\"https:\/\/themontesinosfoundation.org\/forde\/archives-2\/2012-2014\/we-trust\/\" \/>\n<meta property=\"og:locale\" content=\"fr_FR\" \/>\n<meta property=\"og:type\" content=\"article\" \/>\n<meta property=\"og:title\" content=\"WE TRUST - FORDE\" \/>\n<meta property=\"og:description\" content=\"Apr\u00e8s deux ann\u00e9es \u00e0 programmer la Galerie Forde, Elena Montesinos &amp; Nicolas Wagni\u00e8res\u00a0s&rsquo;appr\u00eatent \u00e0 passer les r\u00eanes du lieu en 2014.\u00a0 &nbsp; Le team FORDE 2012-2014 organise le dernier \u00e9v\u00e9nement de son mandat, arm\u00e9 d\u2019un regard alternatif et vrill\u00e9 sur l\u2019\u00e2pre th\u00e9matique de l\u2019argent teint\u00e9 de conspiration \u2013un \u00e9v\u00e9nement d\u2019ailleurs r\u00e9alis\u00e9 sans un sou- avant [&hellip;]\" \/>\n<meta property=\"og:url\" content=\"https:\/\/themontesinosfoundation.org\/forde\/archives-2\/2012-2014\/we-trust\/\" \/>\n<meta property=\"og:site_name\" content=\"FORDE\" \/>\n<meta property=\"article:modified_time\" content=\"2020-01-05T16:45:05+00:00\" \/>\n<meta property=\"og:image\" content=\"https:\/\/themontesinosfoundation.org\/forde\/wp-content\/uploads\/2018\/01\/wetrust.jpg\" \/>\n\t<meta property=\"og:image:width\" content=\"600\" \/>\n\t<meta property=\"og:image:height\" content=\"703\" \/>\n\t<meta property=\"og:image:type\" content=\"image\/jpeg\" \/>\n<meta name=\"twitter:card\" content=\"summary_large_image\" \/>\n<meta name=\"twitter:label1\" content=\"Dur\u00e9e de lecture estim\u00e9e\" \/>\n\t<meta name=\"twitter:data1\" content=\"1 minute\" \/>\n<script type=\"application\/ld+json\" class=\"yoast-schema-graph\">{\"@context\":\"https:\\\/\\\/schema.org\",\"@graph\":[{\"@type\":\"WebPage\",\"@id\":\"https:\\\/\\\/themontesinosfoundation.org\\\/forde\\\/archives-2\\\/2012-2014\\\/we-trust\\\/\",\"url\":\"https:\\\/\\\/themontesinosfoundation.org\\\/forde\\\/archives-2\\\/2012-2014\\\/we-trust\\\/\",\"name\":\"WE TRUST - FORDE\",\"isPartOf\":{\"@id\":\"https:\\\/\\\/themontesinosfoundation.org\\\/forde\\\/#website\"},\"primaryImageOfPage\":{\"@id\":\"https:\\\/\\\/themontesinosfoundation.org\\\/forde\\\/archives-2\\\/2012-2014\\\/we-trust\\\/#primaryimage\"},\"image\":{\"@id\":\"https:\\\/\\\/themontesinosfoundation.org\\\/forde\\\/archives-2\\\/2012-2014\\\/we-trust\\\/#primaryimage\"},\"thumbnailUrl\":\"https:\\\/\\\/themontesinosfoundation.org\\\/forde\\\/wp-content\\\/uploads\\\/2018\\\/01\\\/wetrust-512x600.jpg\",\"datePublished\":\"2014-09-30T00:40:55+00:00\",\"dateModified\":\"2020-01-05T16:45:05+00:00\",\"breadcrumb\":{\"@id\":\"https:\\\/\\\/themontesinosfoundation.org\\\/forde\\\/archives-2\\\/2012-2014\\\/we-trust\\\/#breadcrumb\"},\"inLanguage\":\"fr-FR\",\"potentialAction\":[{\"@type\":\"ReadAction\",\"target\":[\"https:\\\/\\\/themontesinosfoundation.org\\\/forde\\\/archives-2\\\/2012-2014\\\/we-trust\\\/\"]}]},{\"@type\":\"ImageObject\",\"inLanguage\":\"fr-FR\",\"@id\":\"https:\\\/\\\/themontesinosfoundation.org\\\/forde\\\/archives-2\\\/2012-2014\\\/we-trust\\\/#primaryimage\",\"url\":\"https:\\\/\\\/themontesinosfoundation.org\\\/forde\\\/wp-content\\\/uploads\\\/2018\\\/01\\\/wetrust.jpg\",\"contentUrl\":\"https:\\\/\\\/themontesinosfoundation.org\\\/forde\\\/wp-content\\\/uploads\\\/2018\\\/01\\\/wetrust.jpg\",\"width\":600,\"height\":703},{\"@type\":\"BreadcrumbList\",\"@id\":\"https:\\\/\\\/themontesinosfoundation.org\\\/forde\\\/archives-2\\\/2012-2014\\\/we-trust\\\/#breadcrumb\",\"itemListElement\":[{\"@type\":\"ListItem\",\"position\":1,\"name\":\"Accueil\",\"item\":\"https:\\\/\\\/themontesinosfoundation.org\\\/forde\\\/\"},{\"@type\":\"ListItem\",\"position\":2,\"name\":\"Archives\",\"item\":\"https:\\\/\\\/themontesinosfoundation.org\\\/forde\\\/archives-2\\\/\"},{\"@type\":\"ListItem\",\"position\":3,\"name\":\"2012 &#8211; 2014\",\"item\":\"https:\\\/\\\/themontesinosfoundation.org\\\/forde\\\/archives-2\\\/2012-2014\\\/\"},{\"@type\":\"ListItem\",\"position\":4,\"name\":\"WE TRUST\"}]},{\"@type\":\"WebSite\",\"@id\":\"https:\\\/\\\/themontesinosfoundation.org\\\/forde\\\/#website\",\"url\":\"https:\\\/\\\/themontesinosfoundation.org\\\/forde\\\/\",\"name\":\"FORDE\",\"description\":\"2012-2014\",\"publisher\":{\"@id\":\"https:\\\/\\\/themontesinosfoundation.org\\\/forde\\\/#organization\"},\"potentialAction\":[{\"@type\":\"SearchAction\",\"target\":{\"@type\":\"EntryPoint\",\"urlTemplate\":\"https:\\\/\\\/themontesinosfoundation.org\\\/forde\\\/?s={search_term_string}\"},\"query-input\":{\"@type\":\"PropertyValueSpecification\",\"valueRequired\":true,\"valueName\":\"search_term_string\"}}],\"inLanguage\":\"fr-FR\"},{\"@type\":\"Organization\",\"@id\":\"https:\\\/\\\/themontesinosfoundation.org\\\/forde\\\/#organization\",\"name\":\"FORDE\",\"url\":\"https:\\\/\\\/themontesinosfoundation.org\\\/forde\\\/\",\"logo\":{\"@type\":\"ImageObject\",\"inLanguage\":\"fr-FR\",\"@id\":\"https:\\\/\\\/themontesinosfoundation.org\\\/forde\\\/#\\\/schema\\\/logo\\\/image\\\/\",\"url\":\"https:\\\/\\\/themontesinosfoundation.org\\\/forde\\\/wp-content\\\/uploads\\\/2014\\\/07\\\/logo-forde.png\",\"contentUrl\":\"https:\\\/\\\/themontesinosfoundation.org\\\/forde\\\/wp-content\\\/uploads\\\/2014\\\/07\\\/logo-forde.png\",\"width\":735,\"height\":734,\"caption\":\"FORDE\"},\"image\":{\"@id\":\"https:\\\/\\\/themontesinosfoundation.org\\\/forde\\\/#\\\/schema\\\/logo\\\/image\\\/\"}}]}<\/script>\n<!-- \/ Yoast SEO plugin. -->","yoast_head_json":{"title":"WE TRUST - FORDE","robots":{"index":"index","follow":"follow","max-snippet":"max-snippet:-1","max-image-preview":"max-image-preview:large","max-video-preview":"max-video-preview:-1"},"canonical":"https:\/\/themontesinosfoundation.org\/forde\/archives-2\/2012-2014\/we-trust\/","og_locale":"fr_FR","og_type":"article","og_title":"WE TRUST - FORDE","og_description":"Apr\u00e8s deux ann\u00e9es \u00e0 programmer la Galerie Forde, Elena Montesinos &amp; Nicolas Wagni\u00e8res\u00a0s&rsquo;appr\u00eatent \u00e0 passer les r\u00eanes du lieu en 2014.\u00a0 &nbsp; Le team FORDE 2012-2014 organise le dernier \u00e9v\u00e9nement de son mandat, arm\u00e9 d\u2019un regard alternatif et vrill\u00e9 sur l\u2019\u00e2pre th\u00e9matique de l\u2019argent teint\u00e9 de conspiration \u2013un \u00e9v\u00e9nement d\u2019ailleurs r\u00e9alis\u00e9 sans un sou- avant [&hellip;]","og_url":"https:\/\/themontesinosfoundation.org\/forde\/archives-2\/2012-2014\/we-trust\/","og_site_name":"FORDE","article_modified_time":"2020-01-05T16:45:05+00:00","og_image":[{"width":600,"height":703,"url":"https:\/\/themontesinosfoundation.org\/forde\/wp-content\/uploads\/2018\/01\/wetrust.jpg","type":"image\/jpeg"}],"twitter_card":"summary_large_image","twitter_misc":{"Dur\u00e9e de lecture estim\u00e9e":"1 minute"},"schema":{"@context":"https:\/\/schema.org","@graph":[{"@type":"WebPage","@id":"https:\/\/themontesinosfoundation.org\/forde\/archives-2\/2012-2014\/we-trust\/","url":"https:\/\/themontesinosfoundation.org\/forde\/archives-2\/2012-2014\/we-trust\/","name":"WE TRUST - FORDE","isPartOf":{"@id":"https:\/\/themontesinosfoundation.org\/forde\/#website"},"primaryImageOfPage":{"@id":"https:\/\/themontesinosfoundation.org\/forde\/archives-2\/2012-2014\/we-trust\/#primaryimage"},"image":{"@id":"https:\/\/themontesinosfoundation.org\/forde\/archives-2\/2012-2014\/we-trust\/#primaryimage"},"thumbnailUrl":"https:\/\/themontesinosfoundation.org\/forde\/wp-content\/uploads\/2018\/01\/wetrust-512x600.jpg","datePublished":"2014-09-30T00:40:55+00:00","dateModified":"2020-01-05T16:45:05+00:00","breadcrumb":{"@id":"https:\/\/themontesinosfoundation.org\/forde\/archives-2\/2012-2014\/we-trust\/#breadcrumb"},"inLanguage":"fr-FR","potentialAction":[{"@type":"ReadAction","target":["https:\/\/themontesinosfoundation.org\/forde\/archives-2\/2012-2014\/we-trust\/"]}]},{"@type":"ImageObject","inLanguage":"fr-FR","@id":"https:\/\/themontesinosfoundation.org\/forde\/archives-2\/2012-2014\/we-trust\/#primaryimage","url":"https:\/\/themontesinosfoundation.org\/forde\/wp-content\/uploads\/2018\/01\/wetrust.jpg","contentUrl":"https:\/\/themontesinosfoundation.org\/forde\/wp-content\/uploads\/2018\/01\/wetrust.jpg","width":600,"height":703},{"@type":"BreadcrumbList","@id":"https:\/\/themontesinosfoundation.org\/forde\/archives-2\/2012-2014\/we-trust\/#breadcrumb","itemListElement":[{"@type":"ListItem","position":1,"name":"Accueil","item":"https:\/\/themontesinosfoundation.org\/forde\/"},{"@type":"ListItem","position":2,"name":"Archives","item":"https:\/\/themontesinosfoundation.org\/forde\/archives-2\/"},{"@type":"ListItem","position":3,"name":"2012 &#8211; 2014","item":"https:\/\/themontesinosfoundation.org\/forde\/archives-2\/2012-2014\/"},{"@type":"ListItem","position":4,"name":"WE TRUST"}]},{"@type":"WebSite","@id":"https:\/\/themontesinosfoundation.org\/forde\/#website","url":"https:\/\/themontesinosfoundation.org\/forde\/","name":"FORDE","description":"2012-2014","publisher":{"@id":"https:\/\/themontesinosfoundation.org\/forde\/#organization"},"potentialAction":[{"@type":"SearchAction","target":{"@type":"EntryPoint","urlTemplate":"https:\/\/themontesinosfoundation.org\/forde\/?s={search_term_string}"},"query-input":{"@type":"PropertyValueSpecification","valueRequired":true,"valueName":"search_term_string"}}],"inLanguage":"fr-FR"},{"@type":"Organization","@id":"https:\/\/themontesinosfoundation.org\/forde\/#organization","name":"FORDE","url":"https:\/\/themontesinosfoundation.org\/forde\/","logo":{"@type":"ImageObject","inLanguage":"fr-FR","@id":"https:\/\/themontesinosfoundation.org\/forde\/#\/schema\/logo\/image\/","url":"https:\/\/themontesinosfoundation.org\/forde\/wp-content\/uploads\/2014\/07\/logo-forde.png","contentUrl":"https:\/\/themontesinosfoundation.org\/forde\/wp-content\/uploads\/2014\/07\/logo-forde.png","width":735,"height":734,"caption":"FORDE"},"image":{"@id":"https:\/\/themontesinosfoundation.org\/forde\/#\/schema\/logo\/image\/"}}]}},"_links":{"self":[{"href":"https:\/\/themontesinosfoundation.org\/forde\/wp-json\/wp\/v2\/pages\/1999","targetHints":{"allow":["GET"]}}],"collection":[{"href":"https:\/\/themontesinosfoundation.org\/forde\/wp-json\/wp\/v2\/pages"}],"about":[{"href":"https:\/\/themontesinosfoundation.org\/forde\/wp-json\/wp\/v2\/types\/page"}],"author":[{"embeddable":true,"href":"https:\/\/themontesinosfoundation.org\/forde\/wp-json\/wp\/v2\/users\/2"}],"replies":[{"embeddable":true,"href":"https:\/\/themontesinosfoundation.org\/forde\/wp-json\/wp\/v2\/comments?post=1999"}],"version-history":[{"count":51,"href":"https:\/\/themontesinosfoundation.org\/forde\/wp-json\/wp\/v2\/pages\/1999\/revisions"}],"predecessor-version":[{"id":2567,"href":"https:\/\/themontesinosfoundation.org\/forde\/wp-json\/wp\/v2\/pages\/1999\/revisions\/2567"}],"up":[{"embeddable":true,"href":"https:\/\/themontesinosfoundation.org\/forde\/wp-json\/wp\/v2\/pages\/362"}],"wp:attachment":[{"href":"https:\/\/themontesinosfoundation.org\/forde\/wp-json\/wp\/v2\/media?parent=1999"}],"curies":[{"name":"wp","href":"https:\/\/api.w.org\/{rel}","templated":true}]}}