{"id":1503,"date":"2014-04-27T20:01:33","date_gmt":"2014-04-27T19:01:33","guid":{"rendered":"http:\/\/www.forde.ch\/?page_id=1503"},"modified":"2014-04-27T20:01:33","modified_gmt":"2014-04-27T19:01:33","slug":"sijang","status":"publish","type":"page","link":"https:\/\/themontesinosfoundation.org\/forde\/archives-2\/2006-2008\/sijang\/","title":{"rendered":"Sijang&#8230;"},"content":{"rendered":"<h2>Sijang jeon eun neomu ileo,<\/h2>\n<h2>Heungmiroun Samusil jeon eun neomu neuzeo<\/h2>\n<p>&nbsp;<\/p>\n<p>21 janvier \u2013 18 f\u00e9vrier 2007<\/p>\n<p>&nbsp;<\/p>\n<p>Avec (en autre et dans le d\u00e9sordre): Paul Poco, Vanessa Billy, J\u00e9r\u00f4me Leuba, Jo\u00eblle Flumet, Bruno Serralongue, Marie Velardi, Benjamin Lavigne, Hugo Schuwer-Boss et Hugo Pernet, Pierre-Edouard Terrier, Adrien Missika, Vanessa Garcia, Julia Rometti, Seulgi Lee, Vanessa Safavi, Claudia &amp; Julia M\u00fcller, Claudia Comte, Gilles Furtwangler, Sarah Girard, St\u00e9phanie Stettler, Olivier Genoud, Christophe Rey, Gilles Rotzetter, Charles Cuccu, Nicolas Wagni\u00e8res, Emilie Ding, Perrine Wettstein, Zorro &amp; Bernardo, Philippe Eliopoulos, Pascal Robert, J\u00e9r\u00e9mie Gindre, Carla Demierre, C\u00e9cile N&rsquo;duhirahe, Kim Woong Yong, Thomas Bonny, Julien Aubert, Samuel Gross, Annick Wetter, Marie-Avril Berthelet, Damien Navarro, Barbara Yvelin, Tamara de Wehr, Alo\u00efs Godinat, Pierre Vadi, Philippe Decrauzat, Vincent Kohler, Alexandre Bianchini, Vanessa Bianchini, Delphine Battiaz, C\u00e9dric Carles et Orlane Perey, Maud Constantin, Nicolas Party, Charlotte Herzig, St\u00e9phane Devidal, Justine Dufour, Elena Montesinos, Carl June, Benjamin Valenza, St\u00e9phane Barbier Bouvet, Karim Noureldin, Guillaume Pilet, etc\u2026<\/p>\n<p>&nbsp;<\/p>\n<p>20 janvier 2007 : Vernissage et lancement du fanzine OB#44 Endogamie<\/p>\n<p>&nbsp;<\/p>\n<p>18 f\u00e9vrier 2007 : F\u00eate du Nouvel An lunaire avec Radio Momie<\/p>\n<p>&nbsp;<\/p>\n<p>photos : Carl June<\/p>\n<p>&nbsp;<\/p>\n<p><a href=\"https:\/\/themontesinosfoundation.org\/forde\/wp-content\/uploads\/2014\/04\/1_U4N3438.1.jpg\"><img loading=\"lazy\" decoding=\"async\" class=\"aligncenter size-full wp-image-1508\" alt=\"1_U4N3438.1\" src=\"https:\/\/themontesinosfoundation.org\/forde\/wp-content\/uploads\/2014\/04\/1_U4N3438.1.jpg\" width=\"470\" height=\"313\" srcset=\"https:\/\/themontesinosfoundation.org\/forde\/wp-content\/uploads\/2014\/04\/1_U4N3438.1.jpg 470w, https:\/\/themontesinosfoundation.org\/forde\/wp-content\/uploads\/2014\/04\/1_U4N3438.1-450x300.jpg 450w, https:\/\/themontesinosfoundation.org\/forde\/wp-content\/uploads\/2014\/04\/1_U4N3438.1-300x199.jpg 300w\" sizes=\"auto, (max-width: 470px) 100vw, 470px\" \/><\/a> <a href=\"https:\/\/themontesinosfoundation.org\/forde\/wp-content\/uploads\/2014\/04\/2_U4N3423.1.jpg\"><img loading=\"lazy\" decoding=\"async\" class=\"aligncenter size-full wp-image-1507\" alt=\"2_U4N3423.1\" src=\"https:\/\/themontesinosfoundation.org\/forde\/wp-content\/uploads\/2014\/04\/2_U4N3423.1.jpg\" width=\"470\" height=\"313\" srcset=\"https:\/\/themontesinosfoundation.org\/forde\/wp-content\/uploads\/2014\/04\/2_U4N3423.1.jpg 470w, https:\/\/themontesinosfoundation.org\/forde\/wp-content\/uploads\/2014\/04\/2_U4N3423.1-450x300.jpg 450w, https:\/\/themontesinosfoundation.org\/forde\/wp-content\/uploads\/2014\/04\/2_U4N3423.1-300x199.jpg 300w\" sizes=\"auto, (max-width: 470px) 100vw, 470px\" \/><\/a> <a href=\"https:\/\/themontesinosfoundation.org\/forde\/wp-content\/uploads\/2014\/04\/4_U4N3404.1.jpg\"><img loading=\"lazy\" decoding=\"async\" class=\"aligncenter size-full wp-image-1505\" alt=\"4_U4N3404.1\" src=\"https:\/\/themontesinosfoundation.org\/forde\/wp-content\/uploads\/2014\/04\/4_U4N3404.1.jpg\" width=\"470\" height=\"313\" srcset=\"https:\/\/themontesinosfoundation.org\/forde\/wp-content\/uploads\/2014\/04\/4_U4N3404.1.jpg 470w, https:\/\/themontesinosfoundation.org\/forde\/wp-content\/uploads\/2014\/04\/4_U4N3404.1-450x300.jpg 450w, https:\/\/themontesinosfoundation.org\/forde\/wp-content\/uploads\/2014\/04\/4_U4N3404.1-300x199.jpg 300w\" sizes=\"auto, (max-width: 470px) 100vw, 470px\" \/><\/a> <a href=\"https:\/\/themontesinosfoundation.org\/forde\/wp-content\/uploads\/2014\/04\/5_U4N3414.1.jpg\"><img loading=\"lazy\" decoding=\"async\" class=\"aligncenter size-full wp-image-1504\" alt=\"5_U4N3414.1\" src=\"https:\/\/themontesinosfoundation.org\/forde\/wp-content\/uploads\/2014\/04\/5_U4N3414.1.jpg\" width=\"470\" height=\"313\" srcset=\"https:\/\/themontesinosfoundation.org\/forde\/wp-content\/uploads\/2014\/04\/5_U4N3414.1.jpg 470w, https:\/\/themontesinosfoundation.org\/forde\/wp-content\/uploads\/2014\/04\/5_U4N3414.1-450x300.jpg 450w, https:\/\/themontesinosfoundation.org\/forde\/wp-content\/uploads\/2014\/04\/5_U4N3414.1-300x199.jpg 300w\" sizes=\"auto, (max-width: 470px) 100vw, 470px\" \/><\/a> <a href=\"https:\/\/themontesinosfoundation.org\/forde\/wp-content\/uploads\/2014\/04\/3_U4N3402.1.jpg\"><img loading=\"lazy\" decoding=\"async\" class=\"aligncenter size-full wp-image-1506\" alt=\"3_U4N3402.1\" src=\"https:\/\/themontesinosfoundation.org\/forde\/wp-content\/uploads\/2014\/04\/3_U4N3402.1.jpg\" width=\"325\" height=\"470\" srcset=\"https:\/\/themontesinosfoundation.org\/forde\/wp-content\/uploads\/2014\/04\/3_U4N3402.1.jpg 325w, https:\/\/themontesinosfoundation.org\/forde\/wp-content\/uploads\/2014\/04\/3_U4N3402.1-207x300.jpg 207w\" sizes=\"auto, (max-width: 325px) 100vw, 325px\" \/><\/a><\/p>\n<p>&nbsp;<\/p>\n","protected":false},"excerpt":{"rendered":"<p>Sijang jeon eun neomu ileo, Heungmiroun Samusil jeon eun neomu neuzeo &nbsp; 21 janvier \u2013 18 f\u00e9vrier 2007 &nbsp; Avec (en autre et dans le d\u00e9sordre): Paul Poco, Vanessa Billy, J\u00e9r\u00f4me Leuba, Jo\u00eblle Flumet, Bruno Serralongue, Marie Velardi, Benjamin Lavigne, Hugo Schuwer-Boss et Hugo Pernet, Pierre-Edouard Terrier, Adrien Missika, Vanessa Garcia, Julia Rometti, Seulgi Lee, [&hellip;]<\/p>\n","protected":false},"author":2,"featured_media":0,"parent":806,"menu_order":0,"comment_status":"closed","ping_status":"open","template":"","meta":{"footnotes":""},"class_list":["post-1503","page","type-page","status-publish","hentry"],"yoast_head":"<!-- This site is optimized with the Yoast SEO plugin v27.4 - https:\/\/yoast.com\/product\/yoast-seo-wordpress\/ -->\n<title>Sijang... - FORDE<\/title>\n<meta name=\"robots\" content=\"index, follow, max-snippet:-1, max-image-preview:large, max-video-preview:-1\" \/>\n<link rel=\"canonical\" href=\"https:\/\/themontesinosfoundation.org\/forde\/archives-2\/2006-2008\/sijang\/\" \/>\n<meta property=\"og:locale\" content=\"fr_FR\" \/>\n<meta property=\"og:type\" content=\"article\" \/>\n<meta property=\"og:title\" content=\"Sijang... - FORDE\" \/>\n<meta property=\"og:description\" content=\"Sijang jeon eun neomu ileo, Heungmiroun Samusil jeon eun neomu neuzeo &nbsp; 21 janvier \u2013 18 f\u00e9vrier 2007 &nbsp; Avec (en autre et dans le d\u00e9sordre): Paul Poco, Vanessa Billy, J\u00e9r\u00f4me Leuba, Jo\u00eblle Flumet, Bruno Serralongue, Marie Velardi, Benjamin Lavigne, Hugo Schuwer-Boss et Hugo Pernet, Pierre-Edouard Terrier, Adrien Missika, Vanessa Garcia, Julia Rometti, Seulgi Lee, [&hellip;]\" \/>\n<meta property=\"og:url\" content=\"https:\/\/themontesinosfoundation.org\/forde\/archives-2\/2006-2008\/sijang\/\" \/>\n<meta property=\"og:site_name\" content=\"FORDE\" \/>\n<meta property=\"og:image\" content=\"https:\/\/themontesinosfoundation.org\/forde\/wp-content\/uploads\/2014\/04\/1_U4N3438.1.jpg\" \/>\n\t<meta property=\"og:image:width\" content=\"470\" \/>\n\t<meta property=\"og:image:height\" content=\"313\" \/>\n\t<meta property=\"og:image:type\" content=\"image\/jpeg\" \/>\n<meta name=\"twitter:card\" content=\"summary_large_image\" \/>\n<meta name=\"twitter:label1\" content=\"Dur\u00e9e de lecture estim\u00e9e\" \/>\n\t<meta name=\"twitter:data1\" content=\"1 minute\" \/>\n<script type=\"application\/ld+json\" class=\"yoast-schema-graph\">{\"@context\":\"https:\\\/\\\/schema.org\",\"@graph\":[{\"@type\":\"WebPage\",\"@id\":\"https:\\\/\\\/themontesinosfoundation.org\\\/forde\\\/archives-2\\\/2006-2008\\\/sijang\\\/\",\"url\":\"https:\\\/\\\/themontesinosfoundation.org\\\/forde\\\/archives-2\\\/2006-2008\\\/sijang\\\/\",\"name\":\"Sijang... - FORDE\",\"isPartOf\":{\"@id\":\"https:\\\/\\\/themontesinosfoundation.org\\\/forde\\\/#website\"},\"primaryImageOfPage\":{\"@id\":\"https:\\\/\\\/themontesinosfoundation.org\\\/forde\\\/archives-2\\\/2006-2008\\\/sijang\\\/#primaryimage\"},\"image\":{\"@id\":\"https:\\\/\\\/themontesinosfoundation.org\\\/forde\\\/archives-2\\\/2006-2008\\\/sijang\\\/#primaryimage\"},\"thumbnailUrl\":\"https:\\\/\\\/themontesinosfoundation.org\\\/forde\\\/wp-content\\\/uploads\\\/2014\\\/04\\\/1_U4N3438.1.jpg\",\"datePublished\":\"2014-04-27T19:01:33+00:00\",\"breadcrumb\":{\"@id\":\"https:\\\/\\\/themontesinosfoundation.org\\\/forde\\\/archives-2\\\/2006-2008\\\/sijang\\\/#breadcrumb\"},\"inLanguage\":\"fr-FR\",\"potentialAction\":[{\"@type\":\"ReadAction\",\"target\":[\"https:\\\/\\\/themontesinosfoundation.org\\\/forde\\\/archives-2\\\/2006-2008\\\/sijang\\\/\"]}]},{\"@type\":\"ImageObject\",\"inLanguage\":\"fr-FR\",\"@id\":\"https:\\\/\\\/themontesinosfoundation.org\\\/forde\\\/archives-2\\\/2006-2008\\\/sijang\\\/#primaryimage\",\"url\":\"https:\\\/\\\/themontesinosfoundation.org\\\/forde\\\/wp-content\\\/uploads\\\/2014\\\/04\\\/1_U4N3438.1.jpg\",\"contentUrl\":\"https:\\\/\\\/themontesinosfoundation.org\\\/forde\\\/wp-content\\\/uploads\\\/2014\\\/04\\\/1_U4N3438.1.jpg\",\"width\":470,\"height\":313},{\"@type\":\"BreadcrumbList\",\"@id\":\"https:\\\/\\\/themontesinosfoundation.org\\\/forde\\\/archives-2\\\/2006-2008\\\/sijang\\\/#breadcrumb\",\"itemListElement\":[{\"@type\":\"ListItem\",\"position\":1,\"name\":\"Accueil\",\"item\":\"https:\\\/\\\/themontesinosfoundation.org\\\/forde\\\/\"},{\"@type\":\"ListItem\",\"position\":2,\"name\":\"Archives\",\"item\":\"https:\\\/\\\/themontesinosfoundation.org\\\/forde\\\/archives-2\\\/\"},{\"@type\":\"ListItem\",\"position\":3,\"name\":\"2006 &#8211; 2008\",\"item\":\"https:\\\/\\\/themontesinosfoundation.org\\\/forde\\\/archives-2\\\/2006-2008\\\/\"},{\"@type\":\"ListItem\",\"position\":4,\"name\":\"Sijang&#8230;\"}]},{\"@type\":\"WebSite\",\"@id\":\"https:\\\/\\\/themontesinosfoundation.org\\\/forde\\\/#website\",\"url\":\"https:\\\/\\\/themontesinosfoundation.org\\\/forde\\\/\",\"name\":\"FORDE\",\"description\":\"2012-2014\",\"publisher\":{\"@id\":\"https:\\\/\\\/themontesinosfoundation.org\\\/forde\\\/#organization\"},\"potentialAction\":[{\"@type\":\"SearchAction\",\"target\":{\"@type\":\"EntryPoint\",\"urlTemplate\":\"https:\\\/\\\/themontesinosfoundation.org\\\/forde\\\/?s={search_term_string}\"},\"query-input\":{\"@type\":\"PropertyValueSpecification\",\"valueRequired\":true,\"valueName\":\"search_term_string\"}}],\"inLanguage\":\"fr-FR\"},{\"@type\":\"Organization\",\"@id\":\"https:\\\/\\\/themontesinosfoundation.org\\\/forde\\\/#organization\",\"name\":\"FORDE\",\"url\":\"https:\\\/\\\/themontesinosfoundation.org\\\/forde\\\/\",\"logo\":{\"@type\":\"ImageObject\",\"inLanguage\":\"fr-FR\",\"@id\":\"https:\\\/\\\/themontesinosfoundation.org\\\/forde\\\/#\\\/schema\\\/logo\\\/image\\\/\",\"url\":\"https:\\\/\\\/themontesinosfoundation.org\\\/forde\\\/wp-content\\\/uploads\\\/2014\\\/07\\\/logo-forde.png\",\"contentUrl\":\"https:\\\/\\\/themontesinosfoundation.org\\\/forde\\\/wp-content\\\/uploads\\\/2014\\\/07\\\/logo-forde.png\",\"width\":735,\"height\":734,\"caption\":\"FORDE\"},\"image\":{\"@id\":\"https:\\\/\\\/themontesinosfoundation.org\\\/forde\\\/#\\\/schema\\\/logo\\\/image\\\/\"}}]}<\/script>\n<!-- \/ Yoast SEO plugin. -->","yoast_head_json":{"title":"Sijang... - FORDE","robots":{"index":"index","follow":"follow","max-snippet":"max-snippet:-1","max-image-preview":"max-image-preview:large","max-video-preview":"max-video-preview:-1"},"canonical":"https:\/\/themontesinosfoundation.org\/forde\/archives-2\/2006-2008\/sijang\/","og_locale":"fr_FR","og_type":"article","og_title":"Sijang... - FORDE","og_description":"Sijang jeon eun neomu ileo, Heungmiroun Samusil jeon eun neomu neuzeo &nbsp; 21 janvier \u2013 18 f\u00e9vrier 2007 &nbsp; Avec (en autre et dans le d\u00e9sordre): Paul Poco, Vanessa Billy, J\u00e9r\u00f4me Leuba, Jo\u00eblle Flumet, Bruno Serralongue, Marie Velardi, Benjamin Lavigne, Hugo Schuwer-Boss et Hugo Pernet, Pierre-Edouard Terrier, Adrien Missika, Vanessa Garcia, Julia Rometti, Seulgi Lee, [&hellip;]","og_url":"https:\/\/themontesinosfoundation.org\/forde\/archives-2\/2006-2008\/sijang\/","og_site_name":"FORDE","og_image":[{"width":470,"height":313,"url":"https:\/\/themontesinosfoundation.org\/forde\/wp-content\/uploads\/2014\/04\/1_U4N3438.1.jpg","type":"image\/jpeg"}],"twitter_card":"summary_large_image","twitter_misc":{"Dur\u00e9e de lecture estim\u00e9e":"1 minute"},"schema":{"@context":"https:\/\/schema.org","@graph":[{"@type":"WebPage","@id":"https:\/\/themontesinosfoundation.org\/forde\/archives-2\/2006-2008\/sijang\/","url":"https:\/\/themontesinosfoundation.org\/forde\/archives-2\/2006-2008\/sijang\/","name":"Sijang... - FORDE","isPartOf":{"@id":"https:\/\/themontesinosfoundation.org\/forde\/#website"},"primaryImageOfPage":{"@id":"https:\/\/themontesinosfoundation.org\/forde\/archives-2\/2006-2008\/sijang\/#primaryimage"},"image":{"@id":"https:\/\/themontesinosfoundation.org\/forde\/archives-2\/2006-2008\/sijang\/#primaryimage"},"thumbnailUrl":"https:\/\/themontesinosfoundation.org\/forde\/wp-content\/uploads\/2014\/04\/1_U4N3438.1.jpg","datePublished":"2014-04-27T19:01:33+00:00","breadcrumb":{"@id":"https:\/\/themontesinosfoundation.org\/forde\/archives-2\/2006-2008\/sijang\/#breadcrumb"},"inLanguage":"fr-FR","potentialAction":[{"@type":"ReadAction","target":["https:\/\/themontesinosfoundation.org\/forde\/archives-2\/2006-2008\/sijang\/"]}]},{"@type":"ImageObject","inLanguage":"fr-FR","@id":"https:\/\/themontesinosfoundation.org\/forde\/archives-2\/2006-2008\/sijang\/#primaryimage","url":"https:\/\/themontesinosfoundation.org\/forde\/wp-content\/uploads\/2014\/04\/1_U4N3438.1.jpg","contentUrl":"https:\/\/themontesinosfoundation.org\/forde\/wp-content\/uploads\/2014\/04\/1_U4N3438.1.jpg","width":470,"height":313},{"@type":"BreadcrumbList","@id":"https:\/\/themontesinosfoundation.org\/forde\/archives-2\/2006-2008\/sijang\/#breadcrumb","itemListElement":[{"@type":"ListItem","position":1,"name":"Accueil","item":"https:\/\/themontesinosfoundation.org\/forde\/"},{"@type":"ListItem","position":2,"name":"Archives","item":"https:\/\/themontesinosfoundation.org\/forde\/archives-2\/"},{"@type":"ListItem","position":3,"name":"2006 &#8211; 2008","item":"https:\/\/themontesinosfoundation.org\/forde\/archives-2\/2006-2008\/"},{"@type":"ListItem","position":4,"name":"Sijang&#8230;"}]},{"@type":"WebSite","@id":"https:\/\/themontesinosfoundation.org\/forde\/#website","url":"https:\/\/themontesinosfoundation.org\/forde\/","name":"FORDE","description":"2012-2014","publisher":{"@id":"https:\/\/themontesinosfoundation.org\/forde\/#organization"},"potentialAction":[{"@type":"SearchAction","target":{"@type":"EntryPoint","urlTemplate":"https:\/\/themontesinosfoundation.org\/forde\/?s={search_term_string}"},"query-input":{"@type":"PropertyValueSpecification","valueRequired":true,"valueName":"search_term_string"}}],"inLanguage":"fr-FR"},{"@type":"Organization","@id":"https:\/\/themontesinosfoundation.org\/forde\/#organization","name":"FORDE","url":"https:\/\/themontesinosfoundation.org\/forde\/","logo":{"@type":"ImageObject","inLanguage":"fr-FR","@id":"https:\/\/themontesinosfoundation.org\/forde\/#\/schema\/logo\/image\/","url":"https:\/\/themontesinosfoundation.org\/forde\/wp-content\/uploads\/2014\/07\/logo-forde.png","contentUrl":"https:\/\/themontesinosfoundation.org\/forde\/wp-content\/uploads\/2014\/07\/logo-forde.png","width":735,"height":734,"caption":"FORDE"},"image":{"@id":"https:\/\/themontesinosfoundation.org\/forde\/#\/schema\/logo\/image\/"}}]}},"_links":{"self":[{"href":"https:\/\/themontesinosfoundation.org\/forde\/wp-json\/wp\/v2\/pages\/1503","targetHints":{"allow":["GET"]}}],"collection":[{"href":"https:\/\/themontesinosfoundation.org\/forde\/wp-json\/wp\/v2\/pages"}],"about":[{"href":"https:\/\/themontesinosfoundation.org\/forde\/wp-json\/wp\/v2\/types\/page"}],"author":[{"embeddable":true,"href":"https:\/\/themontesinosfoundation.org\/forde\/wp-json\/wp\/v2\/users\/2"}],"replies":[{"embeddable":true,"href":"https:\/\/themontesinosfoundation.org\/forde\/wp-json\/wp\/v2\/comments?post=1503"}],"version-history":[{"count":0,"href":"https:\/\/themontesinosfoundation.org\/forde\/wp-json\/wp\/v2\/pages\/1503\/revisions"}],"up":[{"embeddable":true,"href":"https:\/\/themontesinosfoundation.org\/forde\/wp-json\/wp\/v2\/pages\/806"}],"wp:attachment":[{"href":"https:\/\/themontesinosfoundation.org\/forde\/wp-json\/wp\/v2\/media?parent=1503"}],"curies":[{"name":"wp","href":"https:\/\/api.w.org\/{rel}","templated":true}]}}