{"id":1435,"date":"2014-04-07T17:05:43","date_gmt":"2014-04-07T16:05:43","guid":{"rendered":"http:\/\/www.forde.ch\/?page_id=1435"},"modified":"2014-04-07T17:05:43","modified_gmt":"2014-04-07T16:05:43","slug":"master-of-complications","status":"publish","type":"page","link":"https:\/\/themontesinosfoundation.org\/forde\/archives-2\/2006-2008\/master-of-complications\/","title":{"rendered":"Master of Complications"},"content":{"rendered":"<h2>Exposition d&rsquo;oeuvres miniatures dans le cadre de l&rsquo;Uzin\u00e9c\u00e9zamis<\/h2>\n<p>5 \u2013 8 d\u00e9cembre 2007<\/p>\n<p>Avec Michel Albasini, Delphine Battiaz, Pierre-Andr\u00e9 Boo, Marion Burnier, Philippe D. Eliopoulos, David Evrard, Filippo Filliger, Jo\u00eblle Flumet, Vidya Gastaldon, Olivier Genoud, Vincent Kohler, Andrea Lapsezon, Jean-Luc Manz, Elena Montesinos, C\u00e9cile N&rsquo;Duhirane, Karim Noureldin, Katherine Oggier, C\u00e9line Peruzzo, Guillaume Pilet, Luc Portianucha, Fabienne Radi, Konstantin Sgouridis, Marie Velardi, Tamara de Wehr, Eric Winarto et bien d&rsquo;autres\u2026<\/p>\n<p>Photos : Fanny Benichou<\/p>\n<p>&nbsp;<\/p>\n<p><a href=\"https:\/\/themontesinosfoundation.org\/forde\/wp-content\/uploads\/2014\/04\/3ffc79eb4d.jpg\"><img loading=\"lazy\" decoding=\"async\" class=\"aligncenter size-full wp-image-1436\" alt=\"3ffc79eb4d\" src=\"https:\/\/themontesinosfoundation.org\/forde\/wp-content\/uploads\/2014\/04\/3ffc79eb4d.jpg\" width=\"470\" height=\"314\" srcset=\"https:\/\/themontesinosfoundation.org\/forde\/wp-content\/uploads\/2014\/04\/3ffc79eb4d.jpg 470w, https:\/\/themontesinosfoundation.org\/forde\/wp-content\/uploads\/2014\/04\/3ffc79eb4d-449x300.jpg 449w, https:\/\/themontesinosfoundation.org\/forde\/wp-content\/uploads\/2014\/04\/3ffc79eb4d-450x301.jpg 450w, https:\/\/themontesinosfoundation.org\/forde\/wp-content\/uploads\/2014\/04\/3ffc79eb4d-300x200.jpg 300w\" sizes=\"auto, (max-width: 470px) 100vw, 470px\" \/><\/a> <a href=\"https:\/\/themontesinosfoundation.org\/forde\/wp-content\/uploads\/2014\/04\/ba32a1d04e.jpg\"><img loading=\"lazy\" decoding=\"async\" class=\"aligncenter size-medium wp-image-1437\" alt=\"ba32a1d04e\" src=\"https:\/\/themontesinosfoundation.org\/forde\/wp-content\/uploads\/2014\/04\/ba32a1d04e.jpg\" width=\"470\" height=\"353\" srcset=\"https:\/\/themontesinosfoundation.org\/forde\/wp-content\/uploads\/2014\/04\/ba32a1d04e.jpg 470w, https:\/\/themontesinosfoundation.org\/forde\/wp-content\/uploads\/2014\/04\/ba32a1d04e-399x300.jpg 399w, https:\/\/themontesinosfoundation.org\/forde\/wp-content\/uploads\/2014\/04\/ba32a1d04e-450x338.jpg 450w, https:\/\/themontesinosfoundation.org\/forde\/wp-content\/uploads\/2014\/04\/ba32a1d04e-300x225.jpg 300w\" sizes=\"auto, (max-width: 470px) 100vw, 470px\" \/><\/a> <a href=\"https:\/\/themontesinosfoundation.org\/forde\/wp-content\/uploads\/2014\/04\/master00.jpg\"><img loading=\"lazy\" decoding=\"async\" class=\"aligncenter size-medium wp-image-1438\" alt=\"master00\" src=\"https:\/\/themontesinosfoundation.org\/forde\/wp-content\/uploads\/2014\/04\/master00.jpg\" width=\"353\" height=\"470\" srcset=\"https:\/\/themontesinosfoundation.org\/forde\/wp-content\/uploads\/2014\/04\/master00.jpg 353w, https:\/\/themontesinosfoundation.org\/forde\/wp-content\/uploads\/2014\/04\/master00-225x300.jpg 225w\" sizes=\"auto, (max-width: 353px) 100vw, 353px\" \/><\/a> <a href=\"https:\/\/themontesinosfoundation.org\/forde\/wp-content\/uploads\/2014\/04\/master02_01.jpg\"><img loading=\"lazy\" decoding=\"async\" class=\"aligncenter size-medium wp-image-1439\" alt=\"master02_01\" src=\"https:\/\/themontesinosfoundation.org\/forde\/wp-content\/uploads\/2014\/04\/master02_01.jpg\" width=\"360\" height=\"470\" srcset=\"https:\/\/themontesinosfoundation.org\/forde\/wp-content\/uploads\/2014\/04\/master02_01.jpg 360w, https:\/\/themontesinosfoundation.org\/forde\/wp-content\/uploads\/2014\/04\/master02_01-230x300.jpg 230w\" sizes=\"auto, (max-width: 360px) 100vw, 360px\" \/><\/a> <a href=\"https:\/\/themontesinosfoundation.org\/forde\/wp-content\/uploads\/2014\/04\/master03.jpg\"><img loading=\"lazy\" decoding=\"async\" class=\"aligncenter size-medium wp-image-1440\" alt=\"master03\" src=\"https:\/\/themontesinosfoundation.org\/forde\/wp-content\/uploads\/2014\/04\/master03.jpg\" width=\"353\" height=\"470\" srcset=\"https:\/\/themontesinosfoundation.org\/forde\/wp-content\/uploads\/2014\/04\/master03.jpg 353w, https:\/\/themontesinosfoundation.org\/forde\/wp-content\/uploads\/2014\/04\/master03-225x300.jpg 225w\" sizes=\"auto, (max-width: 353px) 100vw, 353px\" \/><\/a> <a href=\"https:\/\/themontesinosfoundation.org\/forde\/wp-content\/uploads\/2014\/04\/master05.jpg\"><img loading=\"lazy\" decoding=\"async\" class=\"aligncenter size-medium wp-image-1441\" alt=\"master05\" src=\"https:\/\/themontesinosfoundation.org\/forde\/wp-content\/uploads\/2014\/04\/master05.jpg\" width=\"353\" height=\"470\" srcset=\"https:\/\/themontesinosfoundation.org\/forde\/wp-content\/uploads\/2014\/04\/master05.jpg 353w, https:\/\/themontesinosfoundation.org\/forde\/wp-content\/uploads\/2014\/04\/master05-225x300.jpg 225w\" sizes=\"auto, (max-width: 353px) 100vw, 353px\" \/><\/a><\/p>\n","protected":false},"excerpt":{"rendered":"<p>Exposition d&rsquo;oeuvres miniatures dans le cadre de l&rsquo;Uzin\u00e9c\u00e9zamis 5 \u2013 8 d\u00e9cembre 2007 Avec Michel Albasini, Delphine Battiaz, Pierre-Andr\u00e9 Boo, Marion Burnier, Philippe D. Eliopoulos, David Evrard, Filippo Filliger, Jo\u00eblle Flumet, Vidya Gastaldon, Olivier Genoud, Vincent Kohler, Andrea Lapsezon, Jean-Luc Manz, Elena Montesinos, C\u00e9cile N&rsquo;Duhirane, Karim Noureldin, Katherine Oggier, C\u00e9line Peruzzo, Guillaume Pilet, Luc Portianucha, [&hellip;]<\/p>\n","protected":false},"author":2,"featured_media":0,"parent":806,"menu_order":0,"comment_status":"closed","ping_status":"open","template":"","meta":{"footnotes":""},"class_list":["post-1435","page","type-page","status-publish","hentry"],"yoast_head":"<!-- This site is optimized with the Yoast SEO plugin v27.5 - https:\/\/yoast.com\/product\/yoast-seo-wordpress\/ -->\n<title>Master of Complications - FORDE<\/title>\n<meta name=\"robots\" content=\"index, follow, max-snippet:-1, max-image-preview:large, max-video-preview:-1\" \/>\n<link rel=\"canonical\" href=\"https:\/\/themontesinosfoundation.org\/forde\/archives-2\/2006-2008\/master-of-complications\/\" \/>\n<meta property=\"og:locale\" content=\"fr_FR\" \/>\n<meta property=\"og:type\" content=\"article\" \/>\n<meta property=\"og:title\" content=\"Master of Complications - FORDE\" \/>\n<meta property=\"og:description\" content=\"Exposition d&rsquo;oeuvres miniatures dans le cadre de l&rsquo;Uzin\u00e9c\u00e9zamis 5 \u2013 8 d\u00e9cembre 2007 Avec Michel Albasini, Delphine Battiaz, Pierre-Andr\u00e9 Boo, Marion Burnier, Philippe D. Eliopoulos, David Evrard, Filippo Filliger, Jo\u00eblle Flumet, Vidya Gastaldon, Olivier Genoud, Vincent Kohler, Andrea Lapsezon, Jean-Luc Manz, Elena Montesinos, C\u00e9cile N&rsquo;Duhirane, Karim Noureldin, Katherine Oggier, C\u00e9line Peruzzo, Guillaume Pilet, Luc Portianucha, [&hellip;]\" \/>\n<meta property=\"og:url\" content=\"https:\/\/themontesinosfoundation.org\/forde\/archives-2\/2006-2008\/master-of-complications\/\" \/>\n<meta property=\"og:site_name\" content=\"FORDE\" \/>\n<meta property=\"og:image\" content=\"https:\/\/themontesinosfoundation.org\/forde\/wp-content\/uploads\/2014\/04\/3ffc79eb4d.jpg\" \/>\n\t<meta property=\"og:image:width\" content=\"470\" \/>\n\t<meta property=\"og:image:height\" content=\"314\" \/>\n\t<meta property=\"og:image:type\" content=\"image\/jpeg\" \/>\n<meta name=\"twitter:card\" content=\"summary_large_image\" \/>\n<script type=\"application\/ld+json\" class=\"yoast-schema-graph\">{\"@context\":\"https:\\\/\\\/schema.org\",\"@graph\":[{\"@type\":\"WebPage\",\"@id\":\"https:\\\/\\\/themontesinosfoundation.org\\\/forde\\\/archives-2\\\/2006-2008\\\/master-of-complications\\\/\",\"url\":\"https:\\\/\\\/themontesinosfoundation.org\\\/forde\\\/archives-2\\\/2006-2008\\\/master-of-complications\\\/\",\"name\":\"Master of Complications - FORDE\",\"isPartOf\":{\"@id\":\"https:\\\/\\\/themontesinosfoundation.org\\\/forde\\\/#website\"},\"primaryImageOfPage\":{\"@id\":\"https:\\\/\\\/themontesinosfoundation.org\\\/forde\\\/archives-2\\\/2006-2008\\\/master-of-complications\\\/#primaryimage\"},\"image\":{\"@id\":\"https:\\\/\\\/themontesinosfoundation.org\\\/forde\\\/archives-2\\\/2006-2008\\\/master-of-complications\\\/#primaryimage\"},\"thumbnailUrl\":\"https:\\\/\\\/themontesinosfoundation.org\\\/forde\\\/wp-content\\\/uploads\\\/2014\\\/04\\\/3ffc79eb4d.jpg\",\"datePublished\":\"2014-04-07T16:05:43+00:00\",\"breadcrumb\":{\"@id\":\"https:\\\/\\\/themontesinosfoundation.org\\\/forde\\\/archives-2\\\/2006-2008\\\/master-of-complications\\\/#breadcrumb\"},\"inLanguage\":\"fr-FR\",\"potentialAction\":[{\"@type\":\"ReadAction\",\"target\":[\"https:\\\/\\\/themontesinosfoundation.org\\\/forde\\\/archives-2\\\/2006-2008\\\/master-of-complications\\\/\"]}]},{\"@type\":\"ImageObject\",\"inLanguage\":\"fr-FR\",\"@id\":\"https:\\\/\\\/themontesinosfoundation.org\\\/forde\\\/archives-2\\\/2006-2008\\\/master-of-complications\\\/#primaryimage\",\"url\":\"https:\\\/\\\/themontesinosfoundation.org\\\/forde\\\/wp-content\\\/uploads\\\/2014\\\/04\\\/3ffc79eb4d.jpg\",\"contentUrl\":\"https:\\\/\\\/themontesinosfoundation.org\\\/forde\\\/wp-content\\\/uploads\\\/2014\\\/04\\\/3ffc79eb4d.jpg\",\"width\":470,\"height\":314},{\"@type\":\"BreadcrumbList\",\"@id\":\"https:\\\/\\\/themontesinosfoundation.org\\\/forde\\\/archives-2\\\/2006-2008\\\/master-of-complications\\\/#breadcrumb\",\"itemListElement\":[{\"@type\":\"ListItem\",\"position\":1,\"name\":\"Accueil\",\"item\":\"https:\\\/\\\/themontesinosfoundation.org\\\/forde\\\/\"},{\"@type\":\"ListItem\",\"position\":2,\"name\":\"Archives\",\"item\":\"https:\\\/\\\/themontesinosfoundation.org\\\/forde\\\/archives-2\\\/\"},{\"@type\":\"ListItem\",\"position\":3,\"name\":\"2006 &#8211; 2008\",\"item\":\"https:\\\/\\\/themontesinosfoundation.org\\\/forde\\\/archives-2\\\/2006-2008\\\/\"},{\"@type\":\"ListItem\",\"position\":4,\"name\":\"Master of Complications\"}]},{\"@type\":\"WebSite\",\"@id\":\"https:\\\/\\\/themontesinosfoundation.org\\\/forde\\\/#website\",\"url\":\"https:\\\/\\\/themontesinosfoundation.org\\\/forde\\\/\",\"name\":\"FORDE\",\"description\":\"2012-2014\",\"publisher\":{\"@id\":\"https:\\\/\\\/themontesinosfoundation.org\\\/forde\\\/#organization\"},\"potentialAction\":[{\"@type\":\"SearchAction\",\"target\":{\"@type\":\"EntryPoint\",\"urlTemplate\":\"https:\\\/\\\/themontesinosfoundation.org\\\/forde\\\/?s={search_term_string}\"},\"query-input\":{\"@type\":\"PropertyValueSpecification\",\"valueRequired\":true,\"valueName\":\"search_term_string\"}}],\"inLanguage\":\"fr-FR\"},{\"@type\":\"Organization\",\"@id\":\"https:\\\/\\\/themontesinosfoundation.org\\\/forde\\\/#organization\",\"name\":\"FORDE\",\"url\":\"https:\\\/\\\/themontesinosfoundation.org\\\/forde\\\/\",\"logo\":{\"@type\":\"ImageObject\",\"inLanguage\":\"fr-FR\",\"@id\":\"https:\\\/\\\/themontesinosfoundation.org\\\/forde\\\/#\\\/schema\\\/logo\\\/image\\\/\",\"url\":\"https:\\\/\\\/themontesinosfoundation.org\\\/forde\\\/wp-content\\\/uploads\\\/2014\\\/07\\\/logo-forde.png\",\"contentUrl\":\"https:\\\/\\\/themontesinosfoundation.org\\\/forde\\\/wp-content\\\/uploads\\\/2014\\\/07\\\/logo-forde.png\",\"width\":735,\"height\":734,\"caption\":\"FORDE\"},\"image\":{\"@id\":\"https:\\\/\\\/themontesinosfoundation.org\\\/forde\\\/#\\\/schema\\\/logo\\\/image\\\/\"}}]}<\/script>\n<!-- \/ Yoast SEO plugin. -->","yoast_head_json":{"title":"Master of Complications - FORDE","robots":{"index":"index","follow":"follow","max-snippet":"max-snippet:-1","max-image-preview":"max-image-preview:large","max-video-preview":"max-video-preview:-1"},"canonical":"https:\/\/themontesinosfoundation.org\/forde\/archives-2\/2006-2008\/master-of-complications\/","og_locale":"fr_FR","og_type":"article","og_title":"Master of Complications - FORDE","og_description":"Exposition d&rsquo;oeuvres miniatures dans le cadre de l&rsquo;Uzin\u00e9c\u00e9zamis 5 \u2013 8 d\u00e9cembre 2007 Avec Michel Albasini, Delphine Battiaz, Pierre-Andr\u00e9 Boo, Marion Burnier, Philippe D. Eliopoulos, David Evrard, Filippo Filliger, Jo\u00eblle Flumet, Vidya Gastaldon, Olivier Genoud, Vincent Kohler, Andrea Lapsezon, Jean-Luc Manz, Elena Montesinos, C\u00e9cile N&rsquo;Duhirane, Karim Noureldin, Katherine Oggier, C\u00e9line Peruzzo, Guillaume Pilet, Luc Portianucha, [&hellip;]","og_url":"https:\/\/themontesinosfoundation.org\/forde\/archives-2\/2006-2008\/master-of-complications\/","og_site_name":"FORDE","og_image":[{"width":470,"height":314,"url":"https:\/\/themontesinosfoundation.org\/forde\/wp-content\/uploads\/2014\/04\/3ffc79eb4d.jpg","type":"image\/jpeg"}],"twitter_card":"summary_large_image","schema":{"@context":"https:\/\/schema.org","@graph":[{"@type":"WebPage","@id":"https:\/\/themontesinosfoundation.org\/forde\/archives-2\/2006-2008\/master-of-complications\/","url":"https:\/\/themontesinosfoundation.org\/forde\/archives-2\/2006-2008\/master-of-complications\/","name":"Master of Complications - FORDE","isPartOf":{"@id":"https:\/\/themontesinosfoundation.org\/forde\/#website"},"primaryImageOfPage":{"@id":"https:\/\/themontesinosfoundation.org\/forde\/archives-2\/2006-2008\/master-of-complications\/#primaryimage"},"image":{"@id":"https:\/\/themontesinosfoundation.org\/forde\/archives-2\/2006-2008\/master-of-complications\/#primaryimage"},"thumbnailUrl":"https:\/\/themontesinosfoundation.org\/forde\/wp-content\/uploads\/2014\/04\/3ffc79eb4d.jpg","datePublished":"2014-04-07T16:05:43+00:00","breadcrumb":{"@id":"https:\/\/themontesinosfoundation.org\/forde\/archives-2\/2006-2008\/master-of-complications\/#breadcrumb"},"inLanguage":"fr-FR","potentialAction":[{"@type":"ReadAction","target":["https:\/\/themontesinosfoundation.org\/forde\/archives-2\/2006-2008\/master-of-complications\/"]}]},{"@type":"ImageObject","inLanguage":"fr-FR","@id":"https:\/\/themontesinosfoundation.org\/forde\/archives-2\/2006-2008\/master-of-complications\/#primaryimage","url":"https:\/\/themontesinosfoundation.org\/forde\/wp-content\/uploads\/2014\/04\/3ffc79eb4d.jpg","contentUrl":"https:\/\/themontesinosfoundation.org\/forde\/wp-content\/uploads\/2014\/04\/3ffc79eb4d.jpg","width":470,"height":314},{"@type":"BreadcrumbList","@id":"https:\/\/themontesinosfoundation.org\/forde\/archives-2\/2006-2008\/master-of-complications\/#breadcrumb","itemListElement":[{"@type":"ListItem","position":1,"name":"Accueil","item":"https:\/\/themontesinosfoundation.org\/forde\/"},{"@type":"ListItem","position":2,"name":"Archives","item":"https:\/\/themontesinosfoundation.org\/forde\/archives-2\/"},{"@type":"ListItem","position":3,"name":"2006 &#8211; 2008","item":"https:\/\/themontesinosfoundation.org\/forde\/archives-2\/2006-2008\/"},{"@type":"ListItem","position":4,"name":"Master of Complications"}]},{"@type":"WebSite","@id":"https:\/\/themontesinosfoundation.org\/forde\/#website","url":"https:\/\/themontesinosfoundation.org\/forde\/","name":"FORDE","description":"2012-2014","publisher":{"@id":"https:\/\/themontesinosfoundation.org\/forde\/#organization"},"potentialAction":[{"@type":"SearchAction","target":{"@type":"EntryPoint","urlTemplate":"https:\/\/themontesinosfoundation.org\/forde\/?s={search_term_string}"},"query-input":{"@type":"PropertyValueSpecification","valueRequired":true,"valueName":"search_term_string"}}],"inLanguage":"fr-FR"},{"@type":"Organization","@id":"https:\/\/themontesinosfoundation.org\/forde\/#organization","name":"FORDE","url":"https:\/\/themontesinosfoundation.org\/forde\/","logo":{"@type":"ImageObject","inLanguage":"fr-FR","@id":"https:\/\/themontesinosfoundation.org\/forde\/#\/schema\/logo\/image\/","url":"https:\/\/themontesinosfoundation.org\/forde\/wp-content\/uploads\/2014\/07\/logo-forde.png","contentUrl":"https:\/\/themontesinosfoundation.org\/forde\/wp-content\/uploads\/2014\/07\/logo-forde.png","width":735,"height":734,"caption":"FORDE"},"image":{"@id":"https:\/\/themontesinosfoundation.org\/forde\/#\/schema\/logo\/image\/"}}]}},"_links":{"self":[{"href":"https:\/\/themontesinosfoundation.org\/forde\/wp-json\/wp\/v2\/pages\/1435","targetHints":{"allow":["GET"]}}],"collection":[{"href":"https:\/\/themontesinosfoundation.org\/forde\/wp-json\/wp\/v2\/pages"}],"about":[{"href":"https:\/\/themontesinosfoundation.org\/forde\/wp-json\/wp\/v2\/types\/page"}],"author":[{"embeddable":true,"href":"https:\/\/themontesinosfoundation.org\/forde\/wp-json\/wp\/v2\/users\/2"}],"replies":[{"embeddable":true,"href":"https:\/\/themontesinosfoundation.org\/forde\/wp-json\/wp\/v2\/comments?post=1435"}],"version-history":[{"count":0,"href":"https:\/\/themontesinosfoundation.org\/forde\/wp-json\/wp\/v2\/pages\/1435\/revisions"}],"up":[{"embeddable":true,"href":"https:\/\/themontesinosfoundation.org\/forde\/wp-json\/wp\/v2\/pages\/806"}],"wp:attachment":[{"href":"https:\/\/themontesinosfoundation.org\/forde\/wp-json\/wp\/v2\/media?parent=1435"}],"curies":[{"name":"wp","href":"https:\/\/api.w.org\/{rel}","templated":true}]}}