{"id":1392,"date":"2014-04-07T16:48:43","date_gmt":"2014-04-07T15:48:43","guid":{"rendered":"http:\/\/www.forde.ch\/?page_id=1392"},"modified":"2014-04-07T16:48:43","modified_gmt":"2014-04-07T15:48:43","slug":"talking-objects-i","status":"publish","type":"page","link":"https:\/\/themontesinosfoundation.org\/forde\/archives-2\/2006-2008\/talking-objects-i\/","title":{"rendered":"Talking Objects I"},"content":{"rendered":"<h2><span class=\"Apple-style-span\" style=\"font-weight: normal; font-size: 13px;\">1er avril \u2013 3 mai 2008<\/span><\/h2>\n<p>&nbsp;<\/p>\n<p>Un sc\u00e9nario d\u2019exposition en plusieurs \u00e9pisodes con\u00e7u par Donatella Bernardi<br \/>Avec la participation de Donatella Bernardi, Louis Brennan ofm, Rudy Deceli\u00e8re, Sebastian Herkner, Paxon, Manuel Schmalstieg, Deirdre The Bard, Niels Wehrspann, Zorro &amp; Bernardo<\/p>\n<p>1er avril, 18h : Le caract\u00e8re destructeur<br \/>7 avril, 18h : The Petrol Menagerie<br \/>10 avril, 12h15\u201313h15 : Rencontres contemporaines<br \/>14 avril, 18\u201321h : G\u00e9nuflexion\u00a0<\/p>\n<p>&nbsp;<\/p>\n<p><a href=\"https:\/\/themontesinosfoundation.org\/forde\/wp-content\/uploads\/2014\/04\/t0bj03.jpg\"><img loading=\"lazy\" decoding=\"async\" class=\"aligncenter size-full wp-image-1393\" alt=\"t0bj03\" src=\"https:\/\/themontesinosfoundation.org\/forde\/wp-content\/uploads\/2014\/04\/t0bj03.jpg\" width=\"384\" height=\"288\" srcset=\"https:\/\/themontesinosfoundation.org\/forde\/wp-content\/uploads\/2014\/04\/t0bj03.jpg 384w, https:\/\/themontesinosfoundation.org\/forde\/wp-content\/uploads\/2014\/04\/t0bj03-300x225.jpg 300w\" sizes=\"auto, (max-width: 384px) 100vw, 384px\" \/><\/a> <a href=\"https:\/\/themontesinosfoundation.org\/forde\/wp-content\/uploads\/2014\/04\/tobjk5.jpg\"><img loading=\"lazy\" decoding=\"async\" class=\"aligncenter size-full wp-image-1397\" alt=\"tobjk5\" src=\"https:\/\/themontesinosfoundation.org\/forde\/wp-content\/uploads\/2014\/04\/tobjk5.jpg\" width=\"383\" height=\"288\" srcset=\"https:\/\/themontesinosfoundation.org\/forde\/wp-content\/uploads\/2014\/04\/tobjk5.jpg 383w, https:\/\/themontesinosfoundation.org\/forde\/wp-content\/uploads\/2014\/04\/tobjk5-300x225.jpg 300w\" sizes=\"auto, (max-width: 383px) 100vw, 383px\" \/><\/a> <a href=\"https:\/\/themontesinosfoundation.org\/forde\/wp-content\/uploads\/2014\/04\/tObjects01.jpg\"><img loading=\"lazy\" decoding=\"async\" class=\"aligncenter size-medium wp-image-1396\" alt=\"tObjects01\" src=\"https:\/\/themontesinosfoundation.org\/forde\/wp-content\/uploads\/2014\/04\/tObjects01.jpg\" width=\"383\" height=\"287\" srcset=\"https:\/\/themontesinosfoundation.org\/forde\/wp-content\/uploads\/2014\/04\/tObjects01.jpg 383w, https:\/\/themontesinosfoundation.org\/forde\/wp-content\/uploads\/2014\/04\/tObjects01-300x224.jpg 300w\" sizes=\"auto, (max-width: 383px) 100vw, 383px\" \/><\/a> <a href=\"https:\/\/themontesinosfoundation.org\/forde\/wp-content\/uploads\/2014\/04\/tobject04.jpg\"><img loading=\"lazy\" decoding=\"async\" class=\"aligncenter size-medium wp-image-1395\" alt=\"tobject04\" src=\"https:\/\/themontesinosfoundation.org\/forde\/wp-content\/uploads\/2014\/04\/tobject04.jpg\" width=\"384\" height=\"286\" srcset=\"https:\/\/themontesinosfoundation.org\/forde\/wp-content\/uploads\/2014\/04\/tobject04.jpg 384w, https:\/\/themontesinosfoundation.org\/forde\/wp-content\/uploads\/2014\/04\/tobject04-300x223.jpg 300w\" sizes=\"auto, (max-width: 384px) 100vw, 384px\" \/><\/a> <a href=\"https:\/\/themontesinosfoundation.org\/forde\/wp-content\/uploads\/2014\/04\/tobj02.jpg\"><img loading=\"lazy\" decoding=\"async\" class=\"aligncenter size-medium wp-image-1394\" alt=\"tobj02\" src=\"https:\/\/themontesinosfoundation.org\/forde\/wp-content\/uploads\/2014\/04\/tobj02.jpg\" width=\"383\" height=\"288\" srcset=\"https:\/\/themontesinosfoundation.org\/forde\/wp-content\/uploads\/2014\/04\/tobj02.jpg 383w, https:\/\/themontesinosfoundation.org\/forde\/wp-content\/uploads\/2014\/04\/tobj02-300x225.jpg 300w\" sizes=\"auto, (max-width: 383px) 100vw, 383px\" \/><\/a><\/p>\n","protected":false},"excerpt":{"rendered":"<p>1er avril \u2013 3 mai 2008 &nbsp; Un sc\u00e9nario d\u2019exposition en plusieurs \u00e9pisodes con\u00e7u par Donatella BernardiAvec la participation de Donatella Bernardi, Louis Brennan ofm, Rudy Deceli\u00e8re, Sebastian Herkner, Paxon, Manuel Schmalstieg, Deirdre The Bard, Niels Wehrspann, Zorro &amp; Bernardo 1er avril, 18h : Le caract\u00e8re destructeur7 avril, 18h : The Petrol Menagerie10 avril, 12h15\u201313h15 [&hellip;]<\/p>\n","protected":false},"author":2,"featured_media":0,"parent":806,"menu_order":0,"comment_status":"closed","ping_status":"open","template":"","meta":{"footnotes":""},"class_list":["post-1392","page","type-page","status-publish","hentry"],"yoast_head":"<!-- This site is optimized with the Yoast SEO plugin v27.4 - https:\/\/yoast.com\/product\/yoast-seo-wordpress\/ -->\n<title>Talking Objects I - FORDE<\/title>\n<meta name=\"robots\" content=\"index, follow, max-snippet:-1, max-image-preview:large, max-video-preview:-1\" \/>\n<link rel=\"canonical\" href=\"https:\/\/themontesinosfoundation.org\/forde\/archives-2\/2006-2008\/talking-objects-i\/\" \/>\n<meta property=\"og:locale\" content=\"fr_FR\" \/>\n<meta property=\"og:type\" content=\"article\" \/>\n<meta property=\"og:title\" content=\"Talking Objects I - FORDE\" \/>\n<meta property=\"og:description\" content=\"1er avril \u2013 3 mai 2008 &nbsp; Un sc\u00e9nario d\u2019exposition en plusieurs \u00e9pisodes con\u00e7u par Donatella BernardiAvec la participation de Donatella Bernardi, Louis Brennan ofm, Rudy Deceli\u00e8re, Sebastian Herkner, Paxon, Manuel Schmalstieg, Deirdre The Bard, Niels Wehrspann, Zorro &amp; Bernardo 1er avril, 18h : Le caract\u00e8re destructeur7 avril, 18h : The Petrol Menagerie10 avril, 12h15\u201313h15 [&hellip;]\" \/>\n<meta property=\"og:url\" content=\"https:\/\/themontesinosfoundation.org\/forde\/archives-2\/2006-2008\/talking-objects-i\/\" \/>\n<meta property=\"og:site_name\" content=\"FORDE\" \/>\n<meta property=\"og:image\" content=\"https:\/\/themontesinosfoundation.org\/forde\/wp-content\/uploads\/2014\/04\/t0bj03.jpg\" \/>\n\t<meta property=\"og:image:width\" content=\"384\" \/>\n\t<meta property=\"og:image:height\" content=\"288\" \/>\n\t<meta property=\"og:image:type\" content=\"image\/jpeg\" \/>\n<meta name=\"twitter:card\" content=\"summary_large_image\" \/>\n<script type=\"application\/ld+json\" class=\"yoast-schema-graph\">{\"@context\":\"https:\\\/\\\/schema.org\",\"@graph\":[{\"@type\":\"WebPage\",\"@id\":\"https:\\\/\\\/themontesinosfoundation.org\\\/forde\\\/archives-2\\\/2006-2008\\\/talking-objects-i\\\/\",\"url\":\"https:\\\/\\\/themontesinosfoundation.org\\\/forde\\\/archives-2\\\/2006-2008\\\/talking-objects-i\\\/\",\"name\":\"Talking Objects I - FORDE\",\"isPartOf\":{\"@id\":\"https:\\\/\\\/themontesinosfoundation.org\\\/forde\\\/#website\"},\"primaryImageOfPage\":{\"@id\":\"https:\\\/\\\/themontesinosfoundation.org\\\/forde\\\/archives-2\\\/2006-2008\\\/talking-objects-i\\\/#primaryimage\"},\"image\":{\"@id\":\"https:\\\/\\\/themontesinosfoundation.org\\\/forde\\\/archives-2\\\/2006-2008\\\/talking-objects-i\\\/#primaryimage\"},\"thumbnailUrl\":\"https:\\\/\\\/themontesinosfoundation.org\\\/forde\\\/wp-content\\\/uploads\\\/2014\\\/04\\\/t0bj03.jpg\",\"datePublished\":\"2014-04-07T15:48:43+00:00\",\"breadcrumb\":{\"@id\":\"https:\\\/\\\/themontesinosfoundation.org\\\/forde\\\/archives-2\\\/2006-2008\\\/talking-objects-i\\\/#breadcrumb\"},\"inLanguage\":\"fr-FR\",\"potentialAction\":[{\"@type\":\"ReadAction\",\"target\":[\"https:\\\/\\\/themontesinosfoundation.org\\\/forde\\\/archives-2\\\/2006-2008\\\/talking-objects-i\\\/\"]}]},{\"@type\":\"ImageObject\",\"inLanguage\":\"fr-FR\",\"@id\":\"https:\\\/\\\/themontesinosfoundation.org\\\/forde\\\/archives-2\\\/2006-2008\\\/talking-objects-i\\\/#primaryimage\",\"url\":\"https:\\\/\\\/themontesinosfoundation.org\\\/forde\\\/wp-content\\\/uploads\\\/2014\\\/04\\\/t0bj03.jpg\",\"contentUrl\":\"https:\\\/\\\/themontesinosfoundation.org\\\/forde\\\/wp-content\\\/uploads\\\/2014\\\/04\\\/t0bj03.jpg\",\"width\":384,\"height\":288},{\"@type\":\"BreadcrumbList\",\"@id\":\"https:\\\/\\\/themontesinosfoundation.org\\\/forde\\\/archives-2\\\/2006-2008\\\/talking-objects-i\\\/#breadcrumb\",\"itemListElement\":[{\"@type\":\"ListItem\",\"position\":1,\"name\":\"Accueil\",\"item\":\"https:\\\/\\\/themontesinosfoundation.org\\\/forde\\\/\"},{\"@type\":\"ListItem\",\"position\":2,\"name\":\"Archives\",\"item\":\"https:\\\/\\\/themontesinosfoundation.org\\\/forde\\\/archives-2\\\/\"},{\"@type\":\"ListItem\",\"position\":3,\"name\":\"2006 &#8211; 2008\",\"item\":\"https:\\\/\\\/themontesinosfoundation.org\\\/forde\\\/archives-2\\\/2006-2008\\\/\"},{\"@type\":\"ListItem\",\"position\":4,\"name\":\"Talking Objects I\"}]},{\"@type\":\"WebSite\",\"@id\":\"https:\\\/\\\/themontesinosfoundation.org\\\/forde\\\/#website\",\"url\":\"https:\\\/\\\/themontesinosfoundation.org\\\/forde\\\/\",\"name\":\"FORDE\",\"description\":\"2012-2014\",\"publisher\":{\"@id\":\"https:\\\/\\\/themontesinosfoundation.org\\\/forde\\\/#organization\"},\"potentialAction\":[{\"@type\":\"SearchAction\",\"target\":{\"@type\":\"EntryPoint\",\"urlTemplate\":\"https:\\\/\\\/themontesinosfoundation.org\\\/forde\\\/?s={search_term_string}\"},\"query-input\":{\"@type\":\"PropertyValueSpecification\",\"valueRequired\":true,\"valueName\":\"search_term_string\"}}],\"inLanguage\":\"fr-FR\"},{\"@type\":\"Organization\",\"@id\":\"https:\\\/\\\/themontesinosfoundation.org\\\/forde\\\/#organization\",\"name\":\"FORDE\",\"url\":\"https:\\\/\\\/themontesinosfoundation.org\\\/forde\\\/\",\"logo\":{\"@type\":\"ImageObject\",\"inLanguage\":\"fr-FR\",\"@id\":\"https:\\\/\\\/themontesinosfoundation.org\\\/forde\\\/#\\\/schema\\\/logo\\\/image\\\/\",\"url\":\"https:\\\/\\\/themontesinosfoundation.org\\\/forde\\\/wp-content\\\/uploads\\\/2014\\\/07\\\/logo-forde.png\",\"contentUrl\":\"https:\\\/\\\/themontesinosfoundation.org\\\/forde\\\/wp-content\\\/uploads\\\/2014\\\/07\\\/logo-forde.png\",\"width\":735,\"height\":734,\"caption\":\"FORDE\"},\"image\":{\"@id\":\"https:\\\/\\\/themontesinosfoundation.org\\\/forde\\\/#\\\/schema\\\/logo\\\/image\\\/\"}}]}<\/script>\n<!-- \/ Yoast SEO plugin. -->","yoast_head_json":{"title":"Talking Objects I - FORDE","robots":{"index":"index","follow":"follow","max-snippet":"max-snippet:-1","max-image-preview":"max-image-preview:large","max-video-preview":"max-video-preview:-1"},"canonical":"https:\/\/themontesinosfoundation.org\/forde\/archives-2\/2006-2008\/talking-objects-i\/","og_locale":"fr_FR","og_type":"article","og_title":"Talking Objects I - FORDE","og_description":"1er avril \u2013 3 mai 2008 &nbsp; Un sc\u00e9nario d\u2019exposition en plusieurs \u00e9pisodes con\u00e7u par Donatella BernardiAvec la participation de Donatella Bernardi, Louis Brennan ofm, Rudy Deceli\u00e8re, Sebastian Herkner, Paxon, Manuel Schmalstieg, Deirdre The Bard, Niels Wehrspann, Zorro &amp; Bernardo 1er avril, 18h : Le caract\u00e8re destructeur7 avril, 18h : The Petrol Menagerie10 avril, 12h15\u201313h15 [&hellip;]","og_url":"https:\/\/themontesinosfoundation.org\/forde\/archives-2\/2006-2008\/talking-objects-i\/","og_site_name":"FORDE","og_image":[{"width":384,"height":288,"url":"https:\/\/themontesinosfoundation.org\/forde\/wp-content\/uploads\/2014\/04\/t0bj03.jpg","type":"image\/jpeg"}],"twitter_card":"summary_large_image","schema":{"@context":"https:\/\/schema.org","@graph":[{"@type":"WebPage","@id":"https:\/\/themontesinosfoundation.org\/forde\/archives-2\/2006-2008\/talking-objects-i\/","url":"https:\/\/themontesinosfoundation.org\/forde\/archives-2\/2006-2008\/talking-objects-i\/","name":"Talking Objects I - FORDE","isPartOf":{"@id":"https:\/\/themontesinosfoundation.org\/forde\/#website"},"primaryImageOfPage":{"@id":"https:\/\/themontesinosfoundation.org\/forde\/archives-2\/2006-2008\/talking-objects-i\/#primaryimage"},"image":{"@id":"https:\/\/themontesinosfoundation.org\/forde\/archives-2\/2006-2008\/talking-objects-i\/#primaryimage"},"thumbnailUrl":"https:\/\/themontesinosfoundation.org\/forde\/wp-content\/uploads\/2014\/04\/t0bj03.jpg","datePublished":"2014-04-07T15:48:43+00:00","breadcrumb":{"@id":"https:\/\/themontesinosfoundation.org\/forde\/archives-2\/2006-2008\/talking-objects-i\/#breadcrumb"},"inLanguage":"fr-FR","potentialAction":[{"@type":"ReadAction","target":["https:\/\/themontesinosfoundation.org\/forde\/archives-2\/2006-2008\/talking-objects-i\/"]}]},{"@type":"ImageObject","inLanguage":"fr-FR","@id":"https:\/\/themontesinosfoundation.org\/forde\/archives-2\/2006-2008\/talking-objects-i\/#primaryimage","url":"https:\/\/themontesinosfoundation.org\/forde\/wp-content\/uploads\/2014\/04\/t0bj03.jpg","contentUrl":"https:\/\/themontesinosfoundation.org\/forde\/wp-content\/uploads\/2014\/04\/t0bj03.jpg","width":384,"height":288},{"@type":"BreadcrumbList","@id":"https:\/\/themontesinosfoundation.org\/forde\/archives-2\/2006-2008\/talking-objects-i\/#breadcrumb","itemListElement":[{"@type":"ListItem","position":1,"name":"Accueil","item":"https:\/\/themontesinosfoundation.org\/forde\/"},{"@type":"ListItem","position":2,"name":"Archives","item":"https:\/\/themontesinosfoundation.org\/forde\/archives-2\/"},{"@type":"ListItem","position":3,"name":"2006 &#8211; 2008","item":"https:\/\/themontesinosfoundation.org\/forde\/archives-2\/2006-2008\/"},{"@type":"ListItem","position":4,"name":"Talking Objects I"}]},{"@type":"WebSite","@id":"https:\/\/themontesinosfoundation.org\/forde\/#website","url":"https:\/\/themontesinosfoundation.org\/forde\/","name":"FORDE","description":"2012-2014","publisher":{"@id":"https:\/\/themontesinosfoundation.org\/forde\/#organization"},"potentialAction":[{"@type":"SearchAction","target":{"@type":"EntryPoint","urlTemplate":"https:\/\/themontesinosfoundation.org\/forde\/?s={search_term_string}"},"query-input":{"@type":"PropertyValueSpecification","valueRequired":true,"valueName":"search_term_string"}}],"inLanguage":"fr-FR"},{"@type":"Organization","@id":"https:\/\/themontesinosfoundation.org\/forde\/#organization","name":"FORDE","url":"https:\/\/themontesinosfoundation.org\/forde\/","logo":{"@type":"ImageObject","inLanguage":"fr-FR","@id":"https:\/\/themontesinosfoundation.org\/forde\/#\/schema\/logo\/image\/","url":"https:\/\/themontesinosfoundation.org\/forde\/wp-content\/uploads\/2014\/07\/logo-forde.png","contentUrl":"https:\/\/themontesinosfoundation.org\/forde\/wp-content\/uploads\/2014\/07\/logo-forde.png","width":735,"height":734,"caption":"FORDE"},"image":{"@id":"https:\/\/themontesinosfoundation.org\/forde\/#\/schema\/logo\/image\/"}}]}},"_links":{"self":[{"href":"https:\/\/themontesinosfoundation.org\/forde\/wp-json\/wp\/v2\/pages\/1392","targetHints":{"allow":["GET"]}}],"collection":[{"href":"https:\/\/themontesinosfoundation.org\/forde\/wp-json\/wp\/v2\/pages"}],"about":[{"href":"https:\/\/themontesinosfoundation.org\/forde\/wp-json\/wp\/v2\/types\/page"}],"author":[{"embeddable":true,"href":"https:\/\/themontesinosfoundation.org\/forde\/wp-json\/wp\/v2\/users\/2"}],"replies":[{"embeddable":true,"href":"https:\/\/themontesinosfoundation.org\/forde\/wp-json\/wp\/v2\/comments?post=1392"}],"version-history":[{"count":0,"href":"https:\/\/themontesinosfoundation.org\/forde\/wp-json\/wp\/v2\/pages\/1392\/revisions"}],"up":[{"embeddable":true,"href":"https:\/\/themontesinosfoundation.org\/forde\/wp-json\/wp\/v2\/pages\/806"}],"wp:attachment":[{"href":"https:\/\/themontesinosfoundation.org\/forde\/wp-json\/wp\/v2\/media?parent=1392"}],"curies":[{"name":"wp","href":"https:\/\/api.w.org\/{rel}","templated":true}]}}