{"id":1350,"date":"2014-04-07T16:33:19","date_gmt":"2014-04-07T15:33:19","guid":{"rendered":"http:\/\/www.forde.ch\/?page_id=1350"},"modified":"2014-04-07T16:33:19","modified_gmt":"2014-04-07T15:33:19","slug":"circa-circe","status":"publish","type":"page","link":"https:\/\/themontesinosfoundation.org\/forde\/archives-2\/2004-2006\/circa-circe\/","title":{"rendered":"Circa Circ\u00e9"},"content":{"rendered":"<h2>Karina Bisch, Nicolas Chardon, Philippe Decrauzat et Wayde Guyton<\/h2>\n<p>Exposition du 2 octobre au 20 novembre 2004<\/p>\n<p>&nbsp;<\/p>\n<p>\u201cCirca\u201d peut d\u00e9signer une datation approximative.\u201cCirc\u00e9\u201d, fille du Soleil et de Perseis, est la magicienne qui a pi\u00e9g\u00e9 les compagnons d&rsquo;Ulysse en les transformant en pourceaux.<\/p>\n<p>&nbsp;<\/p>\n<p>Le titre n\u2019induit aucune dichotomie. Il est constitu\u00e9 simplement des champs que circonscrivent ses deux termes. Intitul\u00e9e ainsi l\u2019exposition \u00e9voque autant les notions d\u2019histoire que de mythologie. Elle renvoie dos \u00e0 dos les notions de temps et de pi\u00e8ges, de flottements temporels et de s\u00e9duction.Les artistes pr\u00e9sents dans cette exposition connaissent les d\u00e9voiements (r\u00e9ifications, effets de style) dont ont parfois \u00e9t\u00e9 victimes certaines tentatives de radicalisation de l&rsquo;art. Ils sont bien conscients \u00e9galement des ambigu\u00eft\u00e9s qui r\u00e9gissent ces projets historiques et qu&rsquo;ils tentent d&rsquo;interroger.L\u2019enluminure pourrait \u00eatre un objet exemplaire de toutes ces ambivalences. Il est autant document verbal que marge d\u00e9cor\u00e9e, autant objet historique que surface fascinante.<\/p>\n<p>&nbsp;<\/p>\n<p><a href=\"https:\/\/themontesinosfoundation.org\/forde\/wp-content\/uploads\/2014\/04\/0db6ae4a06.jpg\"><img loading=\"lazy\" decoding=\"async\" class=\"aligncenter size-full wp-image-1359\" alt=\"0db6ae4a06\" src=\"https:\/\/themontesinosfoundation.org\/forde\/wp-content\/uploads\/2014\/04\/0db6ae4a06.jpg\" width=\"470\" height=\"353\" srcset=\"https:\/\/themontesinosfoundation.org\/forde\/wp-content\/uploads\/2014\/04\/0db6ae4a06.jpg 470w, https:\/\/themontesinosfoundation.org\/forde\/wp-content\/uploads\/2014\/04\/0db6ae4a06-399x300.jpg 399w, https:\/\/themontesinosfoundation.org\/forde\/wp-content\/uploads\/2014\/04\/0db6ae4a06-450x338.jpg 450w, https:\/\/themontesinosfoundation.org\/forde\/wp-content\/uploads\/2014\/04\/0db6ae4a06-300x225.jpg 300w\" sizes=\"auto, (max-width: 470px) 100vw, 470px\" \/><\/a> <a href=\"https:\/\/themontesinosfoundation.org\/forde\/wp-content\/uploads\/2014\/04\/circa-017-web_01.jpg\"><img loading=\"lazy\" decoding=\"async\" class=\"aligncenter size-medium wp-image-1360\" alt=\"circa-017-web_01\" src=\"https:\/\/themontesinosfoundation.org\/forde\/wp-content\/uploads\/2014\/04\/circa-017-web_01.jpg\" width=\"353\" height=\"470\" srcset=\"https:\/\/themontesinosfoundation.org\/forde\/wp-content\/uploads\/2014\/04\/circa-017-web_01.jpg 353w, https:\/\/themontesinosfoundation.org\/forde\/wp-content\/uploads\/2014\/04\/circa-017-web_01-225x300.jpg 225w\" sizes=\"auto, (max-width: 353px) 100vw, 353px\" \/><\/a> <a href=\"https:\/\/themontesinosfoundation.org\/forde\/wp-content\/uploads\/2014\/04\/circa-web_02.jpg\"><img loading=\"lazy\" decoding=\"async\" class=\"aligncenter size-medium wp-image-1361\" alt=\"circa-web_02\" src=\"https:\/\/themontesinosfoundation.org\/forde\/wp-content\/uploads\/2014\/04\/circa-web_02.jpg\" width=\"354\" height=\"472\" srcset=\"https:\/\/themontesinosfoundation.org\/forde\/wp-content\/uploads\/2014\/04\/circa-web_02.jpg 354w, https:\/\/themontesinosfoundation.org\/forde\/wp-content\/uploads\/2014\/04\/circa-web_02-225x300.jpg 225w\" sizes=\"auto, (max-width: 354px) 100vw, 354px\" \/><\/a> <a href=\"https:\/\/themontesinosfoundation.org\/forde\/wp-content\/uploads\/2014\/04\/circa1.jpg\"><img loading=\"lazy\" decoding=\"async\" class=\"aligncenter size-medium wp-image-1362\" alt=\"circa1\" src=\"https:\/\/themontesinosfoundation.org\/forde\/wp-content\/uploads\/2014\/04\/circa1.jpg\" width=\"375\" height=\"470\" srcset=\"https:\/\/themontesinosfoundation.org\/forde\/wp-content\/uploads\/2014\/04\/circa1.jpg 375w, https:\/\/themontesinosfoundation.org\/forde\/wp-content\/uploads\/2014\/04\/circa1-239x300.jpg 239w\" sizes=\"auto, (max-width: 375px) 100vw, 375px\" \/><\/a> <a href=\"https:\/\/themontesinosfoundation.org\/forde\/wp-content\/uploads\/2014\/04\/circa2.jpg\"><img loading=\"lazy\" decoding=\"async\" class=\"aligncenter size-medium wp-image-1363\" alt=\"circa2\" src=\"https:\/\/themontesinosfoundation.org\/forde\/wp-content\/uploads\/2014\/04\/circa2.jpg\" width=\"470\" height=\"368\" srcset=\"https:\/\/themontesinosfoundation.org\/forde\/wp-content\/uploads\/2014\/04\/circa2.jpg 470w, https:\/\/themontesinosfoundation.org\/forde\/wp-content\/uploads\/2014\/04\/circa2-383x300.jpg 383w, https:\/\/themontesinosfoundation.org\/forde\/wp-content\/uploads\/2014\/04\/circa2-450x352.jpg 450w, https:\/\/themontesinosfoundation.org\/forde\/wp-content\/uploads\/2014\/04\/circa2-300x234.jpg 300w\" sizes=\"auto, (max-width: 470px) 100vw, 470px\" \/><\/a> <a href=\"https:\/\/themontesinosfoundation.org\/forde\/wp-content\/uploads\/2014\/04\/circa3_01.jpg\"><img loading=\"lazy\" decoding=\"async\" class=\"aligncenter size-medium wp-image-1364\" alt=\"circa3_01\" src=\"https:\/\/themontesinosfoundation.org\/forde\/wp-content\/uploads\/2014\/04\/circa3_01.jpg\" width=\"381\" height=\"470\" srcset=\"https:\/\/themontesinosfoundation.org\/forde\/wp-content\/uploads\/2014\/04\/circa3_01.jpg 381w, https:\/\/themontesinosfoundation.org\/forde\/wp-content\/uploads\/2014\/04\/circa3_01-243x300.jpg 243w\" sizes=\"auto, (max-width: 381px) 100vw, 381px\" \/><\/a><\/p>\n","protected":false},"excerpt":{"rendered":"<p>Karina Bisch, Nicolas Chardon, Philippe Decrauzat et Wayde Guyton Exposition du 2 octobre au 20 novembre 2004 &nbsp; \u201cCirca\u201d peut d\u00e9signer une datation approximative.\u201cCirc\u00e9\u201d, fille du Soleil et de Perseis, est la magicienne qui a pi\u00e9g\u00e9 les compagnons d&rsquo;Ulysse en les transformant en pourceaux. &nbsp; Le titre n\u2019induit aucune dichotomie. Il est constitu\u00e9 simplement des [&hellip;]<\/p>\n","protected":false},"author":2,"featured_media":0,"parent":805,"menu_order":0,"comment_status":"closed","ping_status":"open","template":"","meta":{"footnotes":""},"class_list":["post-1350","page","type-page","status-publish","hentry"],"yoast_head":"<!-- This site is optimized with the Yoast SEO plugin v27.4 - https:\/\/yoast.com\/product\/yoast-seo-wordpress\/ -->\n<title>Circa Circ\u00e9 - FORDE<\/title>\n<meta name=\"robots\" content=\"index, follow, max-snippet:-1, max-image-preview:large, max-video-preview:-1\" \/>\n<link rel=\"canonical\" href=\"https:\/\/themontesinosfoundation.org\/forde\/archives-2\/2004-2006\/circa-circe\/\" \/>\n<meta property=\"og:locale\" content=\"fr_FR\" \/>\n<meta property=\"og:type\" content=\"article\" \/>\n<meta property=\"og:title\" content=\"Circa Circ\u00e9 - FORDE\" \/>\n<meta property=\"og:description\" content=\"Karina Bisch, Nicolas Chardon, Philippe Decrauzat et Wayde Guyton Exposition du 2 octobre au 20 novembre 2004 &nbsp; \u201cCirca\u201d peut d\u00e9signer une datation approximative.\u201cCirc\u00e9\u201d, fille du Soleil et de Perseis, est la magicienne qui a pi\u00e9g\u00e9 les compagnons d&rsquo;Ulysse en les transformant en pourceaux. &nbsp; Le titre n\u2019induit aucune dichotomie. Il est constitu\u00e9 simplement des [&hellip;]\" \/>\n<meta property=\"og:url\" content=\"https:\/\/themontesinosfoundation.org\/forde\/archives-2\/2004-2006\/circa-circe\/\" \/>\n<meta property=\"og:site_name\" content=\"FORDE\" \/>\n<meta property=\"og:image\" content=\"https:\/\/themontesinosfoundation.org\/forde\/wp-content\/uploads\/2014\/04\/0db6ae4a06.jpg\" \/>\n\t<meta property=\"og:image:width\" content=\"470\" \/>\n\t<meta property=\"og:image:height\" content=\"353\" \/>\n\t<meta property=\"og:image:type\" content=\"image\/jpeg\" \/>\n<meta name=\"twitter:card\" content=\"summary_large_image\" \/>\n<meta name=\"twitter:label1\" content=\"Dur\u00e9e de lecture estim\u00e9e\" \/>\n\t<meta name=\"twitter:data1\" content=\"1 minute\" \/>\n<script type=\"application\/ld+json\" class=\"yoast-schema-graph\">{\"@context\":\"https:\\\/\\\/schema.org\",\"@graph\":[{\"@type\":\"WebPage\",\"@id\":\"https:\\\/\\\/themontesinosfoundation.org\\\/forde\\\/archives-2\\\/2004-2006\\\/circa-circe\\\/\",\"url\":\"https:\\\/\\\/themontesinosfoundation.org\\\/forde\\\/archives-2\\\/2004-2006\\\/circa-circe\\\/\",\"name\":\"Circa Circ\u00e9 - FORDE\",\"isPartOf\":{\"@id\":\"https:\\\/\\\/themontesinosfoundation.org\\\/forde\\\/#website\"},\"primaryImageOfPage\":{\"@id\":\"https:\\\/\\\/themontesinosfoundation.org\\\/forde\\\/archives-2\\\/2004-2006\\\/circa-circe\\\/#primaryimage\"},\"image\":{\"@id\":\"https:\\\/\\\/themontesinosfoundation.org\\\/forde\\\/archives-2\\\/2004-2006\\\/circa-circe\\\/#primaryimage\"},\"thumbnailUrl\":\"https:\\\/\\\/themontesinosfoundation.org\\\/forde\\\/wp-content\\\/uploads\\\/2014\\\/04\\\/0db6ae4a06.jpg\",\"datePublished\":\"2014-04-07T15:33:19+00:00\",\"breadcrumb\":{\"@id\":\"https:\\\/\\\/themontesinosfoundation.org\\\/forde\\\/archives-2\\\/2004-2006\\\/circa-circe\\\/#breadcrumb\"},\"inLanguage\":\"fr-FR\",\"potentialAction\":[{\"@type\":\"ReadAction\",\"target\":[\"https:\\\/\\\/themontesinosfoundation.org\\\/forde\\\/archives-2\\\/2004-2006\\\/circa-circe\\\/\"]}]},{\"@type\":\"ImageObject\",\"inLanguage\":\"fr-FR\",\"@id\":\"https:\\\/\\\/themontesinosfoundation.org\\\/forde\\\/archives-2\\\/2004-2006\\\/circa-circe\\\/#primaryimage\",\"url\":\"https:\\\/\\\/themontesinosfoundation.org\\\/forde\\\/wp-content\\\/uploads\\\/2014\\\/04\\\/0db6ae4a06.jpg\",\"contentUrl\":\"https:\\\/\\\/themontesinosfoundation.org\\\/forde\\\/wp-content\\\/uploads\\\/2014\\\/04\\\/0db6ae4a06.jpg\",\"width\":470,\"height\":353},{\"@type\":\"BreadcrumbList\",\"@id\":\"https:\\\/\\\/themontesinosfoundation.org\\\/forde\\\/archives-2\\\/2004-2006\\\/circa-circe\\\/#breadcrumb\",\"itemListElement\":[{\"@type\":\"ListItem\",\"position\":1,\"name\":\"Accueil\",\"item\":\"https:\\\/\\\/themontesinosfoundation.org\\\/forde\\\/\"},{\"@type\":\"ListItem\",\"position\":2,\"name\":\"Archives\",\"item\":\"https:\\\/\\\/themontesinosfoundation.org\\\/forde\\\/archives-2\\\/\"},{\"@type\":\"ListItem\",\"position\":3,\"name\":\"2004 &#8211; 2006\",\"item\":\"https:\\\/\\\/themontesinosfoundation.org\\\/forde\\\/archives-2\\\/2004-2006\\\/\"},{\"@type\":\"ListItem\",\"position\":4,\"name\":\"Circa Circ\u00e9\"}]},{\"@type\":\"WebSite\",\"@id\":\"https:\\\/\\\/themontesinosfoundation.org\\\/forde\\\/#website\",\"url\":\"https:\\\/\\\/themontesinosfoundation.org\\\/forde\\\/\",\"name\":\"FORDE\",\"description\":\"2012-2014\",\"publisher\":{\"@id\":\"https:\\\/\\\/themontesinosfoundation.org\\\/forde\\\/#organization\"},\"potentialAction\":[{\"@type\":\"SearchAction\",\"target\":{\"@type\":\"EntryPoint\",\"urlTemplate\":\"https:\\\/\\\/themontesinosfoundation.org\\\/forde\\\/?s={search_term_string}\"},\"query-input\":{\"@type\":\"PropertyValueSpecification\",\"valueRequired\":true,\"valueName\":\"search_term_string\"}}],\"inLanguage\":\"fr-FR\"},{\"@type\":\"Organization\",\"@id\":\"https:\\\/\\\/themontesinosfoundation.org\\\/forde\\\/#organization\",\"name\":\"FORDE\",\"url\":\"https:\\\/\\\/themontesinosfoundation.org\\\/forde\\\/\",\"logo\":{\"@type\":\"ImageObject\",\"inLanguage\":\"fr-FR\",\"@id\":\"https:\\\/\\\/themontesinosfoundation.org\\\/forde\\\/#\\\/schema\\\/logo\\\/image\\\/\",\"url\":\"https:\\\/\\\/themontesinosfoundation.org\\\/forde\\\/wp-content\\\/uploads\\\/2014\\\/07\\\/logo-forde.png\",\"contentUrl\":\"https:\\\/\\\/themontesinosfoundation.org\\\/forde\\\/wp-content\\\/uploads\\\/2014\\\/07\\\/logo-forde.png\",\"width\":735,\"height\":734,\"caption\":\"FORDE\"},\"image\":{\"@id\":\"https:\\\/\\\/themontesinosfoundation.org\\\/forde\\\/#\\\/schema\\\/logo\\\/image\\\/\"}}]}<\/script>\n<!-- \/ Yoast SEO plugin. -->","yoast_head_json":{"title":"Circa Circ\u00e9 - FORDE","robots":{"index":"index","follow":"follow","max-snippet":"max-snippet:-1","max-image-preview":"max-image-preview:large","max-video-preview":"max-video-preview:-1"},"canonical":"https:\/\/themontesinosfoundation.org\/forde\/archives-2\/2004-2006\/circa-circe\/","og_locale":"fr_FR","og_type":"article","og_title":"Circa Circ\u00e9 - FORDE","og_description":"Karina Bisch, Nicolas Chardon, Philippe Decrauzat et Wayde Guyton Exposition du 2 octobre au 20 novembre 2004 &nbsp; \u201cCirca\u201d peut d\u00e9signer une datation approximative.\u201cCirc\u00e9\u201d, fille du Soleil et de Perseis, est la magicienne qui a pi\u00e9g\u00e9 les compagnons d&rsquo;Ulysse en les transformant en pourceaux. &nbsp; Le titre n\u2019induit aucune dichotomie. Il est constitu\u00e9 simplement des [&hellip;]","og_url":"https:\/\/themontesinosfoundation.org\/forde\/archives-2\/2004-2006\/circa-circe\/","og_site_name":"FORDE","og_image":[{"width":470,"height":353,"url":"https:\/\/themontesinosfoundation.org\/forde\/wp-content\/uploads\/2014\/04\/0db6ae4a06.jpg","type":"image\/jpeg"}],"twitter_card":"summary_large_image","twitter_misc":{"Dur\u00e9e de lecture estim\u00e9e":"1 minute"},"schema":{"@context":"https:\/\/schema.org","@graph":[{"@type":"WebPage","@id":"https:\/\/themontesinosfoundation.org\/forde\/archives-2\/2004-2006\/circa-circe\/","url":"https:\/\/themontesinosfoundation.org\/forde\/archives-2\/2004-2006\/circa-circe\/","name":"Circa Circ\u00e9 - FORDE","isPartOf":{"@id":"https:\/\/themontesinosfoundation.org\/forde\/#website"},"primaryImageOfPage":{"@id":"https:\/\/themontesinosfoundation.org\/forde\/archives-2\/2004-2006\/circa-circe\/#primaryimage"},"image":{"@id":"https:\/\/themontesinosfoundation.org\/forde\/archives-2\/2004-2006\/circa-circe\/#primaryimage"},"thumbnailUrl":"https:\/\/themontesinosfoundation.org\/forde\/wp-content\/uploads\/2014\/04\/0db6ae4a06.jpg","datePublished":"2014-04-07T15:33:19+00:00","breadcrumb":{"@id":"https:\/\/themontesinosfoundation.org\/forde\/archives-2\/2004-2006\/circa-circe\/#breadcrumb"},"inLanguage":"fr-FR","potentialAction":[{"@type":"ReadAction","target":["https:\/\/themontesinosfoundation.org\/forde\/archives-2\/2004-2006\/circa-circe\/"]}]},{"@type":"ImageObject","inLanguage":"fr-FR","@id":"https:\/\/themontesinosfoundation.org\/forde\/archives-2\/2004-2006\/circa-circe\/#primaryimage","url":"https:\/\/themontesinosfoundation.org\/forde\/wp-content\/uploads\/2014\/04\/0db6ae4a06.jpg","contentUrl":"https:\/\/themontesinosfoundation.org\/forde\/wp-content\/uploads\/2014\/04\/0db6ae4a06.jpg","width":470,"height":353},{"@type":"BreadcrumbList","@id":"https:\/\/themontesinosfoundation.org\/forde\/archives-2\/2004-2006\/circa-circe\/#breadcrumb","itemListElement":[{"@type":"ListItem","position":1,"name":"Accueil","item":"https:\/\/themontesinosfoundation.org\/forde\/"},{"@type":"ListItem","position":2,"name":"Archives","item":"https:\/\/themontesinosfoundation.org\/forde\/archives-2\/"},{"@type":"ListItem","position":3,"name":"2004 &#8211; 2006","item":"https:\/\/themontesinosfoundation.org\/forde\/archives-2\/2004-2006\/"},{"@type":"ListItem","position":4,"name":"Circa Circ\u00e9"}]},{"@type":"WebSite","@id":"https:\/\/themontesinosfoundation.org\/forde\/#website","url":"https:\/\/themontesinosfoundation.org\/forde\/","name":"FORDE","description":"2012-2014","publisher":{"@id":"https:\/\/themontesinosfoundation.org\/forde\/#organization"},"potentialAction":[{"@type":"SearchAction","target":{"@type":"EntryPoint","urlTemplate":"https:\/\/themontesinosfoundation.org\/forde\/?s={search_term_string}"},"query-input":{"@type":"PropertyValueSpecification","valueRequired":true,"valueName":"search_term_string"}}],"inLanguage":"fr-FR"},{"@type":"Organization","@id":"https:\/\/themontesinosfoundation.org\/forde\/#organization","name":"FORDE","url":"https:\/\/themontesinosfoundation.org\/forde\/","logo":{"@type":"ImageObject","inLanguage":"fr-FR","@id":"https:\/\/themontesinosfoundation.org\/forde\/#\/schema\/logo\/image\/","url":"https:\/\/themontesinosfoundation.org\/forde\/wp-content\/uploads\/2014\/07\/logo-forde.png","contentUrl":"https:\/\/themontesinosfoundation.org\/forde\/wp-content\/uploads\/2014\/07\/logo-forde.png","width":735,"height":734,"caption":"FORDE"},"image":{"@id":"https:\/\/themontesinosfoundation.org\/forde\/#\/schema\/logo\/image\/"}}]}},"_links":{"self":[{"href":"https:\/\/themontesinosfoundation.org\/forde\/wp-json\/wp\/v2\/pages\/1350","targetHints":{"allow":["GET"]}}],"collection":[{"href":"https:\/\/themontesinosfoundation.org\/forde\/wp-json\/wp\/v2\/pages"}],"about":[{"href":"https:\/\/themontesinosfoundation.org\/forde\/wp-json\/wp\/v2\/types\/page"}],"author":[{"embeddable":true,"href":"https:\/\/themontesinosfoundation.org\/forde\/wp-json\/wp\/v2\/users\/2"}],"replies":[{"embeddable":true,"href":"https:\/\/themontesinosfoundation.org\/forde\/wp-json\/wp\/v2\/comments?post=1350"}],"version-history":[{"count":0,"href":"https:\/\/themontesinosfoundation.org\/forde\/wp-json\/wp\/v2\/pages\/1350\/revisions"}],"up":[{"embeddable":true,"href":"https:\/\/themontesinosfoundation.org\/forde\/wp-json\/wp\/v2\/pages\/805"}],"wp:attachment":[{"href":"https:\/\/themontesinosfoundation.org\/forde\/wp-json\/wp\/v2\/media?parent=1350"}],"curies":[{"name":"wp","href":"https:\/\/api.w.org\/{rel}","templated":true}]}}