{"id":1333,"date":"2014-04-07T16:28:08","date_gmt":"2014-04-07T15:28:08","guid":{"rendered":"http:\/\/www.forde.ch\/?page_id=1333"},"modified":"2014-04-07T16:28:08","modified_gmt":"2014-04-07T15:28:08","slug":"delphine-coindet","status":"publish","type":"page","link":"https:\/\/themontesinosfoundation.org\/forde\/archives-2\/2004-2006\/delphine-coindet\/","title":{"rendered":"Delphine Coindet"},"content":{"rendered":"<p><h2>ANTIMATIERE<\/h2>\n<\/p>\n<p>Exposition du 14 janvier au 26 f\u00e9vrier 2004<\/p>\n<p>&nbsp;<\/p>\n<p>A premi\u00e8re vue, l\u2019\u0153uvre sculpturale de Delphine Coindet semble bien paradoxale. La filiation pourra\u00eet aller de Richard Artschwager \u00e0 Philippe King en passant par Anne Truitt. Cet h\u00e9ritage au sens large serait alors un minimalisme qui se voudrait non-orthodoxe. Elle dessine un monde o\u00f9 Judd se retrouve au royaume de Shrek(1), et o\u00f9 l\u2019espace de Chapi Chapo(2) est camp\u00e9 de meubles Memphis ? La perception de son travail est toujours \u00e9trange. L\u2019artiste porte une forte attention \u00e0 la forme (mati\u00e8re, assemblage, couleur) pour un r\u00e9sultat fr\u00f4lant pourtant le trompe l\u2019\u0153il voir le pi\u00e8ge. En outre, les multiples d\u00e9tails conf\u00e8rent une dimension g\u00e9n\u00e9rique aux sculptures. Le spectateur est ainsi invit\u00e9 conjointement \u00e0 une exp\u00e9rience physique et \u00e0 une manifestation de signes surgies de notre m\u00e9moire collective.<br \/>Sans constituer l\u2019unique \u00e9tape pr\u00e9paratoire, la conception est assist\u00e9e d\u2019un<br \/>ordinateur. On comprend alors pourquoi les volumes autant physiques soient-ils sont \u201cimag\u00e9s\u201d (au sens litt\u00e9ral du terme). \u201cTechnologiques\u201d, on peut alors s\u2019interroger sur le rapport que ces sculptures entretiennent avec l\u2019Histoire ? Comme on l\u2019a vu, l\u2019\u0153uvre de Delphine Coindet proc\u00e8de par diff\u00e9rences. D\u2019une part, la conception digitale hante le r\u00e9sultat artisanal. D\u2019autre part, l\u2019histoire et le temps de r\u00e9ception renvoy\u00e9s dos \u00e0 dos r\u00e9v\u00e8lent des dur\u00e9es sp\u00e9cifiques. L\u2019histoire des formes contraste avec le moment d\u2019observation et\u00a0 favorise l\u2019\u00e9mergence de narrations projet\u00e9es \u00e0 la surface de l\u2019\u0153uvre. Delphine Coindet semble donc \u00e9laborer ce que l\u2019on pourra\u00eet appeler une \u201csculpture de l\u2019\u00e9cart\u201d. Julien Fronsacq<\/p>\n<p>&nbsp;<\/p>\n<p>(1) R\u00e9alisateur Andrew Adamson, Dreamworks, 2001. (2) Chapi Chapo, dessin anim\u00e9 t\u00e9l\u00e9visuel consistant en l\u2019animation de figures en p\u00e2te \u00e0 modeler.<\/p>\n<p>&nbsp;<\/p>\n<p><a href=\"https:\/\/themontesinosfoundation.org\/forde\/wp-content\/uploads\/2014\/04\/02_01.jpg\"><img loading=\"lazy\" decoding=\"async\" class=\"aligncenter size-full wp-image-1342\" alt=\"02_01\" src=\"https:\/\/themontesinosfoundation.org\/forde\/wp-content\/uploads\/2014\/04\/02_01.jpg\" width=\"312\" height=\"470\" srcset=\"https:\/\/themontesinosfoundation.org\/forde\/wp-content\/uploads\/2014\/04\/02_01.jpg 312w, https:\/\/themontesinosfoundation.org\/forde\/wp-content\/uploads\/2014\/04\/02_01-199x300.jpg 199w\" sizes=\"auto, (max-width: 312px) 100vw, 312px\" \/><\/a> <a href=\"https:\/\/themontesinosfoundation.org\/forde\/wp-content\/uploads\/2014\/04\/08_01.jpg\"><img loading=\"lazy\" decoding=\"async\" class=\"aligncenter size-medium wp-image-1343\" alt=\"08_01\" src=\"https:\/\/themontesinosfoundation.org\/forde\/wp-content\/uploads\/2014\/04\/08_01.jpg\" width=\"313\" height=\"470\" srcset=\"https:\/\/themontesinosfoundation.org\/forde\/wp-content\/uploads\/2014\/04\/08_01.jpg 313w, https:\/\/themontesinosfoundation.org\/forde\/wp-content\/uploads\/2014\/04\/08_01-200x300.jpg 200w\" sizes=\"auto, (max-width: 313px) 100vw, 313px\" \/><\/a> <a href=\"https:\/\/themontesinosfoundation.org\/forde\/wp-content\/uploads\/2014\/04\/09_01.jpg\"><img loading=\"lazy\" decoding=\"async\" class=\"aligncenter size-medium wp-image-1344\" alt=\"09_01\" src=\"https:\/\/themontesinosfoundation.org\/forde\/wp-content\/uploads\/2014\/04\/09_01.jpg\" width=\"312\" height=\"470\" srcset=\"https:\/\/themontesinosfoundation.org\/forde\/wp-content\/uploads\/2014\/04\/09_01.jpg 312w, https:\/\/themontesinosfoundation.org\/forde\/wp-content\/uploads\/2014\/04\/09_01-199x300.jpg 199w\" sizes=\"auto, (max-width: 312px) 100vw, 312px\" \/><\/a><\/p>\n","protected":false},"excerpt":{"rendered":"<p>ANTIMATIERE Exposition du 14 janvier au 26 f\u00e9vrier 2004 &nbsp; A premi\u00e8re vue, l\u2019\u0153uvre sculpturale de Delphine Coindet semble bien paradoxale. La filiation pourra\u00eet aller de Richard Artschwager \u00e0 Philippe King en passant par Anne Truitt. Cet h\u00e9ritage au sens large serait alors un minimalisme qui se voudrait non-orthodoxe. Elle dessine un monde o\u00f9 Judd [&hellip;]<\/p>\n","protected":false},"author":2,"featured_media":0,"parent":805,"menu_order":0,"comment_status":"closed","ping_status":"open","template":"","meta":{"footnotes":""},"class_list":["post-1333","page","type-page","status-publish","hentry"],"yoast_head":"<!-- This site is optimized with the Yoast SEO plugin v27.3 - https:\/\/yoast.com\/product\/yoast-seo-wordpress\/ -->\n<title>Delphine Coindet - FORDE<\/title>\n<meta name=\"robots\" content=\"index, follow, max-snippet:-1, max-image-preview:large, max-video-preview:-1\" \/>\n<link rel=\"canonical\" href=\"https:\/\/themontesinosfoundation.org\/forde\/archives-2\/2004-2006\/delphine-coindet\/\" \/>\n<meta property=\"og:locale\" content=\"fr_FR\" \/>\n<meta property=\"og:type\" content=\"article\" \/>\n<meta property=\"og:title\" content=\"Delphine Coindet - FORDE\" \/>\n<meta property=\"og:description\" content=\"ANTIMATIERE Exposition du 14 janvier au 26 f\u00e9vrier 2004 &nbsp; A premi\u00e8re vue, l\u2019\u0153uvre sculpturale de Delphine Coindet semble bien paradoxale. La filiation pourra\u00eet aller de Richard Artschwager \u00e0 Philippe King en passant par Anne Truitt. Cet h\u00e9ritage au sens large serait alors un minimalisme qui se voudrait non-orthodoxe. Elle dessine un monde o\u00f9 Judd [&hellip;]\" \/>\n<meta property=\"og:url\" content=\"https:\/\/themontesinosfoundation.org\/forde\/archives-2\/2004-2006\/delphine-coindet\/\" \/>\n<meta property=\"og:site_name\" content=\"FORDE\" \/>\n<meta property=\"og:image\" content=\"https:\/\/themontesinosfoundation.org\/forde\/wp-content\/uploads\/2014\/04\/02_01.jpg\" \/>\n\t<meta property=\"og:image:width\" content=\"312\" \/>\n\t<meta property=\"og:image:height\" content=\"470\" \/>\n\t<meta property=\"og:image:type\" content=\"image\/jpeg\" \/>\n<meta name=\"twitter:card\" content=\"summary_large_image\" \/>\n<meta name=\"twitter:label1\" content=\"Dur\u00e9e de lecture estim\u00e9e\" \/>\n\t<meta name=\"twitter:data1\" content=\"2 minutes\" \/>\n<script type=\"application\/ld+json\" class=\"yoast-schema-graph\">{\"@context\":\"https:\\\/\\\/schema.org\",\"@graph\":[{\"@type\":\"WebPage\",\"@id\":\"https:\\\/\\\/themontesinosfoundation.org\\\/forde\\\/archives-2\\\/2004-2006\\\/delphine-coindet\\\/\",\"url\":\"https:\\\/\\\/themontesinosfoundation.org\\\/forde\\\/archives-2\\\/2004-2006\\\/delphine-coindet\\\/\",\"name\":\"Delphine Coindet - FORDE\",\"isPartOf\":{\"@id\":\"https:\\\/\\\/themontesinosfoundation.org\\\/forde\\\/#website\"},\"primaryImageOfPage\":{\"@id\":\"https:\\\/\\\/themontesinosfoundation.org\\\/forde\\\/archives-2\\\/2004-2006\\\/delphine-coindet\\\/#primaryimage\"},\"image\":{\"@id\":\"https:\\\/\\\/themontesinosfoundation.org\\\/forde\\\/archives-2\\\/2004-2006\\\/delphine-coindet\\\/#primaryimage\"},\"thumbnailUrl\":\"https:\\\/\\\/themontesinosfoundation.org\\\/forde\\\/wp-content\\\/uploads\\\/2014\\\/04\\\/02_01.jpg\",\"datePublished\":\"2014-04-07T15:28:08+00:00\",\"breadcrumb\":{\"@id\":\"https:\\\/\\\/themontesinosfoundation.org\\\/forde\\\/archives-2\\\/2004-2006\\\/delphine-coindet\\\/#breadcrumb\"},\"inLanguage\":\"fr-FR\",\"potentialAction\":[{\"@type\":\"ReadAction\",\"target\":[\"https:\\\/\\\/themontesinosfoundation.org\\\/forde\\\/archives-2\\\/2004-2006\\\/delphine-coindet\\\/\"]}]},{\"@type\":\"ImageObject\",\"inLanguage\":\"fr-FR\",\"@id\":\"https:\\\/\\\/themontesinosfoundation.org\\\/forde\\\/archives-2\\\/2004-2006\\\/delphine-coindet\\\/#primaryimage\",\"url\":\"https:\\\/\\\/themontesinosfoundation.org\\\/forde\\\/wp-content\\\/uploads\\\/2014\\\/04\\\/02_01.jpg\",\"contentUrl\":\"https:\\\/\\\/themontesinosfoundation.org\\\/forde\\\/wp-content\\\/uploads\\\/2014\\\/04\\\/02_01.jpg\",\"width\":312,\"height\":470},{\"@type\":\"BreadcrumbList\",\"@id\":\"https:\\\/\\\/themontesinosfoundation.org\\\/forde\\\/archives-2\\\/2004-2006\\\/delphine-coindet\\\/#breadcrumb\",\"itemListElement\":[{\"@type\":\"ListItem\",\"position\":1,\"name\":\"Accueil\",\"item\":\"https:\\\/\\\/themontesinosfoundation.org\\\/forde\\\/\"},{\"@type\":\"ListItem\",\"position\":2,\"name\":\"Archives\",\"item\":\"https:\\\/\\\/themontesinosfoundation.org\\\/forde\\\/archives-2\\\/\"},{\"@type\":\"ListItem\",\"position\":3,\"name\":\"2004 &#8211; 2006\",\"item\":\"https:\\\/\\\/themontesinosfoundation.org\\\/forde\\\/archives-2\\\/2004-2006\\\/\"},{\"@type\":\"ListItem\",\"position\":4,\"name\":\"Delphine Coindet\"}]},{\"@type\":\"WebSite\",\"@id\":\"https:\\\/\\\/themontesinosfoundation.org\\\/forde\\\/#website\",\"url\":\"https:\\\/\\\/themontesinosfoundation.org\\\/forde\\\/\",\"name\":\"FORDE\",\"description\":\"2012-2014\",\"publisher\":{\"@id\":\"https:\\\/\\\/themontesinosfoundation.org\\\/forde\\\/#organization\"},\"potentialAction\":[{\"@type\":\"SearchAction\",\"target\":{\"@type\":\"EntryPoint\",\"urlTemplate\":\"https:\\\/\\\/themontesinosfoundation.org\\\/forde\\\/?s={search_term_string}\"},\"query-input\":{\"@type\":\"PropertyValueSpecification\",\"valueRequired\":true,\"valueName\":\"search_term_string\"}}],\"inLanguage\":\"fr-FR\"},{\"@type\":\"Organization\",\"@id\":\"https:\\\/\\\/themontesinosfoundation.org\\\/forde\\\/#organization\",\"name\":\"FORDE\",\"url\":\"https:\\\/\\\/themontesinosfoundation.org\\\/forde\\\/\",\"logo\":{\"@type\":\"ImageObject\",\"inLanguage\":\"fr-FR\",\"@id\":\"https:\\\/\\\/themontesinosfoundation.org\\\/forde\\\/#\\\/schema\\\/logo\\\/image\\\/\",\"url\":\"https:\\\/\\\/themontesinosfoundation.org\\\/forde\\\/wp-content\\\/uploads\\\/2014\\\/07\\\/logo-forde.png\",\"contentUrl\":\"https:\\\/\\\/themontesinosfoundation.org\\\/forde\\\/wp-content\\\/uploads\\\/2014\\\/07\\\/logo-forde.png\",\"width\":735,\"height\":734,\"caption\":\"FORDE\"},\"image\":{\"@id\":\"https:\\\/\\\/themontesinosfoundation.org\\\/forde\\\/#\\\/schema\\\/logo\\\/image\\\/\"}}]}<\/script>\n<!-- \/ Yoast SEO plugin. -->","yoast_head_json":{"title":"Delphine Coindet - FORDE","robots":{"index":"index","follow":"follow","max-snippet":"max-snippet:-1","max-image-preview":"max-image-preview:large","max-video-preview":"max-video-preview:-1"},"canonical":"https:\/\/themontesinosfoundation.org\/forde\/archives-2\/2004-2006\/delphine-coindet\/","og_locale":"fr_FR","og_type":"article","og_title":"Delphine Coindet - FORDE","og_description":"ANTIMATIERE Exposition du 14 janvier au 26 f\u00e9vrier 2004 &nbsp; A premi\u00e8re vue, l\u2019\u0153uvre sculpturale de Delphine Coindet semble bien paradoxale. La filiation pourra\u00eet aller de Richard Artschwager \u00e0 Philippe King en passant par Anne Truitt. Cet h\u00e9ritage au sens large serait alors un minimalisme qui se voudrait non-orthodoxe. Elle dessine un monde o\u00f9 Judd [&hellip;]","og_url":"https:\/\/themontesinosfoundation.org\/forde\/archives-2\/2004-2006\/delphine-coindet\/","og_site_name":"FORDE","og_image":[{"width":312,"height":470,"url":"https:\/\/themontesinosfoundation.org\/forde\/wp-content\/uploads\/2014\/04\/02_01.jpg","type":"image\/jpeg"}],"twitter_card":"summary_large_image","twitter_misc":{"Dur\u00e9e de lecture estim\u00e9e":"2 minutes"},"schema":{"@context":"https:\/\/schema.org","@graph":[{"@type":"WebPage","@id":"https:\/\/themontesinosfoundation.org\/forde\/archives-2\/2004-2006\/delphine-coindet\/","url":"https:\/\/themontesinosfoundation.org\/forde\/archives-2\/2004-2006\/delphine-coindet\/","name":"Delphine Coindet - FORDE","isPartOf":{"@id":"https:\/\/themontesinosfoundation.org\/forde\/#website"},"primaryImageOfPage":{"@id":"https:\/\/themontesinosfoundation.org\/forde\/archives-2\/2004-2006\/delphine-coindet\/#primaryimage"},"image":{"@id":"https:\/\/themontesinosfoundation.org\/forde\/archives-2\/2004-2006\/delphine-coindet\/#primaryimage"},"thumbnailUrl":"https:\/\/themontesinosfoundation.org\/forde\/wp-content\/uploads\/2014\/04\/02_01.jpg","datePublished":"2014-04-07T15:28:08+00:00","breadcrumb":{"@id":"https:\/\/themontesinosfoundation.org\/forde\/archives-2\/2004-2006\/delphine-coindet\/#breadcrumb"},"inLanguage":"fr-FR","potentialAction":[{"@type":"ReadAction","target":["https:\/\/themontesinosfoundation.org\/forde\/archives-2\/2004-2006\/delphine-coindet\/"]}]},{"@type":"ImageObject","inLanguage":"fr-FR","@id":"https:\/\/themontesinosfoundation.org\/forde\/archives-2\/2004-2006\/delphine-coindet\/#primaryimage","url":"https:\/\/themontesinosfoundation.org\/forde\/wp-content\/uploads\/2014\/04\/02_01.jpg","contentUrl":"https:\/\/themontesinosfoundation.org\/forde\/wp-content\/uploads\/2014\/04\/02_01.jpg","width":312,"height":470},{"@type":"BreadcrumbList","@id":"https:\/\/themontesinosfoundation.org\/forde\/archives-2\/2004-2006\/delphine-coindet\/#breadcrumb","itemListElement":[{"@type":"ListItem","position":1,"name":"Accueil","item":"https:\/\/themontesinosfoundation.org\/forde\/"},{"@type":"ListItem","position":2,"name":"Archives","item":"https:\/\/themontesinosfoundation.org\/forde\/archives-2\/"},{"@type":"ListItem","position":3,"name":"2004 &#8211; 2006","item":"https:\/\/themontesinosfoundation.org\/forde\/archives-2\/2004-2006\/"},{"@type":"ListItem","position":4,"name":"Delphine Coindet"}]},{"@type":"WebSite","@id":"https:\/\/themontesinosfoundation.org\/forde\/#website","url":"https:\/\/themontesinosfoundation.org\/forde\/","name":"FORDE","description":"2012-2014","publisher":{"@id":"https:\/\/themontesinosfoundation.org\/forde\/#organization"},"potentialAction":[{"@type":"SearchAction","target":{"@type":"EntryPoint","urlTemplate":"https:\/\/themontesinosfoundation.org\/forde\/?s={search_term_string}"},"query-input":{"@type":"PropertyValueSpecification","valueRequired":true,"valueName":"search_term_string"}}],"inLanguage":"fr-FR"},{"@type":"Organization","@id":"https:\/\/themontesinosfoundation.org\/forde\/#organization","name":"FORDE","url":"https:\/\/themontesinosfoundation.org\/forde\/","logo":{"@type":"ImageObject","inLanguage":"fr-FR","@id":"https:\/\/themontesinosfoundation.org\/forde\/#\/schema\/logo\/image\/","url":"https:\/\/themontesinosfoundation.org\/forde\/wp-content\/uploads\/2014\/07\/logo-forde.png","contentUrl":"https:\/\/themontesinosfoundation.org\/forde\/wp-content\/uploads\/2014\/07\/logo-forde.png","width":735,"height":734,"caption":"FORDE"},"image":{"@id":"https:\/\/themontesinosfoundation.org\/forde\/#\/schema\/logo\/image\/"}}]}},"_links":{"self":[{"href":"https:\/\/themontesinosfoundation.org\/forde\/wp-json\/wp\/v2\/pages\/1333","targetHints":{"allow":["GET"]}}],"collection":[{"href":"https:\/\/themontesinosfoundation.org\/forde\/wp-json\/wp\/v2\/pages"}],"about":[{"href":"https:\/\/themontesinosfoundation.org\/forde\/wp-json\/wp\/v2\/types\/page"}],"author":[{"embeddable":true,"href":"https:\/\/themontesinosfoundation.org\/forde\/wp-json\/wp\/v2\/users\/2"}],"replies":[{"embeddable":true,"href":"https:\/\/themontesinosfoundation.org\/forde\/wp-json\/wp\/v2\/comments?post=1333"}],"version-history":[{"count":0,"href":"https:\/\/themontesinosfoundation.org\/forde\/wp-json\/wp\/v2\/pages\/1333\/revisions"}],"up":[{"embeddable":true,"href":"https:\/\/themontesinosfoundation.org\/forde\/wp-json\/wp\/v2\/pages\/805"}],"wp:attachment":[{"href":"https:\/\/themontesinosfoundation.org\/forde\/wp-json\/wp\/v2\/media?parent=1333"}],"curies":[{"name":"wp","href":"https:\/\/api.w.org\/{rel}","templated":true}]}}