{"id":1317,"date":"2014-04-07T16:21:42","date_gmt":"2014-04-07T15:21:42","guid":{"rendered":"http:\/\/www.forde.ch\/?page_id=1317"},"modified":"2014-04-07T16:21:42","modified_gmt":"2014-04-07T15:21:42","slug":"braconnages","status":"publish","type":"page","link":"https:\/\/themontesinosfoundation.org\/forde\/archives-2\/2004-2006\/braconnages\/","title":{"rendered":"Braconnages"},"content":{"rendered":"<h2>Formats expressifs et subjectivit\u00e9s standards<\/h2>\n<p>&nbsp;<\/p>\n<p>Exposition du 9 avril 2005 au 28 mai 2005<\/p>\n<p>&nbsp;<\/p>\n<p>S\u0153ur Mary Corita Kent<br \/>Crache papier<br \/>Andreas Dobler<br \/>Gen\u00eat Mayor<br \/>PJ\u2019s by GB Jones<\/p>\n<p>&nbsp;<\/p>\n<p>Le titre joue d\u2019acquis th\u00e9oriques bien connus. Il couple des termes oppos\u00e9s : formats et standards ; expressivit\u00e9 et subjectivit\u00e9. Ces notions sont issues d\u2019histoires modernes distinctes (Bauhaus et expressionisme) autant que de cat\u00e9gories culturelles sp\u00e9cifiques (haute culture, culture populaire, contre-culture, \u2026).<br \/>Les oppositions \u00e9tablies, l\u2019exposition tient \u00e0 pr\u00e9senter des tactiques hybrides. Michel de Certeau (L\u2019Invention du Quotidien) oppose strat\u00e9gie et tactique. Le premier postule un espace propre telle une place forte dans les conflits militaires. La tactique d\u00e9signe les multiples subterfuges auxquels l\u2019individu moderne a recours non pour r\u00e9sister aux r\u00e8gles d\u00e9sormais omniscientes mais simplement pour produire une \u00absingularit\u00e9\u00bb. L\u2019exposition se pr\u00e9sente \u00e0 l\u2019aune de S\u0153ur Mary Corita Kent qui eut recours \u00e0 la s\u00e9rigraphie tant pour produire des outils contemporains de recueillement que pour militer contre la guerre du Vietnam. Dans un cas, elle \u00e9dite un livre constitu\u00e9 de slogans trouv\u00e9s ou \u00abaid\u00e9s\u00bb, dans l\u2019autre elle r\u00e9alise des affiches constitu\u00e9es d\u2019emprunts (aux m\u00e9dias) et augment\u00e9s d\u2019allusions \u00e0 l\u2019Ancien Testament, \u00e0 la Bible ou encore \u00e0 des r\u00e9cits hassidiques. L\u2019exposition pr\u00e9sente diverses activit\u00e9s ayant recours au dessin : le dessin automatique, l\u2019illustration plus ou moins \u00abappliqu\u00e9e\u00bb, l\u2019emprunt\u2026 Ainsi, divers formats seront pr\u00e9sent\u00e9s : affiches, livres, fanzines ou encore des dessins de tr\u00e8s grand format. Le dessin a \u00e9t\u00e9 longtemps une \u00e9tape pr\u00e9paratoire pour le tableau avant de devenir un objet recherch\u00e9 par les collectionneurs qui en appr\u00e9ciaient l\u2019hypoth\u00e9tique \u00ab puret\u00e9 expressive \u00bb. D\u00e9sormais les artistes semblent se jouer et se servir de cette connotation.<\/p>\n<p>&nbsp;<\/p>\n<p>Nous remercions tr\u00e8s chaleureusement Mai-Thu Perret, Francis Baudevin et Kim Sop Boninsegni pour leur aide.<\/p>\n<p>&nbsp;<\/p>\n<p><a href=\"https:\/\/themontesinosfoundation.org\/forde\/wp-content\/uploads\/2014\/04\/Braconanges-Dobler.jpg\"><img loading=\"lazy\" decoding=\"async\" class=\"aligncenter size-full wp-image-1318\" alt=\"Braconanges-Dobler\" src=\"https:\/\/themontesinosfoundation.org\/forde\/wp-content\/uploads\/2014\/04\/Braconanges-Dobler.jpg\" width=\"470\" height=\"376\" srcset=\"https:\/\/themontesinosfoundation.org\/forde\/wp-content\/uploads\/2014\/04\/Braconanges-Dobler.jpg 470w, https:\/\/themontesinosfoundation.org\/forde\/wp-content\/uploads\/2014\/04\/Braconanges-Dobler-375x300.jpg 375w, https:\/\/themontesinosfoundation.org\/forde\/wp-content\/uploads\/2014\/04\/Braconanges-Dobler-450x360.jpg 450w, https:\/\/themontesinosfoundation.org\/forde\/wp-content\/uploads\/2014\/04\/Braconanges-Dobler-300x240.jpg 300w\" sizes=\"auto, (max-width: 470px) 100vw, 470px\" \/><\/a> <a href=\"https:\/\/themontesinosfoundation.org\/forde\/wp-content\/uploads\/2014\/04\/Braconnages-JD_s-Dobler.jpg\"><img loading=\"lazy\" decoding=\"async\" class=\"aligncenter size-medium wp-image-1319\" alt=\"Braconnages-JD_s-Dobler\" src=\"https:\/\/themontesinosfoundation.org\/forde\/wp-content\/uploads\/2014\/04\/Braconnages-JD_s-Dobler.jpg\" width=\"470\" height=\"383\" srcset=\"https:\/\/themontesinosfoundation.org\/forde\/wp-content\/uploads\/2014\/04\/Braconnages-JD_s-Dobler.jpg 470w, https:\/\/themontesinosfoundation.org\/forde\/wp-content\/uploads\/2014\/04\/Braconnages-JD_s-Dobler-368x300.jpg 368w, https:\/\/themontesinosfoundation.org\/forde\/wp-content\/uploads\/2014\/04\/Braconnages-JD_s-Dobler-450x367.jpg 450w, https:\/\/themontesinosfoundation.org\/forde\/wp-content\/uploads\/2014\/04\/Braconnages-JD_s-Dobler-300x244.jpg 300w\" sizes=\"auto, (max-width: 470px) 100vw, 470px\" \/><\/a> <a href=\"https:\/\/themontesinosfoundation.org\/forde\/wp-content\/uploads\/2014\/04\/Braconnages-Mayor.jpg\"><img loading=\"lazy\" decoding=\"async\" class=\"aligncenter size-medium wp-image-1320\" alt=\"Braconnages-Mayor\" src=\"https:\/\/themontesinosfoundation.org\/forde\/wp-content\/uploads\/2014\/04\/Braconnages-Mayor.jpg\" width=\"470\" height=\"381\" srcset=\"https:\/\/themontesinosfoundation.org\/forde\/wp-content\/uploads\/2014\/04\/Braconnages-Mayor.jpg 470w, https:\/\/themontesinosfoundation.org\/forde\/wp-content\/uploads\/2014\/04\/Braconnages-Mayor-370x300.jpg 370w, https:\/\/themontesinosfoundation.org\/forde\/wp-content\/uploads\/2014\/04\/Braconnages-Mayor-450x365.jpg 450w, https:\/\/themontesinosfoundation.org\/forde\/wp-content\/uploads\/2014\/04\/Braconnages-Mayor-300x243.jpg 300w\" sizes=\"auto, (max-width: 470px) 100vw, 470px\" \/><\/a> <a href=\"https:\/\/themontesinosfoundation.org\/forde\/wp-content\/uploads\/2014\/04\/Braconnages-Sister-Corita.jpg\"><img loading=\"lazy\" decoding=\"async\" class=\"aligncenter size-medium wp-image-1321\" alt=\"Braconnages-Sister-Corita\" src=\"https:\/\/themontesinosfoundation.org\/forde\/wp-content\/uploads\/2014\/04\/Braconnages-Sister-Corita.jpg\" width=\"470\" height=\"377\" srcset=\"https:\/\/themontesinosfoundation.org\/forde\/wp-content\/uploads\/2014\/04\/Braconnages-Sister-Corita.jpg 470w, https:\/\/themontesinosfoundation.org\/forde\/wp-content\/uploads\/2014\/04\/Braconnages-Sister-Corita-374x300.jpg 374w, https:\/\/themontesinosfoundation.org\/forde\/wp-content\/uploads\/2014\/04\/Braconnages-Sister-Corita-450x361.jpg 450w, https:\/\/themontesinosfoundation.org\/forde\/wp-content\/uploads\/2014\/04\/Braconnages-Sister-Corita-300x240.jpg 300w\" sizes=\"auto, (max-width: 470px) 100vw, 470px\" \/><\/a><\/p>\n<p>&nbsp;<\/p>\n","protected":false},"excerpt":{"rendered":"<p>Formats expressifs et subjectivit\u00e9s standards &nbsp; Exposition du 9 avril 2005 au 28 mai 2005 &nbsp; S\u0153ur Mary Corita KentCrache papierAndreas DoblerGen\u00eat MayorPJ\u2019s by GB Jones &nbsp; Le titre joue d\u2019acquis th\u00e9oriques bien connus. Il couple des termes oppos\u00e9s : formats et standards ; expressivit\u00e9 et subjectivit\u00e9. Ces notions sont issues d\u2019histoires modernes distinctes (Bauhaus [&hellip;]<\/p>\n","protected":false},"author":2,"featured_media":0,"parent":805,"menu_order":0,"comment_status":"closed","ping_status":"open","template":"","meta":{"footnotes":""},"class_list":["post-1317","page","type-page","status-publish","hentry"],"yoast_head":"<!-- This site is optimized with the Yoast SEO plugin v27.4 - https:\/\/yoast.com\/product\/yoast-seo-wordpress\/ -->\n<title>Braconnages - FORDE<\/title>\n<meta name=\"robots\" content=\"index, follow, max-snippet:-1, max-image-preview:large, max-video-preview:-1\" \/>\n<link rel=\"canonical\" href=\"https:\/\/themontesinosfoundation.org\/forde\/archives-2\/2004-2006\/braconnages\/\" \/>\n<meta property=\"og:locale\" content=\"fr_FR\" \/>\n<meta property=\"og:type\" content=\"article\" \/>\n<meta property=\"og:title\" content=\"Braconnages - FORDE\" \/>\n<meta property=\"og:description\" content=\"Formats expressifs et subjectivit\u00e9s standards &nbsp; Exposition du 9 avril 2005 au 28 mai 2005 &nbsp; S\u0153ur Mary Corita KentCrache papierAndreas DoblerGen\u00eat MayorPJ\u2019s by GB Jones &nbsp; Le titre joue d\u2019acquis th\u00e9oriques bien connus. Il couple des termes oppos\u00e9s : formats et standards ; expressivit\u00e9 et subjectivit\u00e9. Ces notions sont issues d\u2019histoires modernes distinctes (Bauhaus [&hellip;]\" \/>\n<meta property=\"og:url\" content=\"https:\/\/themontesinosfoundation.org\/forde\/archives-2\/2004-2006\/braconnages\/\" \/>\n<meta property=\"og:site_name\" content=\"FORDE\" \/>\n<meta property=\"og:image\" content=\"https:\/\/themontesinosfoundation.org\/forde\/wp-content\/uploads\/2014\/04\/Braconanges-Dobler.jpg\" \/>\n\t<meta property=\"og:image:width\" content=\"470\" \/>\n\t<meta property=\"og:image:height\" content=\"376\" \/>\n\t<meta property=\"og:image:type\" content=\"image\/jpeg\" \/>\n<meta name=\"twitter:card\" content=\"summary_large_image\" \/>\n<meta name=\"twitter:label1\" content=\"Dur\u00e9e de lecture estim\u00e9e\" \/>\n\t<meta name=\"twitter:data1\" content=\"2 minutes\" \/>\n<script type=\"application\/ld+json\" class=\"yoast-schema-graph\">{\"@context\":\"https:\\\/\\\/schema.org\",\"@graph\":[{\"@type\":\"WebPage\",\"@id\":\"https:\\\/\\\/themontesinosfoundation.org\\\/forde\\\/archives-2\\\/2004-2006\\\/braconnages\\\/\",\"url\":\"https:\\\/\\\/themontesinosfoundation.org\\\/forde\\\/archives-2\\\/2004-2006\\\/braconnages\\\/\",\"name\":\"Braconnages - FORDE\",\"isPartOf\":{\"@id\":\"https:\\\/\\\/themontesinosfoundation.org\\\/forde\\\/#website\"},\"primaryImageOfPage\":{\"@id\":\"https:\\\/\\\/themontesinosfoundation.org\\\/forde\\\/archives-2\\\/2004-2006\\\/braconnages\\\/#primaryimage\"},\"image\":{\"@id\":\"https:\\\/\\\/themontesinosfoundation.org\\\/forde\\\/archives-2\\\/2004-2006\\\/braconnages\\\/#primaryimage\"},\"thumbnailUrl\":\"https:\\\/\\\/themontesinosfoundation.org\\\/forde\\\/wp-content\\\/uploads\\\/2014\\\/04\\\/Braconanges-Dobler.jpg\",\"datePublished\":\"2014-04-07T15:21:42+00:00\",\"breadcrumb\":{\"@id\":\"https:\\\/\\\/themontesinosfoundation.org\\\/forde\\\/archives-2\\\/2004-2006\\\/braconnages\\\/#breadcrumb\"},\"inLanguage\":\"fr-FR\",\"potentialAction\":[{\"@type\":\"ReadAction\",\"target\":[\"https:\\\/\\\/themontesinosfoundation.org\\\/forde\\\/archives-2\\\/2004-2006\\\/braconnages\\\/\"]}]},{\"@type\":\"ImageObject\",\"inLanguage\":\"fr-FR\",\"@id\":\"https:\\\/\\\/themontesinosfoundation.org\\\/forde\\\/archives-2\\\/2004-2006\\\/braconnages\\\/#primaryimage\",\"url\":\"https:\\\/\\\/themontesinosfoundation.org\\\/forde\\\/wp-content\\\/uploads\\\/2014\\\/04\\\/Braconanges-Dobler.jpg\",\"contentUrl\":\"https:\\\/\\\/themontesinosfoundation.org\\\/forde\\\/wp-content\\\/uploads\\\/2014\\\/04\\\/Braconanges-Dobler.jpg\",\"width\":470,\"height\":376},{\"@type\":\"BreadcrumbList\",\"@id\":\"https:\\\/\\\/themontesinosfoundation.org\\\/forde\\\/archives-2\\\/2004-2006\\\/braconnages\\\/#breadcrumb\",\"itemListElement\":[{\"@type\":\"ListItem\",\"position\":1,\"name\":\"Accueil\",\"item\":\"https:\\\/\\\/themontesinosfoundation.org\\\/forde\\\/\"},{\"@type\":\"ListItem\",\"position\":2,\"name\":\"Archives\",\"item\":\"https:\\\/\\\/themontesinosfoundation.org\\\/forde\\\/archives-2\\\/\"},{\"@type\":\"ListItem\",\"position\":3,\"name\":\"2004 &#8211; 2006\",\"item\":\"https:\\\/\\\/themontesinosfoundation.org\\\/forde\\\/archives-2\\\/2004-2006\\\/\"},{\"@type\":\"ListItem\",\"position\":4,\"name\":\"Braconnages\"}]},{\"@type\":\"WebSite\",\"@id\":\"https:\\\/\\\/themontesinosfoundation.org\\\/forde\\\/#website\",\"url\":\"https:\\\/\\\/themontesinosfoundation.org\\\/forde\\\/\",\"name\":\"FORDE\",\"description\":\"2012-2014\",\"publisher\":{\"@id\":\"https:\\\/\\\/themontesinosfoundation.org\\\/forde\\\/#organization\"},\"potentialAction\":[{\"@type\":\"SearchAction\",\"target\":{\"@type\":\"EntryPoint\",\"urlTemplate\":\"https:\\\/\\\/themontesinosfoundation.org\\\/forde\\\/?s={search_term_string}\"},\"query-input\":{\"@type\":\"PropertyValueSpecification\",\"valueRequired\":true,\"valueName\":\"search_term_string\"}}],\"inLanguage\":\"fr-FR\"},{\"@type\":\"Organization\",\"@id\":\"https:\\\/\\\/themontesinosfoundation.org\\\/forde\\\/#organization\",\"name\":\"FORDE\",\"url\":\"https:\\\/\\\/themontesinosfoundation.org\\\/forde\\\/\",\"logo\":{\"@type\":\"ImageObject\",\"inLanguage\":\"fr-FR\",\"@id\":\"https:\\\/\\\/themontesinosfoundation.org\\\/forde\\\/#\\\/schema\\\/logo\\\/image\\\/\",\"url\":\"https:\\\/\\\/themontesinosfoundation.org\\\/forde\\\/wp-content\\\/uploads\\\/2014\\\/07\\\/logo-forde.png\",\"contentUrl\":\"https:\\\/\\\/themontesinosfoundation.org\\\/forde\\\/wp-content\\\/uploads\\\/2014\\\/07\\\/logo-forde.png\",\"width\":735,\"height\":734,\"caption\":\"FORDE\"},\"image\":{\"@id\":\"https:\\\/\\\/themontesinosfoundation.org\\\/forde\\\/#\\\/schema\\\/logo\\\/image\\\/\"}}]}<\/script>\n<!-- \/ Yoast SEO plugin. -->","yoast_head_json":{"title":"Braconnages - FORDE","robots":{"index":"index","follow":"follow","max-snippet":"max-snippet:-1","max-image-preview":"max-image-preview:large","max-video-preview":"max-video-preview:-1"},"canonical":"https:\/\/themontesinosfoundation.org\/forde\/archives-2\/2004-2006\/braconnages\/","og_locale":"fr_FR","og_type":"article","og_title":"Braconnages - FORDE","og_description":"Formats expressifs et subjectivit\u00e9s standards &nbsp; Exposition du 9 avril 2005 au 28 mai 2005 &nbsp; S\u0153ur Mary Corita KentCrache papierAndreas DoblerGen\u00eat MayorPJ\u2019s by GB Jones &nbsp; Le titre joue d\u2019acquis th\u00e9oriques bien connus. Il couple des termes oppos\u00e9s : formats et standards ; expressivit\u00e9 et subjectivit\u00e9. Ces notions sont issues d\u2019histoires modernes distinctes (Bauhaus [&hellip;]","og_url":"https:\/\/themontesinosfoundation.org\/forde\/archives-2\/2004-2006\/braconnages\/","og_site_name":"FORDE","og_image":[{"width":470,"height":376,"url":"https:\/\/themontesinosfoundation.org\/forde\/wp-content\/uploads\/2014\/04\/Braconanges-Dobler.jpg","type":"image\/jpeg"}],"twitter_card":"summary_large_image","twitter_misc":{"Dur\u00e9e de lecture estim\u00e9e":"2 minutes"},"schema":{"@context":"https:\/\/schema.org","@graph":[{"@type":"WebPage","@id":"https:\/\/themontesinosfoundation.org\/forde\/archives-2\/2004-2006\/braconnages\/","url":"https:\/\/themontesinosfoundation.org\/forde\/archives-2\/2004-2006\/braconnages\/","name":"Braconnages - FORDE","isPartOf":{"@id":"https:\/\/themontesinosfoundation.org\/forde\/#website"},"primaryImageOfPage":{"@id":"https:\/\/themontesinosfoundation.org\/forde\/archives-2\/2004-2006\/braconnages\/#primaryimage"},"image":{"@id":"https:\/\/themontesinosfoundation.org\/forde\/archives-2\/2004-2006\/braconnages\/#primaryimage"},"thumbnailUrl":"https:\/\/themontesinosfoundation.org\/forde\/wp-content\/uploads\/2014\/04\/Braconanges-Dobler.jpg","datePublished":"2014-04-07T15:21:42+00:00","breadcrumb":{"@id":"https:\/\/themontesinosfoundation.org\/forde\/archives-2\/2004-2006\/braconnages\/#breadcrumb"},"inLanguage":"fr-FR","potentialAction":[{"@type":"ReadAction","target":["https:\/\/themontesinosfoundation.org\/forde\/archives-2\/2004-2006\/braconnages\/"]}]},{"@type":"ImageObject","inLanguage":"fr-FR","@id":"https:\/\/themontesinosfoundation.org\/forde\/archives-2\/2004-2006\/braconnages\/#primaryimage","url":"https:\/\/themontesinosfoundation.org\/forde\/wp-content\/uploads\/2014\/04\/Braconanges-Dobler.jpg","contentUrl":"https:\/\/themontesinosfoundation.org\/forde\/wp-content\/uploads\/2014\/04\/Braconanges-Dobler.jpg","width":470,"height":376},{"@type":"BreadcrumbList","@id":"https:\/\/themontesinosfoundation.org\/forde\/archives-2\/2004-2006\/braconnages\/#breadcrumb","itemListElement":[{"@type":"ListItem","position":1,"name":"Accueil","item":"https:\/\/themontesinosfoundation.org\/forde\/"},{"@type":"ListItem","position":2,"name":"Archives","item":"https:\/\/themontesinosfoundation.org\/forde\/archives-2\/"},{"@type":"ListItem","position":3,"name":"2004 &#8211; 2006","item":"https:\/\/themontesinosfoundation.org\/forde\/archives-2\/2004-2006\/"},{"@type":"ListItem","position":4,"name":"Braconnages"}]},{"@type":"WebSite","@id":"https:\/\/themontesinosfoundation.org\/forde\/#website","url":"https:\/\/themontesinosfoundation.org\/forde\/","name":"FORDE","description":"2012-2014","publisher":{"@id":"https:\/\/themontesinosfoundation.org\/forde\/#organization"},"potentialAction":[{"@type":"SearchAction","target":{"@type":"EntryPoint","urlTemplate":"https:\/\/themontesinosfoundation.org\/forde\/?s={search_term_string}"},"query-input":{"@type":"PropertyValueSpecification","valueRequired":true,"valueName":"search_term_string"}}],"inLanguage":"fr-FR"},{"@type":"Organization","@id":"https:\/\/themontesinosfoundation.org\/forde\/#organization","name":"FORDE","url":"https:\/\/themontesinosfoundation.org\/forde\/","logo":{"@type":"ImageObject","inLanguage":"fr-FR","@id":"https:\/\/themontesinosfoundation.org\/forde\/#\/schema\/logo\/image\/","url":"https:\/\/themontesinosfoundation.org\/forde\/wp-content\/uploads\/2014\/07\/logo-forde.png","contentUrl":"https:\/\/themontesinosfoundation.org\/forde\/wp-content\/uploads\/2014\/07\/logo-forde.png","width":735,"height":734,"caption":"FORDE"},"image":{"@id":"https:\/\/themontesinosfoundation.org\/forde\/#\/schema\/logo\/image\/"}}]}},"_links":{"self":[{"href":"https:\/\/themontesinosfoundation.org\/forde\/wp-json\/wp\/v2\/pages\/1317","targetHints":{"allow":["GET"]}}],"collection":[{"href":"https:\/\/themontesinosfoundation.org\/forde\/wp-json\/wp\/v2\/pages"}],"about":[{"href":"https:\/\/themontesinosfoundation.org\/forde\/wp-json\/wp\/v2\/types\/page"}],"author":[{"embeddable":true,"href":"https:\/\/themontesinosfoundation.org\/forde\/wp-json\/wp\/v2\/users\/2"}],"replies":[{"embeddable":true,"href":"https:\/\/themontesinosfoundation.org\/forde\/wp-json\/wp\/v2\/comments?post=1317"}],"version-history":[{"count":0,"href":"https:\/\/themontesinosfoundation.org\/forde\/wp-json\/wp\/v2\/pages\/1317\/revisions"}],"up":[{"embeddable":true,"href":"https:\/\/themontesinosfoundation.org\/forde\/wp-json\/wp\/v2\/pages\/805"}],"wp:attachment":[{"href":"https:\/\/themontesinosfoundation.org\/forde\/wp-json\/wp\/v2\/media?parent=1317"}],"curies":[{"name":"wp","href":"https:\/\/api.w.org\/{rel}","templated":true}]}}