{"id":1310,"date":"2014-04-07T15:55:31","date_gmt":"2014-04-07T14:55:31","guid":{"rendered":"http:\/\/www.forde.ch\/?page_id=1310"},"modified":"2014-04-07T15:55:31","modified_gmt":"2014-04-07T14:55:31","slug":"packaging","status":"publish","type":"page","link":"https:\/\/themontesinosfoundation.org\/forde\/archives-2\/2004-2006\/packaging\/","title":{"rendered":"Packaging"},"content":{"rendered":"<p>Commissariat d\u2019exposition : Daniel Baumann<\/p>\n<p>Exposition du 7 juin au 9 juillet 2005<\/p>\n<p>&nbsp;<\/p>\n<p>Au c\u0153ur de cette exposition, la pr\u00e9sentation d\u2019un objet complexe<br \/>\u00ab Psychopathologie de l&rsquo;expression. Une collection iconographique internationale \u00bb<\/p>\n<p>Cette s\u00e9rie de portfolios (au total 26) est r\u00e9alis\u00e9e entre 1963 et 1977 par la compagnie Sandoz pour la promotion d\u2019un neuroleptique (Melleril). Elle consiste en l\u2019\u00e9dition de quasi fac-simil\u00e9s d\u2019\u0153uvres de patients anonymes et d\u2019artistes rattach\u00e9s \u00e0 l\u2019art brut. Th\u00e9matique (\u00ab Entre Eros et Thanatos \u00bb \u00e9crit par Leo Navratil et Alfred Bader, 1970) ou monographique (\u00ab Adolf W\u00f6lfli \u00bb, \u00e9crit par Theodor Spoerri, 1964), elle est introduite par un texte.<\/p>\n<p>Elle est en premier lieu le reflet de divers bouleversements dont la red\u00e9finition de la maladie et de l\u2019art.A la fois arme publicitaire et expression d\u2019un certain id\u00e9al humaniste, cette \u00e9dition est magnifiquement ambivalente ainsi que l\u2019expression d\u2019un v\u00e9ritable r\u00eave bourgeois, celui de la r\u00e9conciliation.<\/p>\n<p>Chaque item contient un ensemble de reproductions introduit par un texte allant d\u2019une pr\u00e9sentation litt\u00e9raire et th\u00e9matique jusqu\u2019\u00e0 un diagnostique par la description des indices de n\u00e9vrose et pathologie. Se pose bien s\u00fbr la question de la d\u00e9finition des \u0153uvres : lieu d\u2019une expression pure, document d\u2019un \u00e9tat mental ou encore image symbolique et connot\u00e9e selon une grille \u00e9tablie. L\u2019\u0153uvre est le fruit d\u2019une imagination obscure ou une repr\u00e9sentation interdite de toute autonomie. C\u2019est donc dans la juxtaposition texte\u2013image, que cet objet s\u2019av\u00e8re \u00eatre en fait celui de l\u2019impossible r\u00e9conciliation.<\/p>\n<p>L\u2019exposition est aussi une \u00e9vocation du principe de d\u00e9mat\u00e9rialisation de l\u2019art conceptuel et de son \u00e9chec relatif ; de son red\u00e9ploiement critique (John Baldessari) ou de la prise en charge de cet h\u00e9ritage (Seth Price).<\/p>\n<p>R\u00e9\u00e9valuer le f\u00e9tiche, jouir du pouvoir de l\u2019emballage, remplacer la repr\u00e9sentation par la pr\u00e9sentation, soutenir le terrorisme de la forme.<\/p>\n<p>Daniel Baumann et Julien Fronsacq<\/p>\n<p>&nbsp;<\/p>\n<p><a href=\"https:\/\/themontesinosfoundation.org\/forde\/wp-content\/uploads\/2014\/04\/packaging1.jpg\"><img loading=\"lazy\" decoding=\"async\" class=\"aligncenter size-full wp-image-1311\" alt=\"packaging1\" src=\"https:\/\/themontesinosfoundation.org\/forde\/wp-content\/uploads\/2014\/04\/packaging1.jpg\" width=\"470\" height=\"376\" srcset=\"https:\/\/themontesinosfoundation.org\/forde\/wp-content\/uploads\/2014\/04\/packaging1.jpg 470w, https:\/\/themontesinosfoundation.org\/forde\/wp-content\/uploads\/2014\/04\/packaging1-375x300.jpg 375w, https:\/\/themontesinosfoundation.org\/forde\/wp-content\/uploads\/2014\/04\/packaging1-450x360.jpg 450w, https:\/\/themontesinosfoundation.org\/forde\/wp-content\/uploads\/2014\/04\/packaging1-300x240.jpg 300w\" sizes=\"auto, (max-width: 470px) 100vw, 470px\" \/><\/a> <a href=\"https:\/\/themontesinosfoundation.org\/forde\/wp-content\/uploads\/2014\/04\/packaging2.jpg\"><img loading=\"lazy\" decoding=\"async\" class=\"aligncenter size-medium wp-image-1312\" alt=\"packaging2\" src=\"https:\/\/themontesinosfoundation.org\/forde\/wp-content\/uploads\/2014\/04\/packaging2.jpg\" width=\"470\" height=\"376\" srcset=\"https:\/\/themontesinosfoundation.org\/forde\/wp-content\/uploads\/2014\/04\/packaging2.jpg 470w, https:\/\/themontesinosfoundation.org\/forde\/wp-content\/uploads\/2014\/04\/packaging2-375x300.jpg 375w, https:\/\/themontesinosfoundation.org\/forde\/wp-content\/uploads\/2014\/04\/packaging2-450x360.jpg 450w, https:\/\/themontesinosfoundation.org\/forde\/wp-content\/uploads\/2014\/04\/packaging2-300x240.jpg 300w\" sizes=\"auto, (max-width: 470px) 100vw, 470px\" \/><\/a> <a href=\"https:\/\/themontesinosfoundation.org\/forde\/wp-content\/uploads\/2014\/04\/seth.jpg\"><img loading=\"lazy\" decoding=\"async\" class=\"aligncenter size-medium wp-image-1313\" alt=\"seth\" src=\"https:\/\/themontesinosfoundation.org\/forde\/wp-content\/uploads\/2014\/04\/seth.jpg\" width=\"470\" height=\"376\" srcset=\"https:\/\/themontesinosfoundation.org\/forde\/wp-content\/uploads\/2014\/04\/seth.jpg 470w, https:\/\/themontesinosfoundation.org\/forde\/wp-content\/uploads\/2014\/04\/seth-375x300.jpg 375w, https:\/\/themontesinosfoundation.org\/forde\/wp-content\/uploads\/2014\/04\/seth-450x360.jpg 450w, https:\/\/themontesinosfoundation.org\/forde\/wp-content\/uploads\/2014\/04\/seth-300x240.jpg 300w\" sizes=\"auto, (max-width: 470px) 100vw, 470px\" \/><\/a><\/p>\n<div>\u00a0<\/div>\n<p>&nbsp;<\/p>\n","protected":false},"excerpt":{"rendered":"<p>Commissariat d\u2019exposition : Daniel Baumann Exposition du 7 juin au 9 juillet 2005 &nbsp; Au c\u0153ur de cette exposition, la pr\u00e9sentation d\u2019un objet complexe\u00ab Psychopathologie de l&rsquo;expression. Une collection iconographique internationale \u00bb Cette s\u00e9rie de portfolios (au total 26) est r\u00e9alis\u00e9e entre 1963 et 1977 par la compagnie Sandoz pour la promotion d\u2019un neuroleptique (Melleril). [&hellip;]<\/p>\n","protected":false},"author":2,"featured_media":0,"parent":805,"menu_order":0,"comment_status":"closed","ping_status":"open","template":"","meta":{"footnotes":""},"class_list":["post-1310","page","type-page","status-publish","hentry"],"yoast_head":"<!-- This site is optimized with the Yoast SEO plugin v27.4 - https:\/\/yoast.com\/product\/yoast-seo-wordpress\/ -->\n<title>Packaging - FORDE<\/title>\n<meta name=\"robots\" content=\"index, follow, max-snippet:-1, max-image-preview:large, max-video-preview:-1\" \/>\n<link rel=\"canonical\" href=\"https:\/\/themontesinosfoundation.org\/forde\/archives-2\/2004-2006\/packaging\/\" \/>\n<meta property=\"og:locale\" content=\"fr_FR\" \/>\n<meta property=\"og:type\" content=\"article\" \/>\n<meta property=\"og:title\" content=\"Packaging - FORDE\" \/>\n<meta property=\"og:description\" content=\"Commissariat d\u2019exposition : Daniel Baumann Exposition du 7 juin au 9 juillet 2005 &nbsp; Au c\u0153ur de cette exposition, la pr\u00e9sentation d\u2019un objet complexe\u00ab Psychopathologie de l&rsquo;expression. Une collection iconographique internationale \u00bb Cette s\u00e9rie de portfolios (au total 26) est r\u00e9alis\u00e9e entre 1963 et 1977 par la compagnie Sandoz pour la promotion d\u2019un neuroleptique (Melleril). [&hellip;]\" \/>\n<meta property=\"og:url\" content=\"https:\/\/themontesinosfoundation.org\/forde\/archives-2\/2004-2006\/packaging\/\" \/>\n<meta property=\"og:site_name\" content=\"FORDE\" \/>\n<meta property=\"og:image\" content=\"https:\/\/themontesinosfoundation.org\/forde\/wp-content\/uploads\/2014\/04\/packaging1.jpg\" \/>\n\t<meta property=\"og:image:width\" content=\"470\" \/>\n\t<meta property=\"og:image:height\" content=\"376\" \/>\n\t<meta property=\"og:image:type\" content=\"image\/jpeg\" \/>\n<meta name=\"twitter:card\" content=\"summary_large_image\" \/>\n<meta name=\"twitter:label1\" content=\"Dur\u00e9e de lecture estim\u00e9e\" \/>\n\t<meta name=\"twitter:data1\" content=\"2 minutes\" \/>\n<script type=\"application\/ld+json\" class=\"yoast-schema-graph\">{\"@context\":\"https:\\\/\\\/schema.org\",\"@graph\":[{\"@type\":\"WebPage\",\"@id\":\"https:\\\/\\\/themontesinosfoundation.org\\\/forde\\\/archives-2\\\/2004-2006\\\/packaging\\\/\",\"url\":\"https:\\\/\\\/themontesinosfoundation.org\\\/forde\\\/archives-2\\\/2004-2006\\\/packaging\\\/\",\"name\":\"Packaging - FORDE\",\"isPartOf\":{\"@id\":\"https:\\\/\\\/themontesinosfoundation.org\\\/forde\\\/#website\"},\"primaryImageOfPage\":{\"@id\":\"https:\\\/\\\/themontesinosfoundation.org\\\/forde\\\/archives-2\\\/2004-2006\\\/packaging\\\/#primaryimage\"},\"image\":{\"@id\":\"https:\\\/\\\/themontesinosfoundation.org\\\/forde\\\/archives-2\\\/2004-2006\\\/packaging\\\/#primaryimage\"},\"thumbnailUrl\":\"https:\\\/\\\/themontesinosfoundation.org\\\/forde\\\/wp-content\\\/uploads\\\/2014\\\/04\\\/packaging1.jpg\",\"datePublished\":\"2014-04-07T14:55:31+00:00\",\"breadcrumb\":{\"@id\":\"https:\\\/\\\/themontesinosfoundation.org\\\/forde\\\/archives-2\\\/2004-2006\\\/packaging\\\/#breadcrumb\"},\"inLanguage\":\"fr-FR\",\"potentialAction\":[{\"@type\":\"ReadAction\",\"target\":[\"https:\\\/\\\/themontesinosfoundation.org\\\/forde\\\/archives-2\\\/2004-2006\\\/packaging\\\/\"]}]},{\"@type\":\"ImageObject\",\"inLanguage\":\"fr-FR\",\"@id\":\"https:\\\/\\\/themontesinosfoundation.org\\\/forde\\\/archives-2\\\/2004-2006\\\/packaging\\\/#primaryimage\",\"url\":\"https:\\\/\\\/themontesinosfoundation.org\\\/forde\\\/wp-content\\\/uploads\\\/2014\\\/04\\\/packaging1.jpg\",\"contentUrl\":\"https:\\\/\\\/themontesinosfoundation.org\\\/forde\\\/wp-content\\\/uploads\\\/2014\\\/04\\\/packaging1.jpg\",\"width\":470,\"height\":376},{\"@type\":\"BreadcrumbList\",\"@id\":\"https:\\\/\\\/themontesinosfoundation.org\\\/forde\\\/archives-2\\\/2004-2006\\\/packaging\\\/#breadcrumb\",\"itemListElement\":[{\"@type\":\"ListItem\",\"position\":1,\"name\":\"Accueil\",\"item\":\"https:\\\/\\\/themontesinosfoundation.org\\\/forde\\\/\"},{\"@type\":\"ListItem\",\"position\":2,\"name\":\"Archives\",\"item\":\"https:\\\/\\\/themontesinosfoundation.org\\\/forde\\\/archives-2\\\/\"},{\"@type\":\"ListItem\",\"position\":3,\"name\":\"2004 &#8211; 2006\",\"item\":\"https:\\\/\\\/themontesinosfoundation.org\\\/forde\\\/archives-2\\\/2004-2006\\\/\"},{\"@type\":\"ListItem\",\"position\":4,\"name\":\"Packaging\"}]},{\"@type\":\"WebSite\",\"@id\":\"https:\\\/\\\/themontesinosfoundation.org\\\/forde\\\/#website\",\"url\":\"https:\\\/\\\/themontesinosfoundation.org\\\/forde\\\/\",\"name\":\"FORDE\",\"description\":\"2012-2014\",\"publisher\":{\"@id\":\"https:\\\/\\\/themontesinosfoundation.org\\\/forde\\\/#organization\"},\"potentialAction\":[{\"@type\":\"SearchAction\",\"target\":{\"@type\":\"EntryPoint\",\"urlTemplate\":\"https:\\\/\\\/themontesinosfoundation.org\\\/forde\\\/?s={search_term_string}\"},\"query-input\":{\"@type\":\"PropertyValueSpecification\",\"valueRequired\":true,\"valueName\":\"search_term_string\"}}],\"inLanguage\":\"fr-FR\"},{\"@type\":\"Organization\",\"@id\":\"https:\\\/\\\/themontesinosfoundation.org\\\/forde\\\/#organization\",\"name\":\"FORDE\",\"url\":\"https:\\\/\\\/themontesinosfoundation.org\\\/forde\\\/\",\"logo\":{\"@type\":\"ImageObject\",\"inLanguage\":\"fr-FR\",\"@id\":\"https:\\\/\\\/themontesinosfoundation.org\\\/forde\\\/#\\\/schema\\\/logo\\\/image\\\/\",\"url\":\"https:\\\/\\\/themontesinosfoundation.org\\\/forde\\\/wp-content\\\/uploads\\\/2014\\\/07\\\/logo-forde.png\",\"contentUrl\":\"https:\\\/\\\/themontesinosfoundation.org\\\/forde\\\/wp-content\\\/uploads\\\/2014\\\/07\\\/logo-forde.png\",\"width\":735,\"height\":734,\"caption\":\"FORDE\"},\"image\":{\"@id\":\"https:\\\/\\\/themontesinosfoundation.org\\\/forde\\\/#\\\/schema\\\/logo\\\/image\\\/\"}}]}<\/script>\n<!-- \/ Yoast SEO plugin. -->","yoast_head_json":{"title":"Packaging - FORDE","robots":{"index":"index","follow":"follow","max-snippet":"max-snippet:-1","max-image-preview":"max-image-preview:large","max-video-preview":"max-video-preview:-1"},"canonical":"https:\/\/themontesinosfoundation.org\/forde\/archives-2\/2004-2006\/packaging\/","og_locale":"fr_FR","og_type":"article","og_title":"Packaging - FORDE","og_description":"Commissariat d\u2019exposition : Daniel Baumann Exposition du 7 juin au 9 juillet 2005 &nbsp; Au c\u0153ur de cette exposition, la pr\u00e9sentation d\u2019un objet complexe\u00ab Psychopathologie de l&rsquo;expression. Une collection iconographique internationale \u00bb Cette s\u00e9rie de portfolios (au total 26) est r\u00e9alis\u00e9e entre 1963 et 1977 par la compagnie Sandoz pour la promotion d\u2019un neuroleptique (Melleril). [&hellip;]","og_url":"https:\/\/themontesinosfoundation.org\/forde\/archives-2\/2004-2006\/packaging\/","og_site_name":"FORDE","og_image":[{"width":470,"height":376,"url":"https:\/\/themontesinosfoundation.org\/forde\/wp-content\/uploads\/2014\/04\/packaging1.jpg","type":"image\/jpeg"}],"twitter_card":"summary_large_image","twitter_misc":{"Dur\u00e9e de lecture estim\u00e9e":"2 minutes"},"schema":{"@context":"https:\/\/schema.org","@graph":[{"@type":"WebPage","@id":"https:\/\/themontesinosfoundation.org\/forde\/archives-2\/2004-2006\/packaging\/","url":"https:\/\/themontesinosfoundation.org\/forde\/archives-2\/2004-2006\/packaging\/","name":"Packaging - FORDE","isPartOf":{"@id":"https:\/\/themontesinosfoundation.org\/forde\/#website"},"primaryImageOfPage":{"@id":"https:\/\/themontesinosfoundation.org\/forde\/archives-2\/2004-2006\/packaging\/#primaryimage"},"image":{"@id":"https:\/\/themontesinosfoundation.org\/forde\/archives-2\/2004-2006\/packaging\/#primaryimage"},"thumbnailUrl":"https:\/\/themontesinosfoundation.org\/forde\/wp-content\/uploads\/2014\/04\/packaging1.jpg","datePublished":"2014-04-07T14:55:31+00:00","breadcrumb":{"@id":"https:\/\/themontesinosfoundation.org\/forde\/archives-2\/2004-2006\/packaging\/#breadcrumb"},"inLanguage":"fr-FR","potentialAction":[{"@type":"ReadAction","target":["https:\/\/themontesinosfoundation.org\/forde\/archives-2\/2004-2006\/packaging\/"]}]},{"@type":"ImageObject","inLanguage":"fr-FR","@id":"https:\/\/themontesinosfoundation.org\/forde\/archives-2\/2004-2006\/packaging\/#primaryimage","url":"https:\/\/themontesinosfoundation.org\/forde\/wp-content\/uploads\/2014\/04\/packaging1.jpg","contentUrl":"https:\/\/themontesinosfoundation.org\/forde\/wp-content\/uploads\/2014\/04\/packaging1.jpg","width":470,"height":376},{"@type":"BreadcrumbList","@id":"https:\/\/themontesinosfoundation.org\/forde\/archives-2\/2004-2006\/packaging\/#breadcrumb","itemListElement":[{"@type":"ListItem","position":1,"name":"Accueil","item":"https:\/\/themontesinosfoundation.org\/forde\/"},{"@type":"ListItem","position":2,"name":"Archives","item":"https:\/\/themontesinosfoundation.org\/forde\/archives-2\/"},{"@type":"ListItem","position":3,"name":"2004 &#8211; 2006","item":"https:\/\/themontesinosfoundation.org\/forde\/archives-2\/2004-2006\/"},{"@type":"ListItem","position":4,"name":"Packaging"}]},{"@type":"WebSite","@id":"https:\/\/themontesinosfoundation.org\/forde\/#website","url":"https:\/\/themontesinosfoundation.org\/forde\/","name":"FORDE","description":"2012-2014","publisher":{"@id":"https:\/\/themontesinosfoundation.org\/forde\/#organization"},"potentialAction":[{"@type":"SearchAction","target":{"@type":"EntryPoint","urlTemplate":"https:\/\/themontesinosfoundation.org\/forde\/?s={search_term_string}"},"query-input":{"@type":"PropertyValueSpecification","valueRequired":true,"valueName":"search_term_string"}}],"inLanguage":"fr-FR"},{"@type":"Organization","@id":"https:\/\/themontesinosfoundation.org\/forde\/#organization","name":"FORDE","url":"https:\/\/themontesinosfoundation.org\/forde\/","logo":{"@type":"ImageObject","inLanguage":"fr-FR","@id":"https:\/\/themontesinosfoundation.org\/forde\/#\/schema\/logo\/image\/","url":"https:\/\/themontesinosfoundation.org\/forde\/wp-content\/uploads\/2014\/07\/logo-forde.png","contentUrl":"https:\/\/themontesinosfoundation.org\/forde\/wp-content\/uploads\/2014\/07\/logo-forde.png","width":735,"height":734,"caption":"FORDE"},"image":{"@id":"https:\/\/themontesinosfoundation.org\/forde\/#\/schema\/logo\/image\/"}}]}},"_links":{"self":[{"href":"https:\/\/themontesinosfoundation.org\/forde\/wp-json\/wp\/v2\/pages\/1310","targetHints":{"allow":["GET"]}}],"collection":[{"href":"https:\/\/themontesinosfoundation.org\/forde\/wp-json\/wp\/v2\/pages"}],"about":[{"href":"https:\/\/themontesinosfoundation.org\/forde\/wp-json\/wp\/v2\/types\/page"}],"author":[{"embeddable":true,"href":"https:\/\/themontesinosfoundation.org\/forde\/wp-json\/wp\/v2\/users\/2"}],"replies":[{"embeddable":true,"href":"https:\/\/themontesinosfoundation.org\/forde\/wp-json\/wp\/v2\/comments?post=1310"}],"version-history":[{"count":0,"href":"https:\/\/themontesinosfoundation.org\/forde\/wp-json\/wp\/v2\/pages\/1310\/revisions"}],"up":[{"embeddable":true,"href":"https:\/\/themontesinosfoundation.org\/forde\/wp-json\/wp\/v2\/pages\/805"}],"wp:attachment":[{"href":"https:\/\/themontesinosfoundation.org\/forde\/wp-json\/wp\/v2\/media?parent=1310"}],"curies":[{"name":"wp","href":"https:\/\/api.w.org\/{rel}","templated":true}]}}