{"id":1287,"date":"2014-04-07T15:44:51","date_gmt":"2014-04-07T14:44:51","guid":{"rendered":"http:\/\/www.forde.ch\/?page_id=1287"},"modified":"2014-04-07T15:44:51","modified_gmt":"2014-04-07T14:44:51","slug":"genet-mayor","status":"publish","type":"page","link":"https:\/\/themontesinosfoundation.org\/forde\/archives-2\/2004-2006\/genet-mayor\/","title":{"rendered":"Gen\u00eat Mayor"},"content":{"rendered":"<p>Exposition du mardi 27 septembre au samedi 19 novembre 2005<\/p>\n<p>Chez Gen\u00eat Mayor, il y en a pour tous les go\u00fbts. Pour les partisans durs de la structure autant que pour les fans de r\u00e9cits imag\u00e9s. Les premiers se plairont \u00e0 observer la malice des assemblages en s\u00e9rie d\u2019\u00e9l\u00e9ments destin\u00e9s au bricolage. Pour les seconds ; les calamars g\u00e9ants, les filets, les bataillons de coton-tiges &#8211; rondelles de p\u00e9tard seront autant de pr\u00e9textes \u00e0 une aventure.<\/p>\n<p>&nbsp;<\/p>\n<p>On peut s\u2019\u00e9tonner de cette partition simultan\u00e9e. On pourrait d\u00e9celer un h\u00e9ritage : la mise \u00e0 mal des acquis modernistes (auto-r\u00e9f\u00e9rentialit\u00e9, s\u00e9rialit\u00e9, modules). Ainsi la r\u00e9p\u00e9tition se trouverait renvoy\u00e9e \u00e0 l\u2019obsession, et la variation \u00e0 l\u2019application m\u00e9ticuleuse. L\u2019art minimal versus l\u2019art brut ! D\u00e8s lors, un filet de p\u00eache et du plomb projet\u00e9 contre une plinthe de mur seraient \u00e9quivalents.\u00a0<\/p>\n<p>&nbsp;<\/p>\n<p>Fabriquer un intestin &#8211; nasse \u00e0 hu\u00eetre, c\u2019est-\u00e0-dire enfiler les serre-c\u00e2bles tiendrait du pari ; celui qu\u2019il n\u2019y a pas moins de r\u00e9cit dans un alignement de briques. Les \u0153uvres de Mayor r\u00e9v\u00e8leraient la qualit\u00e9 narrative des \u0153uvres \u00ab processuelles \u00bb et minimales d\u2019antan.<\/p>\n<p>&nbsp;<\/p>\n<p>Arrivent alors l\u2019arm\u00e9e de monstres marins un peu na\u00effs et autres troph\u00e9es mythologiques en papier m\u00e2ch\u00e9. Gen\u00eat Mayor d\u00e9veloppe donc aussi une \u0153uvre litt\u00e9ralement narrative : deux tentacules-colonnes\u00a0 tels un d\u00e9cor de train fant\u00f4me \u00e0 l\u2019abandon dans lequel un embl\u00e8me tribal bricol\u00e9 c\u00f4toie un pi\u00e8ge n\u00e9olithique en plastique&#8230; Que l\u2019on consid\u00e8re d\u2019une part les s\u00e9ries compulsives, les proc\u00e9dures imag\u00e9es, le minimalisme narratif ; ou d\u2019autre part les d\u00e9cors \u00ab low-fi \u00bb, les mythologies \u00e9clectiques, l\u2019entreprise de Gen\u00eat Mayor est avant tout singuli\u00e8rement disphonique et magnifiquement hybride. Ainsi le papier m\u00e2ch\u00e9 dont on conna\u00eet l\u2019imm\u00e9diatet\u00e9 et la valeur semble \u00eatre une r\u00e9ponse \u00ab formaliste \u00bb (un moyen \u00e9vident d\u2019interroger les conventions de la sculpture). Inversement la s\u00e9rie devient une solution pratique. Les principes, les paradigmes, les \u00ab tropes \u00bb, les primats et autres corollaires jouent \u00e0 la chaise musicale dans une ar\u00e8ne o\u00f9 les r\u00e8gles de lecture de l\u2019art et ses suppos\u00e9s acquis s\u2019en trouvent malmen\u00e9s.\u00a0<\/p>\n<p>&nbsp;<\/p>\n<p><a href=\"https:\/\/themontesinosfoundation.org\/forde\/wp-content\/uploads\/2014\/04\/mayor3.jpg\"><img loading=\"lazy\" decoding=\"async\" class=\"aligncenter size-full wp-image-1297\" alt=\"mayor3\" src=\"https:\/\/themontesinosfoundation.org\/forde\/wp-content\/uploads\/2014\/04\/mayor3.jpg\" width=\"470\" height=\"376\" srcset=\"https:\/\/themontesinosfoundation.org\/forde\/wp-content\/uploads\/2014\/04\/mayor3.jpg 470w, https:\/\/themontesinosfoundation.org\/forde\/wp-content\/uploads\/2014\/04\/mayor3-375x300.jpg 375w, https:\/\/themontesinosfoundation.org\/forde\/wp-content\/uploads\/2014\/04\/mayor3-450x360.jpg 450w, https:\/\/themontesinosfoundation.org\/forde\/wp-content\/uploads\/2014\/04\/mayor3-300x240.jpg 300w\" sizes=\"auto, (max-width: 470px) 100vw, 470px\" \/><\/a> <a href=\"https:\/\/themontesinosfoundation.org\/forde\/wp-content\/uploads\/2014\/04\/mayor2.jpg\"><img loading=\"lazy\" decoding=\"async\" class=\"aligncenter size-medium wp-image-1296\" alt=\"mayor2\" src=\"https:\/\/themontesinosfoundation.org\/forde\/wp-content\/uploads\/2014\/04\/mayor2.jpg\" width=\"469\" height=\"375\" srcset=\"https:\/\/themontesinosfoundation.org\/forde\/wp-content\/uploads\/2014\/04\/mayor2.jpg 469w, https:\/\/themontesinosfoundation.org\/forde\/wp-content\/uploads\/2014\/04\/mayor2-375x300.jpg 375w, https:\/\/themontesinosfoundation.org\/forde\/wp-content\/uploads\/2014\/04\/mayor2-450x360.jpg 450w, https:\/\/themontesinosfoundation.org\/forde\/wp-content\/uploads\/2014\/04\/mayor2-300x239.jpg 300w\" sizes=\"auto, (max-width: 469px) 100vw, 469px\" \/><\/a> <a href=\"https:\/\/themontesinosfoundation.org\/forde\/wp-content\/uploads\/2014\/04\/mayor1.jpg\"><img loading=\"lazy\" decoding=\"async\" class=\"aligncenter size-full wp-image-1295\" alt=\"mayor1\" src=\"https:\/\/themontesinosfoundation.org\/forde\/wp-content\/uploads\/2014\/04\/mayor1.jpg\" width=\"470\" height=\"376\" srcset=\"https:\/\/themontesinosfoundation.org\/forde\/wp-content\/uploads\/2014\/04\/mayor1.jpg 470w, https:\/\/themontesinosfoundation.org\/forde\/wp-content\/uploads\/2014\/04\/mayor1-375x300.jpg 375w, https:\/\/themontesinosfoundation.org\/forde\/wp-content\/uploads\/2014\/04\/mayor1-450x360.jpg 450w, https:\/\/themontesinosfoundation.org\/forde\/wp-content\/uploads\/2014\/04\/mayor1-300x240.jpg 300w\" sizes=\"auto, (max-width: 470px) 100vw, 470px\" \/><\/a><\/p>\n<p>&nbsp;<\/p>\n<p>&nbsp;<\/p>\n","protected":false},"excerpt":{"rendered":"<p>Exposition du mardi 27 septembre au samedi 19 novembre 2005 Chez Gen\u00eat Mayor, il y en a pour tous les go\u00fbts. Pour les partisans durs de la structure autant que pour les fans de r\u00e9cits imag\u00e9s. Les premiers se plairont \u00e0 observer la malice des assemblages en s\u00e9rie d\u2019\u00e9l\u00e9ments destin\u00e9s au bricolage. Pour les seconds [&hellip;]<\/p>\n","protected":false},"author":2,"featured_media":0,"parent":805,"menu_order":0,"comment_status":"closed","ping_status":"open","template":"","meta":{"footnotes":""},"class_list":["post-1287","page","type-page","status-publish","hentry"],"yoast_head":"<!-- This site is optimized with the Yoast SEO plugin v27.4 - https:\/\/yoast.com\/product\/yoast-seo-wordpress\/ -->\n<title>Gen\u00eat Mayor - FORDE<\/title>\n<meta name=\"robots\" content=\"index, follow, max-snippet:-1, max-image-preview:large, max-video-preview:-1\" \/>\n<link rel=\"canonical\" href=\"https:\/\/themontesinosfoundation.org\/forde\/archives-2\/2004-2006\/genet-mayor\/\" \/>\n<meta property=\"og:locale\" content=\"fr_FR\" \/>\n<meta property=\"og:type\" content=\"article\" \/>\n<meta property=\"og:title\" content=\"Gen\u00eat Mayor - FORDE\" \/>\n<meta property=\"og:description\" content=\"Exposition du mardi 27 septembre au samedi 19 novembre 2005 Chez Gen\u00eat Mayor, il y en a pour tous les go\u00fbts. Pour les partisans durs de la structure autant que pour les fans de r\u00e9cits imag\u00e9s. Les premiers se plairont \u00e0 observer la malice des assemblages en s\u00e9rie d\u2019\u00e9l\u00e9ments destin\u00e9s au bricolage. Pour les seconds [&hellip;]\" \/>\n<meta property=\"og:url\" content=\"https:\/\/themontesinosfoundation.org\/forde\/archives-2\/2004-2006\/genet-mayor\/\" \/>\n<meta property=\"og:site_name\" content=\"FORDE\" \/>\n<meta property=\"og:image\" content=\"https:\/\/themontesinosfoundation.org\/forde\/wp-content\/uploads\/2014\/04\/mayor3.jpg\" \/>\n\t<meta property=\"og:image:width\" content=\"470\" \/>\n\t<meta property=\"og:image:height\" content=\"376\" \/>\n\t<meta property=\"og:image:type\" content=\"image\/jpeg\" \/>\n<meta name=\"twitter:card\" content=\"summary_large_image\" \/>\n<meta name=\"twitter:label1\" content=\"Dur\u00e9e de lecture estim\u00e9e\" \/>\n\t<meta name=\"twitter:data1\" content=\"2 minutes\" \/>\n<script type=\"application\/ld+json\" class=\"yoast-schema-graph\">{\"@context\":\"https:\\\/\\\/schema.org\",\"@graph\":[{\"@type\":\"WebPage\",\"@id\":\"https:\\\/\\\/themontesinosfoundation.org\\\/forde\\\/archives-2\\\/2004-2006\\\/genet-mayor\\\/\",\"url\":\"https:\\\/\\\/themontesinosfoundation.org\\\/forde\\\/archives-2\\\/2004-2006\\\/genet-mayor\\\/\",\"name\":\"Gen\u00eat Mayor - FORDE\",\"isPartOf\":{\"@id\":\"https:\\\/\\\/themontesinosfoundation.org\\\/forde\\\/#website\"},\"primaryImageOfPage\":{\"@id\":\"https:\\\/\\\/themontesinosfoundation.org\\\/forde\\\/archives-2\\\/2004-2006\\\/genet-mayor\\\/#primaryimage\"},\"image\":{\"@id\":\"https:\\\/\\\/themontesinosfoundation.org\\\/forde\\\/archives-2\\\/2004-2006\\\/genet-mayor\\\/#primaryimage\"},\"thumbnailUrl\":\"https:\\\/\\\/themontesinosfoundation.org\\\/forde\\\/wp-content\\\/uploads\\\/2014\\\/04\\\/mayor3.jpg\",\"datePublished\":\"2014-04-07T14:44:51+00:00\",\"breadcrumb\":{\"@id\":\"https:\\\/\\\/themontesinosfoundation.org\\\/forde\\\/archives-2\\\/2004-2006\\\/genet-mayor\\\/#breadcrumb\"},\"inLanguage\":\"fr-FR\",\"potentialAction\":[{\"@type\":\"ReadAction\",\"target\":[\"https:\\\/\\\/themontesinosfoundation.org\\\/forde\\\/archives-2\\\/2004-2006\\\/genet-mayor\\\/\"]}]},{\"@type\":\"ImageObject\",\"inLanguage\":\"fr-FR\",\"@id\":\"https:\\\/\\\/themontesinosfoundation.org\\\/forde\\\/archives-2\\\/2004-2006\\\/genet-mayor\\\/#primaryimage\",\"url\":\"https:\\\/\\\/themontesinosfoundation.org\\\/forde\\\/wp-content\\\/uploads\\\/2014\\\/04\\\/mayor3.jpg\",\"contentUrl\":\"https:\\\/\\\/themontesinosfoundation.org\\\/forde\\\/wp-content\\\/uploads\\\/2014\\\/04\\\/mayor3.jpg\",\"width\":470,\"height\":376},{\"@type\":\"BreadcrumbList\",\"@id\":\"https:\\\/\\\/themontesinosfoundation.org\\\/forde\\\/archives-2\\\/2004-2006\\\/genet-mayor\\\/#breadcrumb\",\"itemListElement\":[{\"@type\":\"ListItem\",\"position\":1,\"name\":\"Accueil\",\"item\":\"https:\\\/\\\/themontesinosfoundation.org\\\/forde\\\/\"},{\"@type\":\"ListItem\",\"position\":2,\"name\":\"Archives\",\"item\":\"https:\\\/\\\/themontesinosfoundation.org\\\/forde\\\/archives-2\\\/\"},{\"@type\":\"ListItem\",\"position\":3,\"name\":\"2004 &#8211; 2006\",\"item\":\"https:\\\/\\\/themontesinosfoundation.org\\\/forde\\\/archives-2\\\/2004-2006\\\/\"},{\"@type\":\"ListItem\",\"position\":4,\"name\":\"Gen\u00eat Mayor\"}]},{\"@type\":\"WebSite\",\"@id\":\"https:\\\/\\\/themontesinosfoundation.org\\\/forde\\\/#website\",\"url\":\"https:\\\/\\\/themontesinosfoundation.org\\\/forde\\\/\",\"name\":\"FORDE\",\"description\":\"2012-2014\",\"publisher\":{\"@id\":\"https:\\\/\\\/themontesinosfoundation.org\\\/forde\\\/#organization\"},\"potentialAction\":[{\"@type\":\"SearchAction\",\"target\":{\"@type\":\"EntryPoint\",\"urlTemplate\":\"https:\\\/\\\/themontesinosfoundation.org\\\/forde\\\/?s={search_term_string}\"},\"query-input\":{\"@type\":\"PropertyValueSpecification\",\"valueRequired\":true,\"valueName\":\"search_term_string\"}}],\"inLanguage\":\"fr-FR\"},{\"@type\":\"Organization\",\"@id\":\"https:\\\/\\\/themontesinosfoundation.org\\\/forde\\\/#organization\",\"name\":\"FORDE\",\"url\":\"https:\\\/\\\/themontesinosfoundation.org\\\/forde\\\/\",\"logo\":{\"@type\":\"ImageObject\",\"inLanguage\":\"fr-FR\",\"@id\":\"https:\\\/\\\/themontesinosfoundation.org\\\/forde\\\/#\\\/schema\\\/logo\\\/image\\\/\",\"url\":\"https:\\\/\\\/themontesinosfoundation.org\\\/forde\\\/wp-content\\\/uploads\\\/2014\\\/07\\\/logo-forde.png\",\"contentUrl\":\"https:\\\/\\\/themontesinosfoundation.org\\\/forde\\\/wp-content\\\/uploads\\\/2014\\\/07\\\/logo-forde.png\",\"width\":735,\"height\":734,\"caption\":\"FORDE\"},\"image\":{\"@id\":\"https:\\\/\\\/themontesinosfoundation.org\\\/forde\\\/#\\\/schema\\\/logo\\\/image\\\/\"}}]}<\/script>\n<!-- \/ Yoast SEO plugin. -->","yoast_head_json":{"title":"Gen\u00eat Mayor - FORDE","robots":{"index":"index","follow":"follow","max-snippet":"max-snippet:-1","max-image-preview":"max-image-preview:large","max-video-preview":"max-video-preview:-1"},"canonical":"https:\/\/themontesinosfoundation.org\/forde\/archives-2\/2004-2006\/genet-mayor\/","og_locale":"fr_FR","og_type":"article","og_title":"Gen\u00eat Mayor - FORDE","og_description":"Exposition du mardi 27 septembre au samedi 19 novembre 2005 Chez Gen\u00eat Mayor, il y en a pour tous les go\u00fbts. Pour les partisans durs de la structure autant que pour les fans de r\u00e9cits imag\u00e9s. Les premiers se plairont \u00e0 observer la malice des assemblages en s\u00e9rie d\u2019\u00e9l\u00e9ments destin\u00e9s au bricolage. Pour les seconds [&hellip;]","og_url":"https:\/\/themontesinosfoundation.org\/forde\/archives-2\/2004-2006\/genet-mayor\/","og_site_name":"FORDE","og_image":[{"width":470,"height":376,"url":"https:\/\/themontesinosfoundation.org\/forde\/wp-content\/uploads\/2014\/04\/mayor3.jpg","type":"image\/jpeg"}],"twitter_card":"summary_large_image","twitter_misc":{"Dur\u00e9e de lecture estim\u00e9e":"2 minutes"},"schema":{"@context":"https:\/\/schema.org","@graph":[{"@type":"WebPage","@id":"https:\/\/themontesinosfoundation.org\/forde\/archives-2\/2004-2006\/genet-mayor\/","url":"https:\/\/themontesinosfoundation.org\/forde\/archives-2\/2004-2006\/genet-mayor\/","name":"Gen\u00eat Mayor - FORDE","isPartOf":{"@id":"https:\/\/themontesinosfoundation.org\/forde\/#website"},"primaryImageOfPage":{"@id":"https:\/\/themontesinosfoundation.org\/forde\/archives-2\/2004-2006\/genet-mayor\/#primaryimage"},"image":{"@id":"https:\/\/themontesinosfoundation.org\/forde\/archives-2\/2004-2006\/genet-mayor\/#primaryimage"},"thumbnailUrl":"https:\/\/themontesinosfoundation.org\/forde\/wp-content\/uploads\/2014\/04\/mayor3.jpg","datePublished":"2014-04-07T14:44:51+00:00","breadcrumb":{"@id":"https:\/\/themontesinosfoundation.org\/forde\/archives-2\/2004-2006\/genet-mayor\/#breadcrumb"},"inLanguage":"fr-FR","potentialAction":[{"@type":"ReadAction","target":["https:\/\/themontesinosfoundation.org\/forde\/archives-2\/2004-2006\/genet-mayor\/"]}]},{"@type":"ImageObject","inLanguage":"fr-FR","@id":"https:\/\/themontesinosfoundation.org\/forde\/archives-2\/2004-2006\/genet-mayor\/#primaryimage","url":"https:\/\/themontesinosfoundation.org\/forde\/wp-content\/uploads\/2014\/04\/mayor3.jpg","contentUrl":"https:\/\/themontesinosfoundation.org\/forde\/wp-content\/uploads\/2014\/04\/mayor3.jpg","width":470,"height":376},{"@type":"BreadcrumbList","@id":"https:\/\/themontesinosfoundation.org\/forde\/archives-2\/2004-2006\/genet-mayor\/#breadcrumb","itemListElement":[{"@type":"ListItem","position":1,"name":"Accueil","item":"https:\/\/themontesinosfoundation.org\/forde\/"},{"@type":"ListItem","position":2,"name":"Archives","item":"https:\/\/themontesinosfoundation.org\/forde\/archives-2\/"},{"@type":"ListItem","position":3,"name":"2004 &#8211; 2006","item":"https:\/\/themontesinosfoundation.org\/forde\/archives-2\/2004-2006\/"},{"@type":"ListItem","position":4,"name":"Gen\u00eat Mayor"}]},{"@type":"WebSite","@id":"https:\/\/themontesinosfoundation.org\/forde\/#website","url":"https:\/\/themontesinosfoundation.org\/forde\/","name":"FORDE","description":"2012-2014","publisher":{"@id":"https:\/\/themontesinosfoundation.org\/forde\/#organization"},"potentialAction":[{"@type":"SearchAction","target":{"@type":"EntryPoint","urlTemplate":"https:\/\/themontesinosfoundation.org\/forde\/?s={search_term_string}"},"query-input":{"@type":"PropertyValueSpecification","valueRequired":true,"valueName":"search_term_string"}}],"inLanguage":"fr-FR"},{"@type":"Organization","@id":"https:\/\/themontesinosfoundation.org\/forde\/#organization","name":"FORDE","url":"https:\/\/themontesinosfoundation.org\/forde\/","logo":{"@type":"ImageObject","inLanguage":"fr-FR","@id":"https:\/\/themontesinosfoundation.org\/forde\/#\/schema\/logo\/image\/","url":"https:\/\/themontesinosfoundation.org\/forde\/wp-content\/uploads\/2014\/07\/logo-forde.png","contentUrl":"https:\/\/themontesinosfoundation.org\/forde\/wp-content\/uploads\/2014\/07\/logo-forde.png","width":735,"height":734,"caption":"FORDE"},"image":{"@id":"https:\/\/themontesinosfoundation.org\/forde\/#\/schema\/logo\/image\/"}}]}},"_links":{"self":[{"href":"https:\/\/themontesinosfoundation.org\/forde\/wp-json\/wp\/v2\/pages\/1287","targetHints":{"allow":["GET"]}}],"collection":[{"href":"https:\/\/themontesinosfoundation.org\/forde\/wp-json\/wp\/v2\/pages"}],"about":[{"href":"https:\/\/themontesinosfoundation.org\/forde\/wp-json\/wp\/v2\/types\/page"}],"author":[{"embeddable":true,"href":"https:\/\/themontesinosfoundation.org\/forde\/wp-json\/wp\/v2\/users\/2"}],"replies":[{"embeddable":true,"href":"https:\/\/themontesinosfoundation.org\/forde\/wp-json\/wp\/v2\/comments?post=1287"}],"version-history":[{"count":0,"href":"https:\/\/themontesinosfoundation.org\/forde\/wp-json\/wp\/v2\/pages\/1287\/revisions"}],"up":[{"embeddable":true,"href":"https:\/\/themontesinosfoundation.org\/forde\/wp-json\/wp\/v2\/pages\/805"}],"wp:attachment":[{"href":"https:\/\/themontesinosfoundation.org\/forde\/wp-json\/wp\/v2\/media?parent=1287"}],"curies":[{"name":"wp","href":"https:\/\/api.w.org\/{rel}","templated":true}]}}