{"id":1241,"date":"2014-04-07T15:25:01","date_gmt":"2014-04-07T14:25:01","guid":{"rendered":"http:\/\/www.forde.ch\/?page_id=1241"},"modified":"2014-04-07T15:25:01","modified_gmt":"2014-04-07T14:25:01","slug":"olivier-genoud-alois-godinat","status":"publish","type":"page","link":"https:\/\/themontesinosfoundation.org\/forde\/archives-2\/2004-2006\/olivier-genoud-alois-godinat\/","title":{"rendered":"Olivier Genoud, Alo\u00efs Godinat"},"content":{"rendered":"<p><h2>ANTA, ODELI, UTA.<\/h2>\n<\/p>\n<p>&nbsp;<\/p>\n<p>3 mai &#8211; 3 juin 2006.<\/p>\n<p>&nbsp;<\/p>\n<p>Olivier Genoud pr\u00e9sentait l\u2019ann\u00e9e derni\u00e8re un singulier diptyque. Un entrelacs de figures g\u00e9om\u00e9triques noires comme autant d\u2019architectures en perspective constituait une peinture murale. A cet imbroglio de bo\u00eetes, jouxtait une frise d\u2019\u0153uvres encadr\u00e9es d\u2019artistes des ann\u00e9es 60\/70 (Robert Morris, Douglas Huebler, Richard Long&#8230;). Olivier Genoud semblait donc op\u00e9rer par appropriationet conf\u00e9rer \u00e0 sa production l\u2019aust\u00e9rit\u00e9 propre au peintre en lettres. En outre, les deux pans avaient en commun la juxtaposition caract\u00e9ristique des classements par cat\u00e9gories. Bien s\u00fbr, \u00e0 mesure que le spectateur se pr\u00eatait au \u00abjeu des sept familles\u00bb, les analogies se disloquaient et abandonnaient les objets dans une certaine ind\u00e9termination.<\/p>\n<p>A quoi bon tout cela vous me direz ? La production d\u2019Olivier Genoud ne semble pas se contenter d\u2019une d\u00e9construction des op\u00e9rations de classification et de leur cons\u00e9quence autoritaire. Tel un arch\u00e9ologue de la culture, il cherche \u00e0 produire des corr\u00e9lations singuli\u00e8res et pertinentes entre des objets en apparence diff\u00e9rents. Pour cela, l\u2019artiste op\u00e8re une mise \u00e0 plat pour produire des \u0153uvres dont la dimension embl\u00e9matique \u2013 au sens propre du terme \u2013 simule une apparente unit\u00e9 qui les pr\u00e9serve de l\u2019h\u00e9t\u00e9rog\u00e9n\u00e9it\u00e9 du tableau d\u2019indices.<\/p>\n<p>Savamment concoct\u00e9 donc, l\u2019embl\u00e8me d\u00e9fie notre capacit\u00e9 \u00e0 le d\u00e9membrer et \u00e0 en envisager les termes et le contenu.<\/p>\n<p>&nbsp;<\/p>\n<p>La production d\u2019Alo\u00efs Godinat semble d\u2019autant plus vari\u00e9e \u2013 cartes\u00a0<br \/>perfor\u00e9es, papiers peints d\u00e9chir\u00e9s, affiches re-photographi\u00e9es \u2013 qu\u2019elle proc\u00e8de d\u2019une exploration du geste: perforer, d\u00e9chirer, empiler, superposer, agencer en quinconce&#8230; A l\u2019image d\u2019une cale en plastique noir imitation bois r\u00e9alis\u00e9e en 2005, elle semble consister en un discret basculement. Ainsi lorsque cette \u0153uvre assume sa fonction objective de calage, elle remplit sa fonction sculpturale de basculement. Afin de mieux envisager le travail de Godinat, on pourrait risquer l\u2019hypoth\u00e8se qu\u2019il soustrait le geste d\u2019une histoire h\u00e9ro\u00efque de la peinture afin de servir ses explorations minimes. Parmi ses diverses pr\u00e9sentations, cette cale avait servi \u00e0 basculer une enceinte qui diffusait un roulement de tambours infini. La promesse d\u2019un final spectaculaire ou d\u2019une information est \u00e0 jamais suspendue. Les op\u00e9rations de d\u00e9centrement initi\u00e9es par Alo\u00efs Godinat sont autant de gestes modestes qui ont des allures irr\u00e9solues d\u2019un roulement de tambours infini et participent ainsi d\u2019une critique m\u00e9taphorique de l\u2019autorit\u00e9.<\/p>\n<p>&nbsp;<\/p>\n<p>Julien Fronsacq<\/p>\n<p>&nbsp;<\/p>\n<p>1 Olivier Genoud,\u00a0Gonean, L\u2019Atelier, 2005. Olivier Genoud<br \/>2 Repr\u00e9sentation d\u2019une autorit\u00e9 ou d&rsquo;une notion abstraite \u00e0 l\u2019aide d\u2019objets\u00a0<br \/>communs.<\/p>\n<p>&nbsp;<\/p>\n<p><a href=\"https:\/\/themontesinosfoundation.org\/forde\/wp-content\/uploads\/2014\/04\/Alo_sGodinat_tag_re.jpg\"><img loading=\"lazy\" decoding=\"async\" class=\"aligncenter size-full wp-image-1244\" alt=\"Alo_sGodinat_tag_re\" src=\"https:\/\/themontesinosfoundation.org\/forde\/wp-content\/uploads\/2014\/04\/Alo_sGodinat_tag_re.jpg\" width=\"470\" height=\"376\" srcset=\"https:\/\/themontesinosfoundation.org\/forde\/wp-content\/uploads\/2014\/04\/Alo_sGodinat_tag_re.jpg 470w, https:\/\/themontesinosfoundation.org\/forde\/wp-content\/uploads\/2014\/04\/Alo_sGodinat_tag_re-375x300.jpg 375w, https:\/\/themontesinosfoundation.org\/forde\/wp-content\/uploads\/2014\/04\/Alo_sGodinat_tag_re-450x360.jpg 450w, https:\/\/themontesinosfoundation.org\/forde\/wp-content\/uploads\/2014\/04\/Alo_sGodinat_tag_re-300x240.jpg 300w\" sizes=\"auto, (max-width: 470px) 100vw, 470px\" \/><\/a> <a href=\"https:\/\/themontesinosfoundation.org\/forde\/wp-content\/uploads\/2014\/04\/GenoudGodinatangle.jpg\"><img loading=\"lazy\" decoding=\"async\" class=\"aligncenter size-medium wp-image-1245\" alt=\"GenoudGodinatangle\" src=\"https:\/\/themontesinosfoundation.org\/forde\/wp-content\/uploads\/2014\/04\/GenoudGodinatangle.jpg\" width=\"470\" height=\"376\" srcset=\"https:\/\/themontesinosfoundation.org\/forde\/wp-content\/uploads\/2014\/04\/GenoudGodinatangle.jpg 470w, https:\/\/themontesinosfoundation.org\/forde\/wp-content\/uploads\/2014\/04\/GenoudGodinatangle-375x300.jpg 375w, https:\/\/themontesinosfoundation.org\/forde\/wp-content\/uploads\/2014\/04\/GenoudGodinatangle-450x360.jpg 450w, https:\/\/themontesinosfoundation.org\/forde\/wp-content\/uploads\/2014\/04\/GenoudGodinatangle-300x240.jpg 300w\" sizes=\"auto, (max-width: 470px) 100vw, 470px\" \/><\/a> <a href=\"https:\/\/themontesinosfoundation.org\/forde\/wp-content\/uploads\/2014\/04\/GenoudGodinatvue-expo.jpg\"><img loading=\"lazy\" decoding=\"async\" class=\"aligncenter size-medium wp-image-1246\" alt=\"GenoudGodinatvue-expo\" src=\"https:\/\/themontesinosfoundation.org\/forde\/wp-content\/uploads\/2014\/04\/GenoudGodinatvue-expo.jpg\" width=\"470\" height=\"376\" srcset=\"https:\/\/themontesinosfoundation.org\/forde\/wp-content\/uploads\/2014\/04\/GenoudGodinatvue-expo.jpg 470w, https:\/\/themontesinosfoundation.org\/forde\/wp-content\/uploads\/2014\/04\/GenoudGodinatvue-expo-375x300.jpg 375w, https:\/\/themontesinosfoundation.org\/forde\/wp-content\/uploads\/2014\/04\/GenoudGodinatvue-expo-450x360.jpg 450w, https:\/\/themontesinosfoundation.org\/forde\/wp-content\/uploads\/2014\/04\/GenoudGodinatvue-expo-300x240.jpg 300w\" sizes=\"auto, (max-width: 470px) 100vw, 470px\" \/><\/a> <a href=\"https:\/\/themontesinosfoundation.org\/forde\/wp-content\/uploads\/2014\/04\/GenoudGodinatvue-globale2.jpg\"><img loading=\"lazy\" decoding=\"async\" class=\"aligncenter size-medium wp-image-1247\" alt=\"GenoudGodinatvue-globale2\" src=\"https:\/\/themontesinosfoundation.org\/forde\/wp-content\/uploads\/2014\/04\/GenoudGodinatvue-globale2.jpg\" width=\"470\" height=\"376\" srcset=\"https:\/\/themontesinosfoundation.org\/forde\/wp-content\/uploads\/2014\/04\/GenoudGodinatvue-globale2.jpg 470w, https:\/\/themontesinosfoundation.org\/forde\/wp-content\/uploads\/2014\/04\/GenoudGodinatvue-globale2-375x300.jpg 375w, https:\/\/themontesinosfoundation.org\/forde\/wp-content\/uploads\/2014\/04\/GenoudGodinatvue-globale2-450x360.jpg 450w, https:\/\/themontesinosfoundation.org\/forde\/wp-content\/uploads\/2014\/04\/GenoudGodinatvue-globale2-300x240.jpg 300w\" sizes=\"auto, (max-width: 470px) 100vw, 470px\" \/><\/a><\/p>\n","protected":false},"excerpt":{"rendered":"<p>ANTA, ODELI, UTA. &nbsp; 3 mai &#8211; 3 juin 2006. &nbsp; Olivier Genoud pr\u00e9sentait l\u2019ann\u00e9e derni\u00e8re un singulier diptyque. Un entrelacs de figures g\u00e9om\u00e9triques noires comme autant d\u2019architectures en perspective constituait une peinture murale. A cet imbroglio de bo\u00eetes, jouxtait une frise d\u2019\u0153uvres encadr\u00e9es d\u2019artistes des ann\u00e9es 60\/70 (Robert Morris, Douglas Huebler, Richard Long&#8230;). Olivier [&hellip;]<\/p>\n","protected":false},"author":2,"featured_media":0,"parent":805,"menu_order":0,"comment_status":"closed","ping_status":"open","template":"","meta":{"footnotes":""},"class_list":["post-1241","page","type-page","status-publish","hentry"],"yoast_head":"<!-- This site is optimized with the Yoast SEO plugin v27.3 - https:\/\/yoast.com\/product\/yoast-seo-wordpress\/ -->\n<title>Olivier Genoud, Alo\u00efs Godinat - FORDE<\/title>\n<meta name=\"robots\" content=\"index, follow, max-snippet:-1, max-image-preview:large, max-video-preview:-1\" \/>\n<link rel=\"canonical\" href=\"https:\/\/themontesinosfoundation.org\/forde\/archives-2\/2004-2006\/olivier-genoud-alois-godinat\/\" \/>\n<meta property=\"og:locale\" content=\"fr_FR\" \/>\n<meta property=\"og:type\" content=\"article\" \/>\n<meta property=\"og:title\" content=\"Olivier Genoud, Alo\u00efs Godinat - FORDE\" \/>\n<meta property=\"og:description\" content=\"ANTA, ODELI, UTA. &nbsp; 3 mai &#8211; 3 juin 2006. &nbsp; Olivier Genoud pr\u00e9sentait l\u2019ann\u00e9e derni\u00e8re un singulier diptyque. Un entrelacs de figures g\u00e9om\u00e9triques noires comme autant d\u2019architectures en perspective constituait une peinture murale. A cet imbroglio de bo\u00eetes, jouxtait une frise d\u2019\u0153uvres encadr\u00e9es d\u2019artistes des ann\u00e9es 60\/70 (Robert Morris, Douglas Huebler, Richard Long&#8230;). Olivier [&hellip;]\" \/>\n<meta property=\"og:url\" content=\"https:\/\/themontesinosfoundation.org\/forde\/archives-2\/2004-2006\/olivier-genoud-alois-godinat\/\" \/>\n<meta property=\"og:site_name\" content=\"FORDE\" \/>\n<meta property=\"og:image\" content=\"https:\/\/themontesinosfoundation.org\/forde\/wp-content\/uploads\/2014\/04\/Alo_sGodinat_tag_re.jpg\" \/>\n\t<meta property=\"og:image:width\" content=\"470\" \/>\n\t<meta property=\"og:image:height\" content=\"376\" \/>\n\t<meta property=\"og:image:type\" content=\"image\/jpeg\" \/>\n<meta name=\"twitter:card\" content=\"summary_large_image\" \/>\n<meta name=\"twitter:label1\" content=\"Dur\u00e9e de lecture estim\u00e9e\" \/>\n\t<meta name=\"twitter:data1\" content=\"2 minutes\" \/>\n<script type=\"application\/ld+json\" class=\"yoast-schema-graph\">{\"@context\":\"https:\\\/\\\/schema.org\",\"@graph\":[{\"@type\":\"WebPage\",\"@id\":\"https:\\\/\\\/themontesinosfoundation.org\\\/forde\\\/archives-2\\\/2004-2006\\\/olivier-genoud-alois-godinat\\\/\",\"url\":\"https:\\\/\\\/themontesinosfoundation.org\\\/forde\\\/archives-2\\\/2004-2006\\\/olivier-genoud-alois-godinat\\\/\",\"name\":\"Olivier Genoud, Alo\u00efs Godinat - FORDE\",\"isPartOf\":{\"@id\":\"https:\\\/\\\/themontesinosfoundation.org\\\/forde\\\/#website\"},\"primaryImageOfPage\":{\"@id\":\"https:\\\/\\\/themontesinosfoundation.org\\\/forde\\\/archives-2\\\/2004-2006\\\/olivier-genoud-alois-godinat\\\/#primaryimage\"},\"image\":{\"@id\":\"https:\\\/\\\/themontesinosfoundation.org\\\/forde\\\/archives-2\\\/2004-2006\\\/olivier-genoud-alois-godinat\\\/#primaryimage\"},\"thumbnailUrl\":\"https:\\\/\\\/themontesinosfoundation.org\\\/forde\\\/wp-content\\\/uploads\\\/2014\\\/04\\\/Alo_sGodinat_tag_re.jpg\",\"datePublished\":\"2014-04-07T14:25:01+00:00\",\"breadcrumb\":{\"@id\":\"https:\\\/\\\/themontesinosfoundation.org\\\/forde\\\/archives-2\\\/2004-2006\\\/olivier-genoud-alois-godinat\\\/#breadcrumb\"},\"inLanguage\":\"fr-FR\",\"potentialAction\":[{\"@type\":\"ReadAction\",\"target\":[\"https:\\\/\\\/themontesinosfoundation.org\\\/forde\\\/archives-2\\\/2004-2006\\\/olivier-genoud-alois-godinat\\\/\"]}]},{\"@type\":\"ImageObject\",\"inLanguage\":\"fr-FR\",\"@id\":\"https:\\\/\\\/themontesinosfoundation.org\\\/forde\\\/archives-2\\\/2004-2006\\\/olivier-genoud-alois-godinat\\\/#primaryimage\",\"url\":\"https:\\\/\\\/themontesinosfoundation.org\\\/forde\\\/wp-content\\\/uploads\\\/2014\\\/04\\\/Alo_sGodinat_tag_re.jpg\",\"contentUrl\":\"https:\\\/\\\/themontesinosfoundation.org\\\/forde\\\/wp-content\\\/uploads\\\/2014\\\/04\\\/Alo_sGodinat_tag_re.jpg\",\"width\":470,\"height\":376},{\"@type\":\"BreadcrumbList\",\"@id\":\"https:\\\/\\\/themontesinosfoundation.org\\\/forde\\\/archives-2\\\/2004-2006\\\/olivier-genoud-alois-godinat\\\/#breadcrumb\",\"itemListElement\":[{\"@type\":\"ListItem\",\"position\":1,\"name\":\"Accueil\",\"item\":\"https:\\\/\\\/themontesinosfoundation.org\\\/forde\\\/\"},{\"@type\":\"ListItem\",\"position\":2,\"name\":\"Archives\",\"item\":\"https:\\\/\\\/themontesinosfoundation.org\\\/forde\\\/archives-2\\\/\"},{\"@type\":\"ListItem\",\"position\":3,\"name\":\"2004 &#8211; 2006\",\"item\":\"https:\\\/\\\/themontesinosfoundation.org\\\/forde\\\/archives-2\\\/2004-2006\\\/\"},{\"@type\":\"ListItem\",\"position\":4,\"name\":\"Olivier Genoud, Alo\u00efs Godinat\"}]},{\"@type\":\"WebSite\",\"@id\":\"https:\\\/\\\/themontesinosfoundation.org\\\/forde\\\/#website\",\"url\":\"https:\\\/\\\/themontesinosfoundation.org\\\/forde\\\/\",\"name\":\"FORDE\",\"description\":\"2012-2014\",\"publisher\":{\"@id\":\"https:\\\/\\\/themontesinosfoundation.org\\\/forde\\\/#organization\"},\"potentialAction\":[{\"@type\":\"SearchAction\",\"target\":{\"@type\":\"EntryPoint\",\"urlTemplate\":\"https:\\\/\\\/themontesinosfoundation.org\\\/forde\\\/?s={search_term_string}\"},\"query-input\":{\"@type\":\"PropertyValueSpecification\",\"valueRequired\":true,\"valueName\":\"search_term_string\"}}],\"inLanguage\":\"fr-FR\"},{\"@type\":\"Organization\",\"@id\":\"https:\\\/\\\/themontesinosfoundation.org\\\/forde\\\/#organization\",\"name\":\"FORDE\",\"url\":\"https:\\\/\\\/themontesinosfoundation.org\\\/forde\\\/\",\"logo\":{\"@type\":\"ImageObject\",\"inLanguage\":\"fr-FR\",\"@id\":\"https:\\\/\\\/themontesinosfoundation.org\\\/forde\\\/#\\\/schema\\\/logo\\\/image\\\/\",\"url\":\"https:\\\/\\\/themontesinosfoundation.org\\\/forde\\\/wp-content\\\/uploads\\\/2014\\\/07\\\/logo-forde.png\",\"contentUrl\":\"https:\\\/\\\/themontesinosfoundation.org\\\/forde\\\/wp-content\\\/uploads\\\/2014\\\/07\\\/logo-forde.png\",\"width\":735,\"height\":734,\"caption\":\"FORDE\"},\"image\":{\"@id\":\"https:\\\/\\\/themontesinosfoundation.org\\\/forde\\\/#\\\/schema\\\/logo\\\/image\\\/\"}}]}<\/script>\n<!-- \/ Yoast SEO plugin. -->","yoast_head_json":{"title":"Olivier Genoud, Alo\u00efs Godinat - FORDE","robots":{"index":"index","follow":"follow","max-snippet":"max-snippet:-1","max-image-preview":"max-image-preview:large","max-video-preview":"max-video-preview:-1"},"canonical":"https:\/\/themontesinosfoundation.org\/forde\/archives-2\/2004-2006\/olivier-genoud-alois-godinat\/","og_locale":"fr_FR","og_type":"article","og_title":"Olivier Genoud, Alo\u00efs Godinat - FORDE","og_description":"ANTA, ODELI, UTA. &nbsp; 3 mai &#8211; 3 juin 2006. &nbsp; Olivier Genoud pr\u00e9sentait l\u2019ann\u00e9e derni\u00e8re un singulier diptyque. Un entrelacs de figures g\u00e9om\u00e9triques noires comme autant d\u2019architectures en perspective constituait une peinture murale. A cet imbroglio de bo\u00eetes, jouxtait une frise d\u2019\u0153uvres encadr\u00e9es d\u2019artistes des ann\u00e9es 60\/70 (Robert Morris, Douglas Huebler, Richard Long&#8230;). Olivier [&hellip;]","og_url":"https:\/\/themontesinosfoundation.org\/forde\/archives-2\/2004-2006\/olivier-genoud-alois-godinat\/","og_site_name":"FORDE","og_image":[{"width":470,"height":376,"url":"https:\/\/themontesinosfoundation.org\/forde\/wp-content\/uploads\/2014\/04\/Alo_sGodinat_tag_re.jpg","type":"image\/jpeg"}],"twitter_card":"summary_large_image","twitter_misc":{"Dur\u00e9e de lecture estim\u00e9e":"2 minutes"},"schema":{"@context":"https:\/\/schema.org","@graph":[{"@type":"WebPage","@id":"https:\/\/themontesinosfoundation.org\/forde\/archives-2\/2004-2006\/olivier-genoud-alois-godinat\/","url":"https:\/\/themontesinosfoundation.org\/forde\/archives-2\/2004-2006\/olivier-genoud-alois-godinat\/","name":"Olivier Genoud, Alo\u00efs Godinat - FORDE","isPartOf":{"@id":"https:\/\/themontesinosfoundation.org\/forde\/#website"},"primaryImageOfPage":{"@id":"https:\/\/themontesinosfoundation.org\/forde\/archives-2\/2004-2006\/olivier-genoud-alois-godinat\/#primaryimage"},"image":{"@id":"https:\/\/themontesinosfoundation.org\/forde\/archives-2\/2004-2006\/olivier-genoud-alois-godinat\/#primaryimage"},"thumbnailUrl":"https:\/\/themontesinosfoundation.org\/forde\/wp-content\/uploads\/2014\/04\/Alo_sGodinat_tag_re.jpg","datePublished":"2014-04-07T14:25:01+00:00","breadcrumb":{"@id":"https:\/\/themontesinosfoundation.org\/forde\/archives-2\/2004-2006\/olivier-genoud-alois-godinat\/#breadcrumb"},"inLanguage":"fr-FR","potentialAction":[{"@type":"ReadAction","target":["https:\/\/themontesinosfoundation.org\/forde\/archives-2\/2004-2006\/olivier-genoud-alois-godinat\/"]}]},{"@type":"ImageObject","inLanguage":"fr-FR","@id":"https:\/\/themontesinosfoundation.org\/forde\/archives-2\/2004-2006\/olivier-genoud-alois-godinat\/#primaryimage","url":"https:\/\/themontesinosfoundation.org\/forde\/wp-content\/uploads\/2014\/04\/Alo_sGodinat_tag_re.jpg","contentUrl":"https:\/\/themontesinosfoundation.org\/forde\/wp-content\/uploads\/2014\/04\/Alo_sGodinat_tag_re.jpg","width":470,"height":376},{"@type":"BreadcrumbList","@id":"https:\/\/themontesinosfoundation.org\/forde\/archives-2\/2004-2006\/olivier-genoud-alois-godinat\/#breadcrumb","itemListElement":[{"@type":"ListItem","position":1,"name":"Accueil","item":"https:\/\/themontesinosfoundation.org\/forde\/"},{"@type":"ListItem","position":2,"name":"Archives","item":"https:\/\/themontesinosfoundation.org\/forde\/archives-2\/"},{"@type":"ListItem","position":3,"name":"2004 &#8211; 2006","item":"https:\/\/themontesinosfoundation.org\/forde\/archives-2\/2004-2006\/"},{"@type":"ListItem","position":4,"name":"Olivier Genoud, Alo\u00efs Godinat"}]},{"@type":"WebSite","@id":"https:\/\/themontesinosfoundation.org\/forde\/#website","url":"https:\/\/themontesinosfoundation.org\/forde\/","name":"FORDE","description":"2012-2014","publisher":{"@id":"https:\/\/themontesinosfoundation.org\/forde\/#organization"},"potentialAction":[{"@type":"SearchAction","target":{"@type":"EntryPoint","urlTemplate":"https:\/\/themontesinosfoundation.org\/forde\/?s={search_term_string}"},"query-input":{"@type":"PropertyValueSpecification","valueRequired":true,"valueName":"search_term_string"}}],"inLanguage":"fr-FR"},{"@type":"Organization","@id":"https:\/\/themontesinosfoundation.org\/forde\/#organization","name":"FORDE","url":"https:\/\/themontesinosfoundation.org\/forde\/","logo":{"@type":"ImageObject","inLanguage":"fr-FR","@id":"https:\/\/themontesinosfoundation.org\/forde\/#\/schema\/logo\/image\/","url":"https:\/\/themontesinosfoundation.org\/forde\/wp-content\/uploads\/2014\/07\/logo-forde.png","contentUrl":"https:\/\/themontesinosfoundation.org\/forde\/wp-content\/uploads\/2014\/07\/logo-forde.png","width":735,"height":734,"caption":"FORDE"},"image":{"@id":"https:\/\/themontesinosfoundation.org\/forde\/#\/schema\/logo\/image\/"}}]}},"_links":{"self":[{"href":"https:\/\/themontesinosfoundation.org\/forde\/wp-json\/wp\/v2\/pages\/1241","targetHints":{"allow":["GET"]}}],"collection":[{"href":"https:\/\/themontesinosfoundation.org\/forde\/wp-json\/wp\/v2\/pages"}],"about":[{"href":"https:\/\/themontesinosfoundation.org\/forde\/wp-json\/wp\/v2\/types\/page"}],"author":[{"embeddable":true,"href":"https:\/\/themontesinosfoundation.org\/forde\/wp-json\/wp\/v2\/users\/2"}],"replies":[{"embeddable":true,"href":"https:\/\/themontesinosfoundation.org\/forde\/wp-json\/wp\/v2\/comments?post=1241"}],"version-history":[{"count":0,"href":"https:\/\/themontesinosfoundation.org\/forde\/wp-json\/wp\/v2\/pages\/1241\/revisions"}],"up":[{"embeddable":true,"href":"https:\/\/themontesinosfoundation.org\/forde\/wp-json\/wp\/v2\/pages\/805"}],"wp:attachment":[{"href":"https:\/\/themontesinosfoundation.org\/forde\/wp-json\/wp\/v2\/media?parent=1241"}],"curies":[{"name":"wp","href":"https:\/\/api.w.org\/{rel}","templated":true}]}}