{"id":1150,"date":"2014-04-07T15:09:07","date_gmt":"2014-04-07T14:09:07","guid":{"rendered":"http:\/\/www.forde.ch\/?page_id=1150"},"modified":"2014-04-07T15:09:07","modified_gmt":"2014-04-07T14:09:07","slug":"teletube-the-art-of-tv-shopping","status":"publish","type":"page","link":"https:\/\/themontesinosfoundation.org\/forde\/archives-2\/1995-1997\/teletube-the-art-of-tv-shopping\/","title":{"rendered":"Teletube : the art of TV-Shopping"},"content":{"rendered":"<p>Starring works by Herbert Brandl, Fenja Braster, Sylvie Fleury, Noritoshi Hirakawa, Thomas Hirschhorn, Bayard Hoover, Koo Jeong-A, Gertraud Presenhuber, Sam Samore, Frank Schroder, Schleifschnecke<\/p>\n<p>&nbsp;<\/p>\n<p><em id=\"__mceDel\"><br \/>Organisateurs d\u2019exposition et \u00e9diteurs, les z\u00fcrichois Michelle Nicol et Beat Huber transposent le catalogue de leur production sous les sunlights d\u2019un TV-Shopping vid\u00e9o. Les oeuvres ainsi r\u00e9duites dans l\u2019intervalle cathodique du moniteur sont les t\u00e9moins \u00e0 charge qui d\u00e9noncent les techniques attach\u00e9es \u00e0 leur vente et \u00e0 leur mode de pr\u00e9sentation. Voix off &#8211; celle du stand \u201cr\u00e9gion\u201d des inaugurations consum\u00e9ristes &#8211; d\u00e9cor minimum et inserts intempestifs emportent la notion \u201cnobiliaire\u201d d\u2019exposition dans l\u2019insistance v\u00e9nale des annonces commerciales.<\/em><\/p>\n<p>&nbsp;<\/p>\n<p><a href=\"https:\/\/themontesinosfoundation.org\/forde\/wp-content\/uploads\/2014\/04\/teletube04.jpg\"><img loading=\"lazy\" decoding=\"async\" class=\"aligncenter size-full wp-image-1159\" alt=\"teletube04\" src=\"https:\/\/themontesinosfoundation.org\/forde\/wp-content\/uploads\/2014\/04\/teletube04.jpg\" width=\"470\" height=\"313\" srcset=\"https:\/\/themontesinosfoundation.org\/forde\/wp-content\/uploads\/2014\/04\/teletube04.jpg 470w, https:\/\/themontesinosfoundation.org\/forde\/wp-content\/uploads\/2014\/04\/teletube04-450x300.jpg 450w, https:\/\/themontesinosfoundation.org\/forde\/wp-content\/uploads\/2014\/04\/teletube04-300x199.jpg 300w\" sizes=\"auto, (max-width: 470px) 100vw, 470px\" \/><\/a> <a href=\"https:\/\/themontesinosfoundation.org\/forde\/wp-content\/uploads\/2014\/04\/teletube02.jpg\"><img loading=\"lazy\" decoding=\"async\" class=\"aligncenter size-medium wp-image-1158\" alt=\"teletube02\" src=\"https:\/\/themontesinosfoundation.org\/forde\/wp-content\/uploads\/2014\/04\/teletube02.jpg\" width=\"470\" height=\"308\" srcset=\"https:\/\/themontesinosfoundation.org\/forde\/wp-content\/uploads\/2014\/04\/teletube02.jpg 470w, https:\/\/themontesinosfoundation.org\/forde\/wp-content\/uploads\/2014\/04\/teletube02-458x300.jpg 458w, https:\/\/themontesinosfoundation.org\/forde\/wp-content\/uploads\/2014\/04\/teletube02-450x295.jpg 450w, https:\/\/themontesinosfoundation.org\/forde\/wp-content\/uploads\/2014\/04\/teletube02-300x196.jpg 300w\" sizes=\"auto, (max-width: 470px) 100vw, 470px\" \/><\/a> <a href=\"https:\/\/themontesinosfoundation.org\/forde\/wp-content\/uploads\/2014\/04\/teletube01.jpg\"><img loading=\"lazy\" decoding=\"async\" class=\"aligncenter size-full wp-image-1157\" alt=\"teletube01\" src=\"https:\/\/themontesinosfoundation.org\/forde\/wp-content\/uploads\/2014\/04\/teletube01.jpg\" width=\"470\" height=\"308\" srcset=\"https:\/\/themontesinosfoundation.org\/forde\/wp-content\/uploads\/2014\/04\/teletube01.jpg 470w, https:\/\/themontesinosfoundation.org\/forde\/wp-content\/uploads\/2014\/04\/teletube01-458x300.jpg 458w, https:\/\/themontesinosfoundation.org\/forde\/wp-content\/uploads\/2014\/04\/teletube01-450x295.jpg 450w, https:\/\/themontesinosfoundation.org\/forde\/wp-content\/uploads\/2014\/04\/teletube01-300x196.jpg 300w\" sizes=\"auto, (max-width: 470px) 100vw, 470px\" \/><\/a><\/p>\n","protected":false},"excerpt":{"rendered":"<p>Starring works by Herbert Brandl, Fenja Braster, Sylvie Fleury, Noritoshi Hirakawa, Thomas Hirschhorn, Bayard Hoover, Koo Jeong-A, Gertraud Presenhuber, Sam Samore, Frank Schroder, Schleifschnecke &nbsp; Organisateurs d\u2019exposition et \u00e9diteurs, les z\u00fcrichois Michelle Nicol et Beat Huber transposent le catalogue de leur production sous les sunlights d\u2019un TV-Shopping vid\u00e9o. Les oeuvres ainsi r\u00e9duites dans l\u2019intervalle cathodique [&hellip;]<\/p>\n","protected":false},"author":2,"featured_media":0,"parent":798,"menu_order":0,"comment_status":"closed","ping_status":"open","template":"","meta":{"footnotes":""},"class_list":["post-1150","page","type-page","status-publish","hentry"],"yoast_head":"<!-- This site is optimized with the Yoast SEO plugin v27.5 - https:\/\/yoast.com\/product\/yoast-seo-wordpress\/ -->\n<title>Teletube : the art of TV-Shopping - FORDE<\/title>\n<meta name=\"robots\" content=\"index, follow, max-snippet:-1, max-image-preview:large, max-video-preview:-1\" \/>\n<link rel=\"canonical\" href=\"https:\/\/themontesinosfoundation.org\/forde\/archives-2\/1995-1997\/teletube-the-art-of-tv-shopping\/\" \/>\n<meta property=\"og:locale\" content=\"fr_FR\" \/>\n<meta property=\"og:type\" content=\"article\" \/>\n<meta property=\"og:title\" content=\"Teletube : the art of TV-Shopping - FORDE\" \/>\n<meta property=\"og:description\" content=\"Starring works by Herbert Brandl, Fenja Braster, Sylvie Fleury, Noritoshi Hirakawa, Thomas Hirschhorn, Bayard Hoover, Koo Jeong-A, Gertraud Presenhuber, Sam Samore, Frank Schroder, Schleifschnecke &nbsp; Organisateurs d\u2019exposition et \u00e9diteurs, les z\u00fcrichois Michelle Nicol et Beat Huber transposent le catalogue de leur production sous les sunlights d\u2019un TV-Shopping vid\u00e9o. Les oeuvres ainsi r\u00e9duites dans l\u2019intervalle cathodique [&hellip;]\" \/>\n<meta property=\"og:url\" content=\"https:\/\/themontesinosfoundation.org\/forde\/archives-2\/1995-1997\/teletube-the-art-of-tv-shopping\/\" \/>\n<meta property=\"og:site_name\" content=\"FORDE\" \/>\n<meta property=\"og:image\" content=\"https:\/\/themontesinosfoundation.org\/forde\/wp-content\/uploads\/2014\/04\/teletube04.jpg\" \/>\n\t<meta property=\"og:image:width\" content=\"470\" \/>\n\t<meta property=\"og:image:height\" content=\"313\" \/>\n\t<meta property=\"og:image:type\" content=\"image\/jpeg\" \/>\n<meta name=\"twitter:card\" content=\"summary_large_image\" \/>\n<meta name=\"twitter:label1\" content=\"Dur\u00e9e de lecture estim\u00e9e\" \/>\n\t<meta name=\"twitter:data1\" content=\"1 minute\" \/>\n<script type=\"application\/ld+json\" class=\"yoast-schema-graph\">{\"@context\":\"https:\\\/\\\/schema.org\",\"@graph\":[{\"@type\":\"WebPage\",\"@id\":\"https:\\\/\\\/themontesinosfoundation.org\\\/forde\\\/archives-2\\\/1995-1997\\\/teletube-the-art-of-tv-shopping\\\/\",\"url\":\"https:\\\/\\\/themontesinosfoundation.org\\\/forde\\\/archives-2\\\/1995-1997\\\/teletube-the-art-of-tv-shopping\\\/\",\"name\":\"Teletube : the art of TV-Shopping - FORDE\",\"isPartOf\":{\"@id\":\"https:\\\/\\\/themontesinosfoundation.org\\\/forde\\\/#website\"},\"primaryImageOfPage\":{\"@id\":\"https:\\\/\\\/themontesinosfoundation.org\\\/forde\\\/archives-2\\\/1995-1997\\\/teletube-the-art-of-tv-shopping\\\/#primaryimage\"},\"image\":{\"@id\":\"https:\\\/\\\/themontesinosfoundation.org\\\/forde\\\/archives-2\\\/1995-1997\\\/teletube-the-art-of-tv-shopping\\\/#primaryimage\"},\"thumbnailUrl\":\"https:\\\/\\\/themontesinosfoundation.org\\\/forde\\\/wp-content\\\/uploads\\\/2014\\\/04\\\/teletube04.jpg\",\"datePublished\":\"2014-04-07T14:09:07+00:00\",\"breadcrumb\":{\"@id\":\"https:\\\/\\\/themontesinosfoundation.org\\\/forde\\\/archives-2\\\/1995-1997\\\/teletube-the-art-of-tv-shopping\\\/#breadcrumb\"},\"inLanguage\":\"fr-FR\",\"potentialAction\":[{\"@type\":\"ReadAction\",\"target\":[\"https:\\\/\\\/themontesinosfoundation.org\\\/forde\\\/archives-2\\\/1995-1997\\\/teletube-the-art-of-tv-shopping\\\/\"]}]},{\"@type\":\"ImageObject\",\"inLanguage\":\"fr-FR\",\"@id\":\"https:\\\/\\\/themontesinosfoundation.org\\\/forde\\\/archives-2\\\/1995-1997\\\/teletube-the-art-of-tv-shopping\\\/#primaryimage\",\"url\":\"https:\\\/\\\/themontesinosfoundation.org\\\/forde\\\/wp-content\\\/uploads\\\/2014\\\/04\\\/teletube04.jpg\",\"contentUrl\":\"https:\\\/\\\/themontesinosfoundation.org\\\/forde\\\/wp-content\\\/uploads\\\/2014\\\/04\\\/teletube04.jpg\",\"width\":470,\"height\":313},{\"@type\":\"BreadcrumbList\",\"@id\":\"https:\\\/\\\/themontesinosfoundation.org\\\/forde\\\/archives-2\\\/1995-1997\\\/teletube-the-art-of-tv-shopping\\\/#breadcrumb\",\"itemListElement\":[{\"@type\":\"ListItem\",\"position\":1,\"name\":\"Accueil\",\"item\":\"https:\\\/\\\/themontesinosfoundation.org\\\/forde\\\/\"},{\"@type\":\"ListItem\",\"position\":2,\"name\":\"Archives\",\"item\":\"https:\\\/\\\/themontesinosfoundation.org\\\/forde\\\/archives-2\\\/\"},{\"@type\":\"ListItem\",\"position\":3,\"name\":\"1995 &#8211; 1997\",\"item\":\"https:\\\/\\\/themontesinosfoundation.org\\\/forde\\\/archives-2\\\/1995-1997\\\/\"},{\"@type\":\"ListItem\",\"position\":4,\"name\":\"Teletube : the art of TV-Shopping\"}]},{\"@type\":\"WebSite\",\"@id\":\"https:\\\/\\\/themontesinosfoundation.org\\\/forde\\\/#website\",\"url\":\"https:\\\/\\\/themontesinosfoundation.org\\\/forde\\\/\",\"name\":\"FORDE\",\"description\":\"2012-2014\",\"publisher\":{\"@id\":\"https:\\\/\\\/themontesinosfoundation.org\\\/forde\\\/#organization\"},\"potentialAction\":[{\"@type\":\"SearchAction\",\"target\":{\"@type\":\"EntryPoint\",\"urlTemplate\":\"https:\\\/\\\/themontesinosfoundation.org\\\/forde\\\/?s={search_term_string}\"},\"query-input\":{\"@type\":\"PropertyValueSpecification\",\"valueRequired\":true,\"valueName\":\"search_term_string\"}}],\"inLanguage\":\"fr-FR\"},{\"@type\":\"Organization\",\"@id\":\"https:\\\/\\\/themontesinosfoundation.org\\\/forde\\\/#organization\",\"name\":\"FORDE\",\"url\":\"https:\\\/\\\/themontesinosfoundation.org\\\/forde\\\/\",\"logo\":{\"@type\":\"ImageObject\",\"inLanguage\":\"fr-FR\",\"@id\":\"https:\\\/\\\/themontesinosfoundation.org\\\/forde\\\/#\\\/schema\\\/logo\\\/image\\\/\",\"url\":\"https:\\\/\\\/themontesinosfoundation.org\\\/forde\\\/wp-content\\\/uploads\\\/2014\\\/07\\\/logo-forde.png\",\"contentUrl\":\"https:\\\/\\\/themontesinosfoundation.org\\\/forde\\\/wp-content\\\/uploads\\\/2014\\\/07\\\/logo-forde.png\",\"width\":735,\"height\":734,\"caption\":\"FORDE\"},\"image\":{\"@id\":\"https:\\\/\\\/themontesinosfoundation.org\\\/forde\\\/#\\\/schema\\\/logo\\\/image\\\/\"}}]}<\/script>\n<!-- \/ Yoast SEO plugin. -->","yoast_head_json":{"title":"Teletube : the art of TV-Shopping - FORDE","robots":{"index":"index","follow":"follow","max-snippet":"max-snippet:-1","max-image-preview":"max-image-preview:large","max-video-preview":"max-video-preview:-1"},"canonical":"https:\/\/themontesinosfoundation.org\/forde\/archives-2\/1995-1997\/teletube-the-art-of-tv-shopping\/","og_locale":"fr_FR","og_type":"article","og_title":"Teletube : the art of TV-Shopping - FORDE","og_description":"Starring works by Herbert Brandl, Fenja Braster, Sylvie Fleury, Noritoshi Hirakawa, Thomas Hirschhorn, Bayard Hoover, Koo Jeong-A, Gertraud Presenhuber, Sam Samore, Frank Schroder, Schleifschnecke &nbsp; Organisateurs d\u2019exposition et \u00e9diteurs, les z\u00fcrichois Michelle Nicol et Beat Huber transposent le catalogue de leur production sous les sunlights d\u2019un TV-Shopping vid\u00e9o. Les oeuvres ainsi r\u00e9duites dans l\u2019intervalle cathodique [&hellip;]","og_url":"https:\/\/themontesinosfoundation.org\/forde\/archives-2\/1995-1997\/teletube-the-art-of-tv-shopping\/","og_site_name":"FORDE","og_image":[{"width":470,"height":313,"url":"https:\/\/themontesinosfoundation.org\/forde\/wp-content\/uploads\/2014\/04\/teletube04.jpg","type":"image\/jpeg"}],"twitter_card":"summary_large_image","twitter_misc":{"Dur\u00e9e de lecture estim\u00e9e":"1 minute"},"schema":{"@context":"https:\/\/schema.org","@graph":[{"@type":"WebPage","@id":"https:\/\/themontesinosfoundation.org\/forde\/archives-2\/1995-1997\/teletube-the-art-of-tv-shopping\/","url":"https:\/\/themontesinosfoundation.org\/forde\/archives-2\/1995-1997\/teletube-the-art-of-tv-shopping\/","name":"Teletube : the art of TV-Shopping - FORDE","isPartOf":{"@id":"https:\/\/themontesinosfoundation.org\/forde\/#website"},"primaryImageOfPage":{"@id":"https:\/\/themontesinosfoundation.org\/forde\/archives-2\/1995-1997\/teletube-the-art-of-tv-shopping\/#primaryimage"},"image":{"@id":"https:\/\/themontesinosfoundation.org\/forde\/archives-2\/1995-1997\/teletube-the-art-of-tv-shopping\/#primaryimage"},"thumbnailUrl":"https:\/\/themontesinosfoundation.org\/forde\/wp-content\/uploads\/2014\/04\/teletube04.jpg","datePublished":"2014-04-07T14:09:07+00:00","breadcrumb":{"@id":"https:\/\/themontesinosfoundation.org\/forde\/archives-2\/1995-1997\/teletube-the-art-of-tv-shopping\/#breadcrumb"},"inLanguage":"fr-FR","potentialAction":[{"@type":"ReadAction","target":["https:\/\/themontesinosfoundation.org\/forde\/archives-2\/1995-1997\/teletube-the-art-of-tv-shopping\/"]}]},{"@type":"ImageObject","inLanguage":"fr-FR","@id":"https:\/\/themontesinosfoundation.org\/forde\/archives-2\/1995-1997\/teletube-the-art-of-tv-shopping\/#primaryimage","url":"https:\/\/themontesinosfoundation.org\/forde\/wp-content\/uploads\/2014\/04\/teletube04.jpg","contentUrl":"https:\/\/themontesinosfoundation.org\/forde\/wp-content\/uploads\/2014\/04\/teletube04.jpg","width":470,"height":313},{"@type":"BreadcrumbList","@id":"https:\/\/themontesinosfoundation.org\/forde\/archives-2\/1995-1997\/teletube-the-art-of-tv-shopping\/#breadcrumb","itemListElement":[{"@type":"ListItem","position":1,"name":"Accueil","item":"https:\/\/themontesinosfoundation.org\/forde\/"},{"@type":"ListItem","position":2,"name":"Archives","item":"https:\/\/themontesinosfoundation.org\/forde\/archives-2\/"},{"@type":"ListItem","position":3,"name":"1995 &#8211; 1997","item":"https:\/\/themontesinosfoundation.org\/forde\/archives-2\/1995-1997\/"},{"@type":"ListItem","position":4,"name":"Teletube : the art of TV-Shopping"}]},{"@type":"WebSite","@id":"https:\/\/themontesinosfoundation.org\/forde\/#website","url":"https:\/\/themontesinosfoundation.org\/forde\/","name":"FORDE","description":"2012-2014","publisher":{"@id":"https:\/\/themontesinosfoundation.org\/forde\/#organization"},"potentialAction":[{"@type":"SearchAction","target":{"@type":"EntryPoint","urlTemplate":"https:\/\/themontesinosfoundation.org\/forde\/?s={search_term_string}"},"query-input":{"@type":"PropertyValueSpecification","valueRequired":true,"valueName":"search_term_string"}}],"inLanguage":"fr-FR"},{"@type":"Organization","@id":"https:\/\/themontesinosfoundation.org\/forde\/#organization","name":"FORDE","url":"https:\/\/themontesinosfoundation.org\/forde\/","logo":{"@type":"ImageObject","inLanguage":"fr-FR","@id":"https:\/\/themontesinosfoundation.org\/forde\/#\/schema\/logo\/image\/","url":"https:\/\/themontesinosfoundation.org\/forde\/wp-content\/uploads\/2014\/07\/logo-forde.png","contentUrl":"https:\/\/themontesinosfoundation.org\/forde\/wp-content\/uploads\/2014\/07\/logo-forde.png","width":735,"height":734,"caption":"FORDE"},"image":{"@id":"https:\/\/themontesinosfoundation.org\/forde\/#\/schema\/logo\/image\/"}}]}},"_links":{"self":[{"href":"https:\/\/themontesinosfoundation.org\/forde\/wp-json\/wp\/v2\/pages\/1150","targetHints":{"allow":["GET"]}}],"collection":[{"href":"https:\/\/themontesinosfoundation.org\/forde\/wp-json\/wp\/v2\/pages"}],"about":[{"href":"https:\/\/themontesinosfoundation.org\/forde\/wp-json\/wp\/v2\/types\/page"}],"author":[{"embeddable":true,"href":"https:\/\/themontesinosfoundation.org\/forde\/wp-json\/wp\/v2\/users\/2"}],"replies":[{"embeddable":true,"href":"https:\/\/themontesinosfoundation.org\/forde\/wp-json\/wp\/v2\/comments?post=1150"}],"version-history":[{"count":0,"href":"https:\/\/themontesinosfoundation.org\/forde\/wp-json\/wp\/v2\/pages\/1150\/revisions"}],"up":[{"embeddable":true,"href":"https:\/\/themontesinosfoundation.org\/forde\/wp-json\/wp\/v2\/pages\/798"}],"wp:attachment":[{"href":"https:\/\/themontesinosfoundation.org\/forde\/wp-json\/wp\/v2\/media?parent=1150"}],"curies":[{"name":"wp","href":"https:\/\/api.w.org\/{rel}","templated":true}]}}