{"id":1122,"date":"2014-04-07T15:03:00","date_gmt":"2014-04-07T14:03:00","guid":{"rendered":"http:\/\/www.forde.ch\/?page_id=1122"},"modified":"2014-04-07T15:03:00","modified_gmt":"2014-04-07T14:03:00","slug":"pierre-vadi","status":"publish","type":"page","link":"https:\/\/themontesinosfoundation.org\/forde\/archives-2\/1995-1997\/pierre-vadi\/","title":{"rendered":"Pierre Vadi"},"content":{"rendered":"<p>Le travail de Pierre Vadi, jeune artiste genevois dont c\u2019est la premi\u00e8re exposition personnelle, allie \u00e0 une discr\u00e9tion peu bavarde (sobri\u00e9t\u00e9 des installations et des prises de vues) une richesse de sens qui se loge souvent dans le d\u00e9tail (rapport des mat\u00e9riaux, indices photographiques). Ainsi, qu\u2019il s\u2019agisse d\u2019une vue de l\u2019ancienne usine Fiat de Turin dont les parois vitr\u00e9es sont aujourd\u2019hui rendues aveugles par les protections qui les recouvrent, ou d\u2019un socle qui m\u00eale le fr\u00eane et le bois agglom\u00e9r\u00e9 pour supporter un petit mur de b\u00e9ton, les pi\u00e8ces de Pierre Vadi se d\u00e9voilent petit \u00e0 petit.<\/p>\n<p>&nbsp;<\/p>\n<p>Puisant ses r\u00e9f\u00e9rences dans un corpus conceptuel m\u00e2tin\u00e9 d\u2019une certaine po\u00e9sie, l\u2019artiste genevois ausculte, \u00e0 travers l\u2019architecture du mouvement international (par le biais de photographies prises lors d\u2019un voyage en Italie ou d\u2019installations renvoyant \u00e0 l\u2019id\u00e9e de support, d\u2019abri ou de d\u00e9limitation territoriale), l\u2019arch\u00e9ologie de notre modernit\u00e9.<\/p>\n<p>&nbsp;<\/p>\n<p>\u00a0<a href=\"https:\/\/themontesinosfoundation.org\/forde\/wp-content\/uploads\/2014\/04\/vadi02.jpg\"><img loading=\"lazy\" decoding=\"async\" class=\"aligncenter size-full wp-image-1127\" alt=\"vadi02\" src=\"https:\/\/themontesinosfoundation.org\/forde\/wp-content\/uploads\/2014\/04\/vadi02.jpg\" width=\"470\" height=\"303\" srcset=\"https:\/\/themontesinosfoundation.org\/forde\/wp-content\/uploads\/2014\/04\/vadi02.jpg 470w, https:\/\/themontesinosfoundation.org\/forde\/wp-content\/uploads\/2014\/04\/vadi02-465x300.jpg 465w, https:\/\/themontesinosfoundation.org\/forde\/wp-content\/uploads\/2014\/04\/vadi02-450x290.jpg 450w, https:\/\/themontesinosfoundation.org\/forde\/wp-content\/uploads\/2014\/04\/vadi02-300x193.jpg 300w\" sizes=\"auto, (max-width: 470px) 100vw, 470px\" \/><\/a> <a href=\"https:\/\/themontesinosfoundation.org\/forde\/wp-content\/uploads\/2014\/04\/vadi01_01.jpg\"><img loading=\"lazy\" decoding=\"async\" class=\"aligncenter size-full wp-image-1126\" alt=\"vadi01_01\" src=\"https:\/\/themontesinosfoundation.org\/forde\/wp-content\/uploads\/2014\/04\/vadi01_01.jpg\" width=\"470\" height=\"308\" srcset=\"https:\/\/themontesinosfoundation.org\/forde\/wp-content\/uploads\/2014\/04\/vadi01_01.jpg 470w, https:\/\/themontesinosfoundation.org\/forde\/wp-content\/uploads\/2014\/04\/vadi01_01-458x300.jpg 458w, https:\/\/themontesinosfoundation.org\/forde\/wp-content\/uploads\/2014\/04\/vadi01_01-450x295.jpg 450w, https:\/\/themontesinosfoundation.org\/forde\/wp-content\/uploads\/2014\/04\/vadi01_01-300x196.jpg 300w\" sizes=\"auto, (max-width: 470px) 100vw, 470px\" \/><\/a><\/p>\n<p>&nbsp;<\/p>\n","protected":false},"excerpt":{"rendered":"<p>Le travail de Pierre Vadi, jeune artiste genevois dont c\u2019est la premi\u00e8re exposition personnelle, allie \u00e0 une discr\u00e9tion peu bavarde (sobri\u00e9t\u00e9 des installations et des prises de vues) une richesse de sens qui se loge souvent dans le d\u00e9tail (rapport des mat\u00e9riaux, indices photographiques). Ainsi, qu\u2019il s\u2019agisse d\u2019une vue de l\u2019ancienne usine Fiat de Turin [&hellip;]<\/p>\n","protected":false},"author":2,"featured_media":0,"parent":798,"menu_order":0,"comment_status":"closed","ping_status":"open","template":"","meta":{"footnotes":""},"class_list":["post-1122","page","type-page","status-publish","hentry"],"yoast_head":"<!-- This site is optimized with the Yoast SEO plugin v27.4 - https:\/\/yoast.com\/product\/yoast-seo-wordpress\/ -->\n<title>Pierre Vadi - FORDE<\/title>\n<meta name=\"robots\" content=\"index, follow, max-snippet:-1, max-image-preview:large, max-video-preview:-1\" \/>\n<link rel=\"canonical\" href=\"https:\/\/themontesinosfoundation.org\/forde\/archives-2\/1995-1997\/pierre-vadi\/\" \/>\n<meta property=\"og:locale\" content=\"fr_FR\" \/>\n<meta property=\"og:type\" content=\"article\" \/>\n<meta property=\"og:title\" content=\"Pierre Vadi - FORDE\" \/>\n<meta property=\"og:description\" content=\"Le travail de Pierre Vadi, jeune artiste genevois dont c\u2019est la premi\u00e8re exposition personnelle, allie \u00e0 une discr\u00e9tion peu bavarde (sobri\u00e9t\u00e9 des installations et des prises de vues) une richesse de sens qui se loge souvent dans le d\u00e9tail (rapport des mat\u00e9riaux, indices photographiques). Ainsi, qu\u2019il s\u2019agisse d\u2019une vue de l\u2019ancienne usine Fiat de Turin [&hellip;]\" \/>\n<meta property=\"og:url\" content=\"https:\/\/themontesinosfoundation.org\/forde\/archives-2\/1995-1997\/pierre-vadi\/\" \/>\n<meta property=\"og:site_name\" content=\"FORDE\" \/>\n<meta property=\"og:image\" content=\"https:\/\/themontesinosfoundation.org\/forde\/wp-content\/uploads\/2014\/04\/vadi02.jpg\" \/>\n\t<meta property=\"og:image:width\" content=\"470\" \/>\n\t<meta property=\"og:image:height\" content=\"303\" \/>\n\t<meta property=\"og:image:type\" content=\"image\/jpeg\" \/>\n<meta name=\"twitter:card\" content=\"summary_large_image\" \/>\n<meta name=\"twitter:label1\" content=\"Dur\u00e9e de lecture estim\u00e9e\" \/>\n\t<meta name=\"twitter:data1\" content=\"1 minute\" \/>\n<script type=\"application\/ld+json\" class=\"yoast-schema-graph\">{\"@context\":\"https:\\\/\\\/schema.org\",\"@graph\":[{\"@type\":\"WebPage\",\"@id\":\"https:\\\/\\\/themontesinosfoundation.org\\\/forde\\\/archives-2\\\/1995-1997\\\/pierre-vadi\\\/\",\"url\":\"https:\\\/\\\/themontesinosfoundation.org\\\/forde\\\/archives-2\\\/1995-1997\\\/pierre-vadi\\\/\",\"name\":\"Pierre Vadi - FORDE\",\"isPartOf\":{\"@id\":\"https:\\\/\\\/themontesinosfoundation.org\\\/forde\\\/#website\"},\"primaryImageOfPage\":{\"@id\":\"https:\\\/\\\/themontesinosfoundation.org\\\/forde\\\/archives-2\\\/1995-1997\\\/pierre-vadi\\\/#primaryimage\"},\"image\":{\"@id\":\"https:\\\/\\\/themontesinosfoundation.org\\\/forde\\\/archives-2\\\/1995-1997\\\/pierre-vadi\\\/#primaryimage\"},\"thumbnailUrl\":\"https:\\\/\\\/themontesinosfoundation.org\\\/forde\\\/wp-content\\\/uploads\\\/2014\\\/04\\\/vadi02.jpg\",\"datePublished\":\"2014-04-07T14:03:00+00:00\",\"breadcrumb\":{\"@id\":\"https:\\\/\\\/themontesinosfoundation.org\\\/forde\\\/archives-2\\\/1995-1997\\\/pierre-vadi\\\/#breadcrumb\"},\"inLanguage\":\"fr-FR\",\"potentialAction\":[{\"@type\":\"ReadAction\",\"target\":[\"https:\\\/\\\/themontesinosfoundation.org\\\/forde\\\/archives-2\\\/1995-1997\\\/pierre-vadi\\\/\"]}]},{\"@type\":\"ImageObject\",\"inLanguage\":\"fr-FR\",\"@id\":\"https:\\\/\\\/themontesinosfoundation.org\\\/forde\\\/archives-2\\\/1995-1997\\\/pierre-vadi\\\/#primaryimage\",\"url\":\"https:\\\/\\\/themontesinosfoundation.org\\\/forde\\\/wp-content\\\/uploads\\\/2014\\\/04\\\/vadi02.jpg\",\"contentUrl\":\"https:\\\/\\\/themontesinosfoundation.org\\\/forde\\\/wp-content\\\/uploads\\\/2014\\\/04\\\/vadi02.jpg\",\"width\":470,\"height\":303},{\"@type\":\"BreadcrumbList\",\"@id\":\"https:\\\/\\\/themontesinosfoundation.org\\\/forde\\\/archives-2\\\/1995-1997\\\/pierre-vadi\\\/#breadcrumb\",\"itemListElement\":[{\"@type\":\"ListItem\",\"position\":1,\"name\":\"Accueil\",\"item\":\"https:\\\/\\\/themontesinosfoundation.org\\\/forde\\\/\"},{\"@type\":\"ListItem\",\"position\":2,\"name\":\"Archives\",\"item\":\"https:\\\/\\\/themontesinosfoundation.org\\\/forde\\\/archives-2\\\/\"},{\"@type\":\"ListItem\",\"position\":3,\"name\":\"1995 &#8211; 1997\",\"item\":\"https:\\\/\\\/themontesinosfoundation.org\\\/forde\\\/archives-2\\\/1995-1997\\\/\"},{\"@type\":\"ListItem\",\"position\":4,\"name\":\"Pierre Vadi\"}]},{\"@type\":\"WebSite\",\"@id\":\"https:\\\/\\\/themontesinosfoundation.org\\\/forde\\\/#website\",\"url\":\"https:\\\/\\\/themontesinosfoundation.org\\\/forde\\\/\",\"name\":\"FORDE\",\"description\":\"2012-2014\",\"publisher\":{\"@id\":\"https:\\\/\\\/themontesinosfoundation.org\\\/forde\\\/#organization\"},\"potentialAction\":[{\"@type\":\"SearchAction\",\"target\":{\"@type\":\"EntryPoint\",\"urlTemplate\":\"https:\\\/\\\/themontesinosfoundation.org\\\/forde\\\/?s={search_term_string}\"},\"query-input\":{\"@type\":\"PropertyValueSpecification\",\"valueRequired\":true,\"valueName\":\"search_term_string\"}}],\"inLanguage\":\"fr-FR\"},{\"@type\":\"Organization\",\"@id\":\"https:\\\/\\\/themontesinosfoundation.org\\\/forde\\\/#organization\",\"name\":\"FORDE\",\"url\":\"https:\\\/\\\/themontesinosfoundation.org\\\/forde\\\/\",\"logo\":{\"@type\":\"ImageObject\",\"inLanguage\":\"fr-FR\",\"@id\":\"https:\\\/\\\/themontesinosfoundation.org\\\/forde\\\/#\\\/schema\\\/logo\\\/image\\\/\",\"url\":\"https:\\\/\\\/themontesinosfoundation.org\\\/forde\\\/wp-content\\\/uploads\\\/2014\\\/07\\\/logo-forde.png\",\"contentUrl\":\"https:\\\/\\\/themontesinosfoundation.org\\\/forde\\\/wp-content\\\/uploads\\\/2014\\\/07\\\/logo-forde.png\",\"width\":735,\"height\":734,\"caption\":\"FORDE\"},\"image\":{\"@id\":\"https:\\\/\\\/themontesinosfoundation.org\\\/forde\\\/#\\\/schema\\\/logo\\\/image\\\/\"}}]}<\/script>\n<!-- \/ Yoast SEO plugin. -->","yoast_head_json":{"title":"Pierre Vadi - FORDE","robots":{"index":"index","follow":"follow","max-snippet":"max-snippet:-1","max-image-preview":"max-image-preview:large","max-video-preview":"max-video-preview:-1"},"canonical":"https:\/\/themontesinosfoundation.org\/forde\/archives-2\/1995-1997\/pierre-vadi\/","og_locale":"fr_FR","og_type":"article","og_title":"Pierre Vadi - FORDE","og_description":"Le travail de Pierre Vadi, jeune artiste genevois dont c\u2019est la premi\u00e8re exposition personnelle, allie \u00e0 une discr\u00e9tion peu bavarde (sobri\u00e9t\u00e9 des installations et des prises de vues) une richesse de sens qui se loge souvent dans le d\u00e9tail (rapport des mat\u00e9riaux, indices photographiques). Ainsi, qu\u2019il s\u2019agisse d\u2019une vue de l\u2019ancienne usine Fiat de Turin [&hellip;]","og_url":"https:\/\/themontesinosfoundation.org\/forde\/archives-2\/1995-1997\/pierre-vadi\/","og_site_name":"FORDE","og_image":[{"width":470,"height":303,"url":"https:\/\/themontesinosfoundation.org\/forde\/wp-content\/uploads\/2014\/04\/vadi02.jpg","type":"image\/jpeg"}],"twitter_card":"summary_large_image","twitter_misc":{"Dur\u00e9e de lecture estim\u00e9e":"1 minute"},"schema":{"@context":"https:\/\/schema.org","@graph":[{"@type":"WebPage","@id":"https:\/\/themontesinosfoundation.org\/forde\/archives-2\/1995-1997\/pierre-vadi\/","url":"https:\/\/themontesinosfoundation.org\/forde\/archives-2\/1995-1997\/pierre-vadi\/","name":"Pierre Vadi - FORDE","isPartOf":{"@id":"https:\/\/themontesinosfoundation.org\/forde\/#website"},"primaryImageOfPage":{"@id":"https:\/\/themontesinosfoundation.org\/forde\/archives-2\/1995-1997\/pierre-vadi\/#primaryimage"},"image":{"@id":"https:\/\/themontesinosfoundation.org\/forde\/archives-2\/1995-1997\/pierre-vadi\/#primaryimage"},"thumbnailUrl":"https:\/\/themontesinosfoundation.org\/forde\/wp-content\/uploads\/2014\/04\/vadi02.jpg","datePublished":"2014-04-07T14:03:00+00:00","breadcrumb":{"@id":"https:\/\/themontesinosfoundation.org\/forde\/archives-2\/1995-1997\/pierre-vadi\/#breadcrumb"},"inLanguage":"fr-FR","potentialAction":[{"@type":"ReadAction","target":["https:\/\/themontesinosfoundation.org\/forde\/archives-2\/1995-1997\/pierre-vadi\/"]}]},{"@type":"ImageObject","inLanguage":"fr-FR","@id":"https:\/\/themontesinosfoundation.org\/forde\/archives-2\/1995-1997\/pierre-vadi\/#primaryimage","url":"https:\/\/themontesinosfoundation.org\/forde\/wp-content\/uploads\/2014\/04\/vadi02.jpg","contentUrl":"https:\/\/themontesinosfoundation.org\/forde\/wp-content\/uploads\/2014\/04\/vadi02.jpg","width":470,"height":303},{"@type":"BreadcrumbList","@id":"https:\/\/themontesinosfoundation.org\/forde\/archives-2\/1995-1997\/pierre-vadi\/#breadcrumb","itemListElement":[{"@type":"ListItem","position":1,"name":"Accueil","item":"https:\/\/themontesinosfoundation.org\/forde\/"},{"@type":"ListItem","position":2,"name":"Archives","item":"https:\/\/themontesinosfoundation.org\/forde\/archives-2\/"},{"@type":"ListItem","position":3,"name":"1995 &#8211; 1997","item":"https:\/\/themontesinosfoundation.org\/forde\/archives-2\/1995-1997\/"},{"@type":"ListItem","position":4,"name":"Pierre Vadi"}]},{"@type":"WebSite","@id":"https:\/\/themontesinosfoundation.org\/forde\/#website","url":"https:\/\/themontesinosfoundation.org\/forde\/","name":"FORDE","description":"2012-2014","publisher":{"@id":"https:\/\/themontesinosfoundation.org\/forde\/#organization"},"potentialAction":[{"@type":"SearchAction","target":{"@type":"EntryPoint","urlTemplate":"https:\/\/themontesinosfoundation.org\/forde\/?s={search_term_string}"},"query-input":{"@type":"PropertyValueSpecification","valueRequired":true,"valueName":"search_term_string"}}],"inLanguage":"fr-FR"},{"@type":"Organization","@id":"https:\/\/themontesinosfoundation.org\/forde\/#organization","name":"FORDE","url":"https:\/\/themontesinosfoundation.org\/forde\/","logo":{"@type":"ImageObject","inLanguage":"fr-FR","@id":"https:\/\/themontesinosfoundation.org\/forde\/#\/schema\/logo\/image\/","url":"https:\/\/themontesinosfoundation.org\/forde\/wp-content\/uploads\/2014\/07\/logo-forde.png","contentUrl":"https:\/\/themontesinosfoundation.org\/forde\/wp-content\/uploads\/2014\/07\/logo-forde.png","width":735,"height":734,"caption":"FORDE"},"image":{"@id":"https:\/\/themontesinosfoundation.org\/forde\/#\/schema\/logo\/image\/"}}]}},"_links":{"self":[{"href":"https:\/\/themontesinosfoundation.org\/forde\/wp-json\/wp\/v2\/pages\/1122","targetHints":{"allow":["GET"]}}],"collection":[{"href":"https:\/\/themontesinosfoundation.org\/forde\/wp-json\/wp\/v2\/pages"}],"about":[{"href":"https:\/\/themontesinosfoundation.org\/forde\/wp-json\/wp\/v2\/types\/page"}],"author":[{"embeddable":true,"href":"https:\/\/themontesinosfoundation.org\/forde\/wp-json\/wp\/v2\/users\/2"}],"replies":[{"embeddable":true,"href":"https:\/\/themontesinosfoundation.org\/forde\/wp-json\/wp\/v2\/comments?post=1122"}],"version-history":[{"count":0,"href":"https:\/\/themontesinosfoundation.org\/forde\/wp-json\/wp\/v2\/pages\/1122\/revisions"}],"up":[{"embeddable":true,"href":"https:\/\/themontesinosfoundation.org\/forde\/wp-json\/wp\/v2\/pages\/798"}],"wp:attachment":[{"href":"https:\/\/themontesinosfoundation.org\/forde\/wp-json\/wp\/v2\/media?parent=1122"}],"curies":[{"name":"wp","href":"https:\/\/api.w.org\/{rel}","templated":true}]}}