{"id":1074,"date":"2014-04-07T14:56:31","date_gmt":"2014-04-07T13:56:31","guid":{"rendered":"http:\/\/www.forde.ch\/?page_id=1074"},"modified":"2014-04-07T14:56:31","modified_gmt":"2014-04-07T13:56:31","slug":"pierre-huyghe","status":"publish","type":"page","link":"https:\/\/themontesinosfoundation.org\/forde\/archives-2\/1995-1997\/pierre-huyghe\/","title":{"rendered":"Pierre Huyghe"},"content":{"rendered":"<p>Rel\u00e9guant les strass et paillettes sur les standers des costumi\u00e8res d&rsquo;Hollywood, la version imagin\u00e9e par Pierre Huyghe de \u00ab\u00a0Fen\u00eatre sur cour\u00a0\u00bb d&rsquo;Alfred Hitchcock sacrifie \u00e0 l&rsquo;essentiel. Film\u00e9 en temps r\u00e9el en filant les s\u00e9quences dans l&rsquo;ordre du \u00abstoryboard\u00bb d&rsquo;origine, le \u00abremake\u00bb, s\u2019il est fid\u00e8le aux plans et cadrages de l&rsquo;oeuvre de base, n&rsquo;en varie pas moins en ce que le lieu et les acteurs ont \u00e9t\u00e9 chang\u00e9s. Ainsi d\u00e9barass\u00e9 de son aur\u00e9ole mythique (le lieu et ses protagonistes\u00a0\u00bboscaris\u00e9s\u00a0\u00bb), l&rsquo;histoire renoue avec la banalit\u00e9 d&rsquo;une situation profond\u00e9ment quotidienne.<\/p>\n<p><em id=\"__mceDel\"><br \/>De m\u00eame Pierre Huyghe, en tant que prestateur de service, offre le ramonage d&rsquo;une haute chemin\u00e9e dijonnaise ou la maintenance temporaire des bacs fleuris de la Ville de Paris. Occupations anodines, que d&rsquo;aucuns rangeraient dans le genre dit \u00ab\u00a0vulgaire\u00a0\u00bb, il les documente pourtant et les reproduit sur des affiches placard\u00e9es sur le lieu m\u00eame o\u00f9 s\u2019est d\u00e9roul\u00e9e l\u2019action. A la mani\u00e8re du fruit m\u00fbr qui rencontre brutalement le sol qu&rsquo;il contemplait jadis depuis sa branche, le passant devant les images de cette r\u00e9alit\u00e9 \u00ab\u00a0grossi\u00e8rement\u00a0\u00bb retransmise s&rsquo;observe dans son r\u00f4le de spectateur urbain.<\/em><\/p>\n<p>&nbsp;<\/p>\n<p>L&rsquo;affiche, le film, la d\u00e9ambulation : le travail de Pierre Huyghe se situe dans le rapport qu&rsquo;entretient le passant\/spectateur avec son milieu naturel paradoxalement virtuel (puisque v\u00e9cu \u00e0 travers l&rsquo;inflation des interfaces visuels). Au d\u00e9calage de l&rsquo;\u00e9v\u00e9nement que le spectateur contemple avec un temps de retard semble correspondre une mise en doute de la r\u00e9alit\u00e9 telle qu&rsquo;elle est repr\u00e9sent\u00e9e. R\u00e9alisateur de cette \u00ab\u00a0spectacularisation\u00a0\u00bb, Pierre Huyghe s&rsquo;\u00e9bat dans une soci\u00e9t\u00e9 qui semble bien avoir mis Guy Debord au pilon.<\/p>\n<p>&nbsp;<\/p>\n<p><a href=\"https:\/\/themontesinosfoundation.org\/forde\/wp-content\/uploads\/2014\/04\/huyghe01.jpg\"><img loading=\"lazy\" decoding=\"async\" class=\"aligncenter size-full wp-image-1079\" alt=\"huyghe01\" src=\"https:\/\/themontesinosfoundation.org\/forde\/wp-content\/uploads\/2014\/04\/huyghe01.jpg\" width=\"470\" height=\"307\" srcset=\"https:\/\/themontesinosfoundation.org\/forde\/wp-content\/uploads\/2014\/04\/huyghe01.jpg 470w, https:\/\/themontesinosfoundation.org\/forde\/wp-content\/uploads\/2014\/04\/huyghe01-459x300.jpg 459w, https:\/\/themontesinosfoundation.org\/forde\/wp-content\/uploads\/2014\/04\/huyghe01-450x294.jpg 450w, https:\/\/themontesinosfoundation.org\/forde\/wp-content\/uploads\/2014\/04\/huyghe01-300x195.jpg 300w\" sizes=\"auto, (max-width: 470px) 100vw, 470px\" \/><\/a> <a href=\"https:\/\/themontesinosfoundation.org\/forde\/wp-content\/uploads\/2014\/04\/huyghe02.jpg\"><img loading=\"lazy\" decoding=\"async\" class=\"aligncenter size-full wp-image-1080\" alt=\"huyghe02\" src=\"https:\/\/themontesinosfoundation.org\/forde\/wp-content\/uploads\/2014\/04\/huyghe02.jpg\" width=\"470\" height=\"308\" srcset=\"https:\/\/themontesinosfoundation.org\/forde\/wp-content\/uploads\/2014\/04\/huyghe02.jpg 470w, https:\/\/themontesinosfoundation.org\/forde\/wp-content\/uploads\/2014\/04\/huyghe02-458x300.jpg 458w, https:\/\/themontesinosfoundation.org\/forde\/wp-content\/uploads\/2014\/04\/huyghe02-450x295.jpg 450w, https:\/\/themontesinosfoundation.org\/forde\/wp-content\/uploads\/2014\/04\/huyghe02-300x196.jpg 300w\" sizes=\"auto, (max-width: 470px) 100vw, 470px\" \/><\/a><\/p>\n","protected":false},"excerpt":{"rendered":"<p>Rel\u00e9guant les strass et paillettes sur les standers des costumi\u00e8res d&rsquo;Hollywood, la version imagin\u00e9e par Pierre Huyghe de \u00ab\u00a0Fen\u00eatre sur cour\u00a0\u00bb d&rsquo;Alfred Hitchcock sacrifie \u00e0 l&rsquo;essentiel. Film\u00e9 en temps r\u00e9el en filant les s\u00e9quences dans l&rsquo;ordre du \u00abstoryboard\u00bb d&rsquo;origine, le \u00abremake\u00bb, s\u2019il est fid\u00e8le aux plans et cadrages de l&rsquo;oeuvre de base, n&rsquo;en varie pas [&hellip;]<\/p>\n","protected":false},"author":2,"featured_media":0,"parent":798,"menu_order":0,"comment_status":"closed","ping_status":"open","template":"","meta":{"footnotes":""},"class_list":["post-1074","page","type-page","status-publish","hentry"],"yoast_head":"<!-- This site is optimized with the Yoast SEO plugin v27.5 - https:\/\/yoast.com\/product\/yoast-seo-wordpress\/ -->\n<title>Pierre Huyghe - FORDE<\/title>\n<meta name=\"robots\" content=\"index, follow, max-snippet:-1, max-image-preview:large, max-video-preview:-1\" \/>\n<link rel=\"canonical\" href=\"https:\/\/themontesinosfoundation.org\/forde\/archives-2\/1995-1997\/pierre-huyghe\/\" \/>\n<meta property=\"og:locale\" content=\"fr_FR\" \/>\n<meta property=\"og:type\" content=\"article\" \/>\n<meta property=\"og:title\" content=\"Pierre Huyghe - FORDE\" \/>\n<meta property=\"og:description\" content=\"Rel\u00e9guant les strass et paillettes sur les standers des costumi\u00e8res d&rsquo;Hollywood, la version imagin\u00e9e par Pierre Huyghe de \u00ab\u00a0Fen\u00eatre sur cour\u00a0\u00bb d&rsquo;Alfred Hitchcock sacrifie \u00e0 l&rsquo;essentiel. Film\u00e9 en temps r\u00e9el en filant les s\u00e9quences dans l&rsquo;ordre du \u00abstoryboard\u00bb d&rsquo;origine, le \u00abremake\u00bb, s\u2019il est fid\u00e8le aux plans et cadrages de l&rsquo;oeuvre de base, n&rsquo;en varie pas [&hellip;]\" \/>\n<meta property=\"og:url\" content=\"https:\/\/themontesinosfoundation.org\/forde\/archives-2\/1995-1997\/pierre-huyghe\/\" \/>\n<meta property=\"og:site_name\" content=\"FORDE\" \/>\n<meta property=\"og:image\" content=\"https:\/\/themontesinosfoundation.org\/forde\/wp-content\/uploads\/2014\/04\/huyghe01.jpg\" \/>\n\t<meta property=\"og:image:width\" content=\"470\" \/>\n\t<meta property=\"og:image:height\" content=\"307\" \/>\n\t<meta property=\"og:image:type\" content=\"image\/jpeg\" \/>\n<meta name=\"twitter:card\" content=\"summary_large_image\" \/>\n<meta name=\"twitter:label1\" content=\"Dur\u00e9e de lecture estim\u00e9e\" \/>\n\t<meta name=\"twitter:data1\" content=\"1 minute\" \/>\n<script type=\"application\/ld+json\" class=\"yoast-schema-graph\">{\"@context\":\"https:\\\/\\\/schema.org\",\"@graph\":[{\"@type\":\"WebPage\",\"@id\":\"https:\\\/\\\/themontesinosfoundation.org\\\/forde\\\/archives-2\\\/1995-1997\\\/pierre-huyghe\\\/\",\"url\":\"https:\\\/\\\/themontesinosfoundation.org\\\/forde\\\/archives-2\\\/1995-1997\\\/pierre-huyghe\\\/\",\"name\":\"Pierre Huyghe - FORDE\",\"isPartOf\":{\"@id\":\"https:\\\/\\\/themontesinosfoundation.org\\\/forde\\\/#website\"},\"primaryImageOfPage\":{\"@id\":\"https:\\\/\\\/themontesinosfoundation.org\\\/forde\\\/archives-2\\\/1995-1997\\\/pierre-huyghe\\\/#primaryimage\"},\"image\":{\"@id\":\"https:\\\/\\\/themontesinosfoundation.org\\\/forde\\\/archives-2\\\/1995-1997\\\/pierre-huyghe\\\/#primaryimage\"},\"thumbnailUrl\":\"https:\\\/\\\/themontesinosfoundation.org\\\/forde\\\/wp-content\\\/uploads\\\/2014\\\/04\\\/huyghe01.jpg\",\"datePublished\":\"2014-04-07T13:56:31+00:00\",\"breadcrumb\":{\"@id\":\"https:\\\/\\\/themontesinosfoundation.org\\\/forde\\\/archives-2\\\/1995-1997\\\/pierre-huyghe\\\/#breadcrumb\"},\"inLanguage\":\"fr-FR\",\"potentialAction\":[{\"@type\":\"ReadAction\",\"target\":[\"https:\\\/\\\/themontesinosfoundation.org\\\/forde\\\/archives-2\\\/1995-1997\\\/pierre-huyghe\\\/\"]}]},{\"@type\":\"ImageObject\",\"inLanguage\":\"fr-FR\",\"@id\":\"https:\\\/\\\/themontesinosfoundation.org\\\/forde\\\/archives-2\\\/1995-1997\\\/pierre-huyghe\\\/#primaryimage\",\"url\":\"https:\\\/\\\/themontesinosfoundation.org\\\/forde\\\/wp-content\\\/uploads\\\/2014\\\/04\\\/huyghe01.jpg\",\"contentUrl\":\"https:\\\/\\\/themontesinosfoundation.org\\\/forde\\\/wp-content\\\/uploads\\\/2014\\\/04\\\/huyghe01.jpg\",\"width\":470,\"height\":307},{\"@type\":\"BreadcrumbList\",\"@id\":\"https:\\\/\\\/themontesinosfoundation.org\\\/forde\\\/archives-2\\\/1995-1997\\\/pierre-huyghe\\\/#breadcrumb\",\"itemListElement\":[{\"@type\":\"ListItem\",\"position\":1,\"name\":\"Accueil\",\"item\":\"https:\\\/\\\/themontesinosfoundation.org\\\/forde\\\/\"},{\"@type\":\"ListItem\",\"position\":2,\"name\":\"Archives\",\"item\":\"https:\\\/\\\/themontesinosfoundation.org\\\/forde\\\/archives-2\\\/\"},{\"@type\":\"ListItem\",\"position\":3,\"name\":\"1995 &#8211; 1997\",\"item\":\"https:\\\/\\\/themontesinosfoundation.org\\\/forde\\\/archives-2\\\/1995-1997\\\/\"},{\"@type\":\"ListItem\",\"position\":4,\"name\":\"Pierre Huyghe\"}]},{\"@type\":\"WebSite\",\"@id\":\"https:\\\/\\\/themontesinosfoundation.org\\\/forde\\\/#website\",\"url\":\"https:\\\/\\\/themontesinosfoundation.org\\\/forde\\\/\",\"name\":\"FORDE\",\"description\":\"2012-2014\",\"publisher\":{\"@id\":\"https:\\\/\\\/themontesinosfoundation.org\\\/forde\\\/#organization\"},\"potentialAction\":[{\"@type\":\"SearchAction\",\"target\":{\"@type\":\"EntryPoint\",\"urlTemplate\":\"https:\\\/\\\/themontesinosfoundation.org\\\/forde\\\/?s={search_term_string}\"},\"query-input\":{\"@type\":\"PropertyValueSpecification\",\"valueRequired\":true,\"valueName\":\"search_term_string\"}}],\"inLanguage\":\"fr-FR\"},{\"@type\":\"Organization\",\"@id\":\"https:\\\/\\\/themontesinosfoundation.org\\\/forde\\\/#organization\",\"name\":\"FORDE\",\"url\":\"https:\\\/\\\/themontesinosfoundation.org\\\/forde\\\/\",\"logo\":{\"@type\":\"ImageObject\",\"inLanguage\":\"fr-FR\",\"@id\":\"https:\\\/\\\/themontesinosfoundation.org\\\/forde\\\/#\\\/schema\\\/logo\\\/image\\\/\",\"url\":\"https:\\\/\\\/themontesinosfoundation.org\\\/forde\\\/wp-content\\\/uploads\\\/2014\\\/07\\\/logo-forde.png\",\"contentUrl\":\"https:\\\/\\\/themontesinosfoundation.org\\\/forde\\\/wp-content\\\/uploads\\\/2014\\\/07\\\/logo-forde.png\",\"width\":735,\"height\":734,\"caption\":\"FORDE\"},\"image\":{\"@id\":\"https:\\\/\\\/themontesinosfoundation.org\\\/forde\\\/#\\\/schema\\\/logo\\\/image\\\/\"}}]}<\/script>\n<!-- \/ Yoast SEO plugin. -->","yoast_head_json":{"title":"Pierre Huyghe - FORDE","robots":{"index":"index","follow":"follow","max-snippet":"max-snippet:-1","max-image-preview":"max-image-preview:large","max-video-preview":"max-video-preview:-1"},"canonical":"https:\/\/themontesinosfoundation.org\/forde\/archives-2\/1995-1997\/pierre-huyghe\/","og_locale":"fr_FR","og_type":"article","og_title":"Pierre Huyghe - FORDE","og_description":"Rel\u00e9guant les strass et paillettes sur les standers des costumi\u00e8res d&rsquo;Hollywood, la version imagin\u00e9e par Pierre Huyghe de \u00ab\u00a0Fen\u00eatre sur cour\u00a0\u00bb d&rsquo;Alfred Hitchcock sacrifie \u00e0 l&rsquo;essentiel. Film\u00e9 en temps r\u00e9el en filant les s\u00e9quences dans l&rsquo;ordre du \u00abstoryboard\u00bb d&rsquo;origine, le \u00abremake\u00bb, s\u2019il est fid\u00e8le aux plans et cadrages de l&rsquo;oeuvre de base, n&rsquo;en varie pas [&hellip;]","og_url":"https:\/\/themontesinosfoundation.org\/forde\/archives-2\/1995-1997\/pierre-huyghe\/","og_site_name":"FORDE","og_image":[{"width":470,"height":307,"url":"https:\/\/themontesinosfoundation.org\/forde\/wp-content\/uploads\/2014\/04\/huyghe01.jpg","type":"image\/jpeg"}],"twitter_card":"summary_large_image","twitter_misc":{"Dur\u00e9e de lecture estim\u00e9e":"1 minute"},"schema":{"@context":"https:\/\/schema.org","@graph":[{"@type":"WebPage","@id":"https:\/\/themontesinosfoundation.org\/forde\/archives-2\/1995-1997\/pierre-huyghe\/","url":"https:\/\/themontesinosfoundation.org\/forde\/archives-2\/1995-1997\/pierre-huyghe\/","name":"Pierre Huyghe - FORDE","isPartOf":{"@id":"https:\/\/themontesinosfoundation.org\/forde\/#website"},"primaryImageOfPage":{"@id":"https:\/\/themontesinosfoundation.org\/forde\/archives-2\/1995-1997\/pierre-huyghe\/#primaryimage"},"image":{"@id":"https:\/\/themontesinosfoundation.org\/forde\/archives-2\/1995-1997\/pierre-huyghe\/#primaryimage"},"thumbnailUrl":"https:\/\/themontesinosfoundation.org\/forde\/wp-content\/uploads\/2014\/04\/huyghe01.jpg","datePublished":"2014-04-07T13:56:31+00:00","breadcrumb":{"@id":"https:\/\/themontesinosfoundation.org\/forde\/archives-2\/1995-1997\/pierre-huyghe\/#breadcrumb"},"inLanguage":"fr-FR","potentialAction":[{"@type":"ReadAction","target":["https:\/\/themontesinosfoundation.org\/forde\/archives-2\/1995-1997\/pierre-huyghe\/"]}]},{"@type":"ImageObject","inLanguage":"fr-FR","@id":"https:\/\/themontesinosfoundation.org\/forde\/archives-2\/1995-1997\/pierre-huyghe\/#primaryimage","url":"https:\/\/themontesinosfoundation.org\/forde\/wp-content\/uploads\/2014\/04\/huyghe01.jpg","contentUrl":"https:\/\/themontesinosfoundation.org\/forde\/wp-content\/uploads\/2014\/04\/huyghe01.jpg","width":470,"height":307},{"@type":"BreadcrumbList","@id":"https:\/\/themontesinosfoundation.org\/forde\/archives-2\/1995-1997\/pierre-huyghe\/#breadcrumb","itemListElement":[{"@type":"ListItem","position":1,"name":"Accueil","item":"https:\/\/themontesinosfoundation.org\/forde\/"},{"@type":"ListItem","position":2,"name":"Archives","item":"https:\/\/themontesinosfoundation.org\/forde\/archives-2\/"},{"@type":"ListItem","position":3,"name":"1995 &#8211; 1997","item":"https:\/\/themontesinosfoundation.org\/forde\/archives-2\/1995-1997\/"},{"@type":"ListItem","position":4,"name":"Pierre Huyghe"}]},{"@type":"WebSite","@id":"https:\/\/themontesinosfoundation.org\/forde\/#website","url":"https:\/\/themontesinosfoundation.org\/forde\/","name":"FORDE","description":"2012-2014","publisher":{"@id":"https:\/\/themontesinosfoundation.org\/forde\/#organization"},"potentialAction":[{"@type":"SearchAction","target":{"@type":"EntryPoint","urlTemplate":"https:\/\/themontesinosfoundation.org\/forde\/?s={search_term_string}"},"query-input":{"@type":"PropertyValueSpecification","valueRequired":true,"valueName":"search_term_string"}}],"inLanguage":"fr-FR"},{"@type":"Organization","@id":"https:\/\/themontesinosfoundation.org\/forde\/#organization","name":"FORDE","url":"https:\/\/themontesinosfoundation.org\/forde\/","logo":{"@type":"ImageObject","inLanguage":"fr-FR","@id":"https:\/\/themontesinosfoundation.org\/forde\/#\/schema\/logo\/image\/","url":"https:\/\/themontesinosfoundation.org\/forde\/wp-content\/uploads\/2014\/07\/logo-forde.png","contentUrl":"https:\/\/themontesinosfoundation.org\/forde\/wp-content\/uploads\/2014\/07\/logo-forde.png","width":735,"height":734,"caption":"FORDE"},"image":{"@id":"https:\/\/themontesinosfoundation.org\/forde\/#\/schema\/logo\/image\/"}}]}},"_links":{"self":[{"href":"https:\/\/themontesinosfoundation.org\/forde\/wp-json\/wp\/v2\/pages\/1074","targetHints":{"allow":["GET"]}}],"collection":[{"href":"https:\/\/themontesinosfoundation.org\/forde\/wp-json\/wp\/v2\/pages"}],"about":[{"href":"https:\/\/themontesinosfoundation.org\/forde\/wp-json\/wp\/v2\/types\/page"}],"author":[{"embeddable":true,"href":"https:\/\/themontesinosfoundation.org\/forde\/wp-json\/wp\/v2\/users\/2"}],"replies":[{"embeddable":true,"href":"https:\/\/themontesinosfoundation.org\/forde\/wp-json\/wp\/v2\/comments?post=1074"}],"version-history":[{"count":0,"href":"https:\/\/themontesinosfoundation.org\/forde\/wp-json\/wp\/v2\/pages\/1074\/revisions"}],"up":[{"embeddable":true,"href":"https:\/\/themontesinosfoundation.org\/forde\/wp-json\/wp\/v2\/pages\/798"}],"wp:attachment":[{"href":"https:\/\/themontesinosfoundation.org\/forde\/wp-json\/wp\/v2\/media?parent=1074"}],"curies":[{"name":"wp","href":"https:\/\/api.w.org\/{rel}","templated":true}]}}