{"id":1059,"date":"2014-04-07T14:54:16","date_gmt":"2014-04-07T13:54:16","guid":{"rendered":"http:\/\/www.forde.ch\/?page_id=1059"},"modified":"2014-04-07T14:54:16","modified_gmt":"2014-04-07T13:54:16","slug":"sidney-stucki","status":"publish","type":"page","link":"https:\/\/themontesinosfoundation.org\/forde\/archives-2\/1995-1997\/sidney-stucki\/","title":{"rendered":"Sidney Stucki"},"content":{"rendered":"<p>\u00a0Exposition du 7 au 22 novembre 1996<\/p>\n<p>&nbsp;<\/p>\n<p>Entre le \u00abpyrophone\u00bb de Fr\u00e9d\u00e9ric Kastner \u00e0 la fin du si\u00e8cle dernier et la \u00abDream Machine\u00bb du po\u00e8te am\u00e9ricain des ann\u00e9es 70 Brion Gysin, les oeuvres musicales et plastiques du genevois Sidney Stucki semblent ainsi \u00e9vacuer la dimension po\u00e9tico-zen des exp\u00e9riences pr\u00e9c\u00e9dentes au profit de l\u2019\u00bbambiance\u00bb technologique des sensations sonores et visuelle.<\/p>\n<p>Acteur de la sc\u00e8ne techno et de celle de l\u2019art contemporain, il allie donc au \u00abbeat\u00bb minimal de son activit\u00e9 de DJ des consid\u00e9rations picturales. Ainsi les \u00abwall paintings\u00bb de grande dimension peints dans l\u2019espace Forde annoncent-ils, comme autant de flyers surdimensionn\u00e9s, des \u00e9v\u00e9nements musicaux \u00e0 venir.<\/p>\n<p>&nbsp;<\/p>\n<p><a href=\"https:\/\/themontesinosfoundation.org\/forde\/wp-content\/uploads\/2014\/04\/sid.jpg\"><img loading=\"lazy\" decoding=\"async\" class=\"aligncenter size-full wp-image-1063\" alt=\"sid\" src=\"https:\/\/themontesinosfoundation.org\/forde\/wp-content\/uploads\/2014\/04\/sid.jpg\" width=\"470\" height=\"308\" srcset=\"https:\/\/themontesinosfoundation.org\/forde\/wp-content\/uploads\/2014\/04\/sid.jpg 470w, https:\/\/themontesinosfoundation.org\/forde\/wp-content\/uploads\/2014\/04\/sid-458x300.jpg 458w, https:\/\/themontesinosfoundation.org\/forde\/wp-content\/uploads\/2014\/04\/sid-450x295.jpg 450w, https:\/\/themontesinosfoundation.org\/forde\/wp-content\/uploads\/2014\/04\/sid-300x196.jpg 300w\" sizes=\"auto, (max-width: 470px) 100vw, 470px\" \/><\/a><\/p>\n","protected":false},"excerpt":{"rendered":"<p>\u00a0Exposition du 7 au 22 novembre 1996 &nbsp; Entre le \u00abpyrophone\u00bb de Fr\u00e9d\u00e9ric Kastner \u00e0 la fin du si\u00e8cle dernier et la \u00abDream Machine\u00bb du po\u00e8te am\u00e9ricain des ann\u00e9es 70 Brion Gysin, les oeuvres musicales et plastiques du genevois Sidney Stucki semblent ainsi \u00e9vacuer la dimension po\u00e9tico-zen des exp\u00e9riences pr\u00e9c\u00e9dentes au profit de l\u2019\u00bbambiance\u00bb technologique [&hellip;]<\/p>\n","protected":false},"author":2,"featured_media":0,"parent":798,"menu_order":0,"comment_status":"closed","ping_status":"open","template":"","meta":{"footnotes":""},"class_list":["post-1059","page","type-page","status-publish","hentry"],"yoast_head":"<!-- This site is optimized with the Yoast SEO plugin v27.4 - https:\/\/yoast.com\/product\/yoast-seo-wordpress\/ -->\n<title>Sidney Stucki - FORDE<\/title>\n<meta name=\"robots\" content=\"index, follow, max-snippet:-1, max-image-preview:large, max-video-preview:-1\" \/>\n<link rel=\"canonical\" href=\"https:\/\/themontesinosfoundation.org\/forde\/archives-2\/1995-1997\/sidney-stucki\/\" \/>\n<meta property=\"og:locale\" content=\"fr_FR\" \/>\n<meta property=\"og:type\" content=\"article\" \/>\n<meta property=\"og:title\" content=\"Sidney Stucki - FORDE\" \/>\n<meta property=\"og:description\" content=\"\u00a0Exposition du 7 au 22 novembre 1996 &nbsp; Entre le \u00abpyrophone\u00bb de Fr\u00e9d\u00e9ric Kastner \u00e0 la fin du si\u00e8cle dernier et la \u00abDream Machine\u00bb du po\u00e8te am\u00e9ricain des ann\u00e9es 70 Brion Gysin, les oeuvres musicales et plastiques du genevois Sidney Stucki semblent ainsi \u00e9vacuer la dimension po\u00e9tico-zen des exp\u00e9riences pr\u00e9c\u00e9dentes au profit de l\u2019\u00bbambiance\u00bb technologique [&hellip;]\" \/>\n<meta property=\"og:url\" content=\"https:\/\/themontesinosfoundation.org\/forde\/archives-2\/1995-1997\/sidney-stucki\/\" \/>\n<meta property=\"og:site_name\" content=\"FORDE\" \/>\n<meta property=\"og:image\" content=\"https:\/\/themontesinosfoundation.org\/forde\/wp-content\/uploads\/2014\/04\/sid.jpg\" \/>\n\t<meta property=\"og:image:width\" content=\"470\" \/>\n\t<meta property=\"og:image:height\" content=\"308\" \/>\n\t<meta property=\"og:image:type\" content=\"image\/jpeg\" \/>\n<meta name=\"twitter:card\" content=\"summary_large_image\" \/>\n<meta name=\"twitter:label1\" content=\"Dur\u00e9e de lecture estim\u00e9e\" \/>\n\t<meta name=\"twitter:data1\" content=\"1 minute\" \/>\n<script type=\"application\/ld+json\" class=\"yoast-schema-graph\">{\"@context\":\"https:\\\/\\\/schema.org\",\"@graph\":[{\"@type\":\"WebPage\",\"@id\":\"https:\\\/\\\/themontesinosfoundation.org\\\/forde\\\/archives-2\\\/1995-1997\\\/sidney-stucki\\\/\",\"url\":\"https:\\\/\\\/themontesinosfoundation.org\\\/forde\\\/archives-2\\\/1995-1997\\\/sidney-stucki\\\/\",\"name\":\"Sidney Stucki - FORDE\",\"isPartOf\":{\"@id\":\"https:\\\/\\\/themontesinosfoundation.org\\\/forde\\\/#website\"},\"primaryImageOfPage\":{\"@id\":\"https:\\\/\\\/themontesinosfoundation.org\\\/forde\\\/archives-2\\\/1995-1997\\\/sidney-stucki\\\/#primaryimage\"},\"image\":{\"@id\":\"https:\\\/\\\/themontesinosfoundation.org\\\/forde\\\/archives-2\\\/1995-1997\\\/sidney-stucki\\\/#primaryimage\"},\"thumbnailUrl\":\"https:\\\/\\\/themontesinosfoundation.org\\\/forde\\\/wp-content\\\/uploads\\\/2014\\\/04\\\/sid.jpg\",\"datePublished\":\"2014-04-07T13:54:16+00:00\",\"breadcrumb\":{\"@id\":\"https:\\\/\\\/themontesinosfoundation.org\\\/forde\\\/archives-2\\\/1995-1997\\\/sidney-stucki\\\/#breadcrumb\"},\"inLanguage\":\"fr-FR\",\"potentialAction\":[{\"@type\":\"ReadAction\",\"target\":[\"https:\\\/\\\/themontesinosfoundation.org\\\/forde\\\/archives-2\\\/1995-1997\\\/sidney-stucki\\\/\"]}]},{\"@type\":\"ImageObject\",\"inLanguage\":\"fr-FR\",\"@id\":\"https:\\\/\\\/themontesinosfoundation.org\\\/forde\\\/archives-2\\\/1995-1997\\\/sidney-stucki\\\/#primaryimage\",\"url\":\"https:\\\/\\\/themontesinosfoundation.org\\\/forde\\\/wp-content\\\/uploads\\\/2014\\\/04\\\/sid.jpg\",\"contentUrl\":\"https:\\\/\\\/themontesinosfoundation.org\\\/forde\\\/wp-content\\\/uploads\\\/2014\\\/04\\\/sid.jpg\",\"width\":470,\"height\":308},{\"@type\":\"BreadcrumbList\",\"@id\":\"https:\\\/\\\/themontesinosfoundation.org\\\/forde\\\/archives-2\\\/1995-1997\\\/sidney-stucki\\\/#breadcrumb\",\"itemListElement\":[{\"@type\":\"ListItem\",\"position\":1,\"name\":\"Accueil\",\"item\":\"https:\\\/\\\/themontesinosfoundation.org\\\/forde\\\/\"},{\"@type\":\"ListItem\",\"position\":2,\"name\":\"Archives\",\"item\":\"https:\\\/\\\/themontesinosfoundation.org\\\/forde\\\/archives-2\\\/\"},{\"@type\":\"ListItem\",\"position\":3,\"name\":\"1995 &#8211; 1997\",\"item\":\"https:\\\/\\\/themontesinosfoundation.org\\\/forde\\\/archives-2\\\/1995-1997\\\/\"},{\"@type\":\"ListItem\",\"position\":4,\"name\":\"Sidney Stucki\"}]},{\"@type\":\"WebSite\",\"@id\":\"https:\\\/\\\/themontesinosfoundation.org\\\/forde\\\/#website\",\"url\":\"https:\\\/\\\/themontesinosfoundation.org\\\/forde\\\/\",\"name\":\"FORDE\",\"description\":\"2012-2014\",\"publisher\":{\"@id\":\"https:\\\/\\\/themontesinosfoundation.org\\\/forde\\\/#organization\"},\"potentialAction\":[{\"@type\":\"SearchAction\",\"target\":{\"@type\":\"EntryPoint\",\"urlTemplate\":\"https:\\\/\\\/themontesinosfoundation.org\\\/forde\\\/?s={search_term_string}\"},\"query-input\":{\"@type\":\"PropertyValueSpecification\",\"valueRequired\":true,\"valueName\":\"search_term_string\"}}],\"inLanguage\":\"fr-FR\"},{\"@type\":\"Organization\",\"@id\":\"https:\\\/\\\/themontesinosfoundation.org\\\/forde\\\/#organization\",\"name\":\"FORDE\",\"url\":\"https:\\\/\\\/themontesinosfoundation.org\\\/forde\\\/\",\"logo\":{\"@type\":\"ImageObject\",\"inLanguage\":\"fr-FR\",\"@id\":\"https:\\\/\\\/themontesinosfoundation.org\\\/forde\\\/#\\\/schema\\\/logo\\\/image\\\/\",\"url\":\"https:\\\/\\\/themontesinosfoundation.org\\\/forde\\\/wp-content\\\/uploads\\\/2014\\\/07\\\/logo-forde.png\",\"contentUrl\":\"https:\\\/\\\/themontesinosfoundation.org\\\/forde\\\/wp-content\\\/uploads\\\/2014\\\/07\\\/logo-forde.png\",\"width\":735,\"height\":734,\"caption\":\"FORDE\"},\"image\":{\"@id\":\"https:\\\/\\\/themontesinosfoundation.org\\\/forde\\\/#\\\/schema\\\/logo\\\/image\\\/\"}}]}<\/script>\n<!-- \/ Yoast SEO plugin. -->","yoast_head_json":{"title":"Sidney Stucki - FORDE","robots":{"index":"index","follow":"follow","max-snippet":"max-snippet:-1","max-image-preview":"max-image-preview:large","max-video-preview":"max-video-preview:-1"},"canonical":"https:\/\/themontesinosfoundation.org\/forde\/archives-2\/1995-1997\/sidney-stucki\/","og_locale":"fr_FR","og_type":"article","og_title":"Sidney Stucki - FORDE","og_description":"\u00a0Exposition du 7 au 22 novembre 1996 &nbsp; Entre le \u00abpyrophone\u00bb de Fr\u00e9d\u00e9ric Kastner \u00e0 la fin du si\u00e8cle dernier et la \u00abDream Machine\u00bb du po\u00e8te am\u00e9ricain des ann\u00e9es 70 Brion Gysin, les oeuvres musicales et plastiques du genevois Sidney Stucki semblent ainsi \u00e9vacuer la dimension po\u00e9tico-zen des exp\u00e9riences pr\u00e9c\u00e9dentes au profit de l\u2019\u00bbambiance\u00bb technologique [&hellip;]","og_url":"https:\/\/themontesinosfoundation.org\/forde\/archives-2\/1995-1997\/sidney-stucki\/","og_site_name":"FORDE","og_image":[{"width":470,"height":308,"url":"https:\/\/themontesinosfoundation.org\/forde\/wp-content\/uploads\/2014\/04\/sid.jpg","type":"image\/jpeg"}],"twitter_card":"summary_large_image","twitter_misc":{"Dur\u00e9e de lecture estim\u00e9e":"1 minute"},"schema":{"@context":"https:\/\/schema.org","@graph":[{"@type":"WebPage","@id":"https:\/\/themontesinosfoundation.org\/forde\/archives-2\/1995-1997\/sidney-stucki\/","url":"https:\/\/themontesinosfoundation.org\/forde\/archives-2\/1995-1997\/sidney-stucki\/","name":"Sidney Stucki - FORDE","isPartOf":{"@id":"https:\/\/themontesinosfoundation.org\/forde\/#website"},"primaryImageOfPage":{"@id":"https:\/\/themontesinosfoundation.org\/forde\/archives-2\/1995-1997\/sidney-stucki\/#primaryimage"},"image":{"@id":"https:\/\/themontesinosfoundation.org\/forde\/archives-2\/1995-1997\/sidney-stucki\/#primaryimage"},"thumbnailUrl":"https:\/\/themontesinosfoundation.org\/forde\/wp-content\/uploads\/2014\/04\/sid.jpg","datePublished":"2014-04-07T13:54:16+00:00","breadcrumb":{"@id":"https:\/\/themontesinosfoundation.org\/forde\/archives-2\/1995-1997\/sidney-stucki\/#breadcrumb"},"inLanguage":"fr-FR","potentialAction":[{"@type":"ReadAction","target":["https:\/\/themontesinosfoundation.org\/forde\/archives-2\/1995-1997\/sidney-stucki\/"]}]},{"@type":"ImageObject","inLanguage":"fr-FR","@id":"https:\/\/themontesinosfoundation.org\/forde\/archives-2\/1995-1997\/sidney-stucki\/#primaryimage","url":"https:\/\/themontesinosfoundation.org\/forde\/wp-content\/uploads\/2014\/04\/sid.jpg","contentUrl":"https:\/\/themontesinosfoundation.org\/forde\/wp-content\/uploads\/2014\/04\/sid.jpg","width":470,"height":308},{"@type":"BreadcrumbList","@id":"https:\/\/themontesinosfoundation.org\/forde\/archives-2\/1995-1997\/sidney-stucki\/#breadcrumb","itemListElement":[{"@type":"ListItem","position":1,"name":"Accueil","item":"https:\/\/themontesinosfoundation.org\/forde\/"},{"@type":"ListItem","position":2,"name":"Archives","item":"https:\/\/themontesinosfoundation.org\/forde\/archives-2\/"},{"@type":"ListItem","position":3,"name":"1995 &#8211; 1997","item":"https:\/\/themontesinosfoundation.org\/forde\/archives-2\/1995-1997\/"},{"@type":"ListItem","position":4,"name":"Sidney Stucki"}]},{"@type":"WebSite","@id":"https:\/\/themontesinosfoundation.org\/forde\/#website","url":"https:\/\/themontesinosfoundation.org\/forde\/","name":"FORDE","description":"2012-2014","publisher":{"@id":"https:\/\/themontesinosfoundation.org\/forde\/#organization"},"potentialAction":[{"@type":"SearchAction","target":{"@type":"EntryPoint","urlTemplate":"https:\/\/themontesinosfoundation.org\/forde\/?s={search_term_string}"},"query-input":{"@type":"PropertyValueSpecification","valueRequired":true,"valueName":"search_term_string"}}],"inLanguage":"fr-FR"},{"@type":"Organization","@id":"https:\/\/themontesinosfoundation.org\/forde\/#organization","name":"FORDE","url":"https:\/\/themontesinosfoundation.org\/forde\/","logo":{"@type":"ImageObject","inLanguage":"fr-FR","@id":"https:\/\/themontesinosfoundation.org\/forde\/#\/schema\/logo\/image\/","url":"https:\/\/themontesinosfoundation.org\/forde\/wp-content\/uploads\/2014\/07\/logo-forde.png","contentUrl":"https:\/\/themontesinosfoundation.org\/forde\/wp-content\/uploads\/2014\/07\/logo-forde.png","width":735,"height":734,"caption":"FORDE"},"image":{"@id":"https:\/\/themontesinosfoundation.org\/forde\/#\/schema\/logo\/image\/"}}]}},"_links":{"self":[{"href":"https:\/\/themontesinosfoundation.org\/forde\/wp-json\/wp\/v2\/pages\/1059","targetHints":{"allow":["GET"]}}],"collection":[{"href":"https:\/\/themontesinosfoundation.org\/forde\/wp-json\/wp\/v2\/pages"}],"about":[{"href":"https:\/\/themontesinosfoundation.org\/forde\/wp-json\/wp\/v2\/types\/page"}],"author":[{"embeddable":true,"href":"https:\/\/themontesinosfoundation.org\/forde\/wp-json\/wp\/v2\/users\/2"}],"replies":[{"embeddable":true,"href":"https:\/\/themontesinosfoundation.org\/forde\/wp-json\/wp\/v2\/comments?post=1059"}],"version-history":[{"count":0,"href":"https:\/\/themontesinosfoundation.org\/forde\/wp-json\/wp\/v2\/pages\/1059\/revisions"}],"up":[{"embeddable":true,"href":"https:\/\/themontesinosfoundation.org\/forde\/wp-json\/wp\/v2\/pages\/798"}],"wp:attachment":[{"href":"https:\/\/themontesinosfoundation.org\/forde\/wp-json\/wp\/v2\/media?parent=1059"}],"curies":[{"name":"wp","href":"https:\/\/api.w.org\/{rel}","templated":true}]}}