{"id":1009,"date":"2014-04-07T14:46:35","date_gmt":"2014-04-07T13:46:35","guid":{"rendered":"http:\/\/www.forde.ch\/?page_id=1009"},"modified":"2014-04-07T14:46:35","modified_gmt":"2014-04-07T13:46:35","slug":"liam-gillick","status":"publish","type":"page","link":"https:\/\/themontesinosfoundation.org\/forde\/archives-2\/1995-1997\/liam-gillick\/","title":{"rendered":"Liam Gillick"},"content":{"rendered":"<h2>A House in Long Island : Towards McNamara Papers, Erasmus &amp; Ibuka Realisations and the What If? Scenarios<\/h2>\n<p>&nbsp;<\/p>\n<p>Vers un documentaire<\/p>\n<p>&nbsp;<\/p>\n<p>La pr\u00e9sentation des moyens n\u00e9cessaires \u00e0 l\u2019\u00e9laboration visuelle d\u2019un documentaire.<br \/>Un plateau \/ d\u00e9cor est construit \u00e0 partir de mat\u00e9riaux simples, en gardant \u00e0 l\u2019esprit les crit\u00e8res suivants : Banque Mondiale, Secr\u00e9taire de la D\u00e9fense, techniques de management \u00e0 l\u2019int\u00e9rieur du gouvernement central, un d\u00e9cor pour un documentaire t\u00e9l\u00e9visuel, beige institutionnel, beige oriental.\u00a0<\/p>\n<p>&nbsp;<\/p>\n<p>Le processus de travail est rendu visible par la red\u00e9finition, des param\u00e8tres du sc\u00e9nario \u201cMcNamara\u201d<br \/>\u00a0Ceci fait partie d\u2019un projet de trois documentaires qui comprend \u201cErasmus &amp; Ibuka! Realisation\u201d and \u201cThe What If? Scenarios\u201d. Doublage, montage et mise en forme finale auront lieu plus tard, ailleurs.<\/p>\n<p>&nbsp;<\/p>\n<p>D\u2019autres \u00e9l\u00e9ments du documentaire seront d\u00e9velopp\u00e9s \u00e0 la Galerie Transmission, Glasgow et au Goldsmiths College, Londres. Une s\u00e9rie de conclusions multiples constitueront une exposition pour le Consortium, Dijon et la Kunstverein de Hambourg plus tard dans l\u2019ann\u00e9e.<\/p>\n<p>&nbsp;<\/p>\n<p>\u201cMcNamara\u201d \u00e9tait un film de Liam Gillick produit par Dominic Buttimore. Il concernait la relation entre McNamara et Herman Kahn du RAND Institut. Fiddle et Faddle savaient tout et J.K. Galbraith \u00e9tait en Inde au bord de la d\u00e9pression. Compromis, n\u00e9gociation, bureaucratie et strat\u00e9gie.<\/p>\n<p>&nbsp;<\/p>\n<p>D\u00e9mont\u00e9 et remont\u00e9 \u00e0 nouveau.<\/p>\n<div style=\"text-align: right;\">Liam Gillick\u00a0\u00a0\u00a0\u00a0\u00a0\u00a0\u00a0\u00a0 3\/97<\/div>\n<div>\u00a0<\/div>\n<div style=\"text-align: left;\"><a href=\"https:\/\/themontesinosfoundation.org\/forde\/wp-content\/uploads\/2014\/04\/gillick02.jpg\"><a href=\"https:\/\/themontesinosfoundation.org\/forde\/wp-content\/uploads\/2014\/04\/gillick02.jpg\"><img loading=\"lazy\" decoding=\"async\" class=\"aligncenter size-full wp-image-1015\" alt=\"gillick02\" src=\"https:\/\/themontesinosfoundation.org\/forde\/wp-content\/uploads\/2014\/04\/gillick02.jpg\" width=\"470\" height=\"306\" srcset=\"https:\/\/themontesinosfoundation.org\/forde\/wp-content\/uploads\/2014\/04\/gillick02.jpg 470w, https:\/\/themontesinosfoundation.org\/forde\/wp-content\/uploads\/2014\/04\/gillick02-461x300.jpg 461w, https:\/\/themontesinosfoundation.org\/forde\/wp-content\/uploads\/2014\/04\/gillick02-450x293.jpg 450w, https:\/\/themontesinosfoundation.org\/forde\/wp-content\/uploads\/2014\/04\/gillick02-300x195.jpg 300w\" sizes=\"auto, (max-width: 470px) 100vw, 470px\" \/><\/a> <a href=\"https:\/\/themontesinosfoundation.org\/forde\/wp-content\/uploads\/2014\/04\/gillick03.jpg\"><img loading=\"lazy\" decoding=\"async\" class=\"aligncenter size-full wp-image-1017\" alt=\"gillick03\" src=\"https:\/\/themontesinosfoundation.org\/forde\/wp-content\/uploads\/2014\/04\/gillick03.jpg\" width=\"470\" height=\"310\" srcset=\"https:\/\/themontesinosfoundation.org\/forde\/wp-content\/uploads\/2014\/04\/gillick03.jpg 470w, https:\/\/themontesinosfoundation.org\/forde\/wp-content\/uploads\/2014\/04\/gillick03-455x300.jpg 455w, https:\/\/themontesinosfoundation.org\/forde\/wp-content\/uploads\/2014\/04\/gillick03-450x297.jpg 450w, https:\/\/themontesinosfoundation.org\/forde\/wp-content\/uploads\/2014\/04\/gillick03-300x197.jpg 300w\" sizes=\"auto, (max-width: 470px) 100vw, 470px\" \/><\/a> <a href=\"https:\/\/themontesinosfoundation.org\/forde\/wp-content\/uploads\/2014\/04\/gillick01.jpg\"><img loading=\"lazy\" decoding=\"async\" class=\"aligncenter size-full wp-image-1013\" alt=\"gillick01\" src=\"https:\/\/themontesinosfoundation.org\/forde\/wp-content\/uploads\/2014\/04\/gillick01.jpg\" width=\"305\" height=\"470\" srcset=\"https:\/\/themontesinosfoundation.org\/forde\/wp-content\/uploads\/2014\/04\/gillick01.jpg 305w, https:\/\/themontesinosfoundation.org\/forde\/wp-content\/uploads\/2014\/04\/gillick01-195x300.jpg 195w\" sizes=\"auto, (max-width: 305px) 100vw, 305px\" \/><\/a><\/a><a href=\"https:\/\/themontesinosfoundation.org\/forde\/wp-content\/uploads\/2014\/04\/gillick03.jpg\"><br \/><\/a><\/div>\n<div style=\"text-align: right;\">\u00a0<\/div>\n<div style=\"text-align: right;\">\u00a0<\/div>\n","protected":false},"excerpt":{"rendered":"<p>A House in Long Island : Towards McNamara Papers, Erasmus &amp; Ibuka Realisations and the What If? Scenarios &nbsp; Vers un documentaire &nbsp; La pr\u00e9sentation des moyens n\u00e9cessaires \u00e0 l\u2019\u00e9laboration visuelle d\u2019un documentaire.Un plateau \/ d\u00e9cor est construit \u00e0 partir de mat\u00e9riaux simples, en gardant \u00e0 l\u2019esprit les crit\u00e8res suivants : Banque Mondiale, Secr\u00e9taire de [&hellip;]<\/p>\n","protected":false},"author":2,"featured_media":0,"parent":798,"menu_order":0,"comment_status":"closed","ping_status":"open","template":"","meta":{"footnotes":""},"class_list":["post-1009","page","type-page","status-publish","hentry"],"yoast_head":"<!-- This site is optimized with the Yoast SEO plugin v27.4 - https:\/\/yoast.com\/product\/yoast-seo-wordpress\/ -->\n<title>Liam Gillick - FORDE<\/title>\n<meta name=\"robots\" content=\"index, follow, max-snippet:-1, max-image-preview:large, max-video-preview:-1\" \/>\n<link rel=\"canonical\" href=\"https:\/\/themontesinosfoundation.org\/forde\/archives-2\/1995-1997\/liam-gillick\/\" \/>\n<meta property=\"og:locale\" content=\"fr_FR\" \/>\n<meta property=\"og:type\" content=\"article\" \/>\n<meta property=\"og:title\" content=\"Liam Gillick - FORDE\" \/>\n<meta property=\"og:description\" content=\"A House in Long Island : Towards McNamara Papers, Erasmus &amp; Ibuka Realisations and the What If? Scenarios &nbsp; Vers un documentaire &nbsp; La pr\u00e9sentation des moyens n\u00e9cessaires \u00e0 l\u2019\u00e9laboration visuelle d\u2019un documentaire.Un plateau \/ d\u00e9cor est construit \u00e0 partir de mat\u00e9riaux simples, en gardant \u00e0 l\u2019esprit les crit\u00e8res suivants : Banque Mondiale, Secr\u00e9taire de [&hellip;]\" \/>\n<meta property=\"og:url\" content=\"https:\/\/themontesinosfoundation.org\/forde\/archives-2\/1995-1997\/liam-gillick\/\" \/>\n<meta property=\"og:site_name\" content=\"FORDE\" \/>\n<meta property=\"og:image\" content=\"https:\/\/themontesinosfoundation.org\/forde\/wp-content\/uploads\/2014\/04\/gillick02.jpg\" \/>\n\t<meta property=\"og:image:width\" content=\"470\" \/>\n\t<meta property=\"og:image:height\" content=\"306\" \/>\n\t<meta property=\"og:image:type\" content=\"image\/jpeg\" \/>\n<meta name=\"twitter:card\" content=\"summary_large_image\" \/>\n<meta name=\"twitter:label1\" content=\"Dur\u00e9e de lecture estim\u00e9e\" \/>\n\t<meta name=\"twitter:data1\" content=\"1 minute\" \/>\n<script type=\"application\/ld+json\" class=\"yoast-schema-graph\">{\"@context\":\"https:\\\/\\\/schema.org\",\"@graph\":[{\"@type\":\"WebPage\",\"@id\":\"https:\\\/\\\/themontesinosfoundation.org\\\/forde\\\/archives-2\\\/1995-1997\\\/liam-gillick\\\/\",\"url\":\"https:\\\/\\\/themontesinosfoundation.org\\\/forde\\\/archives-2\\\/1995-1997\\\/liam-gillick\\\/\",\"name\":\"Liam Gillick - FORDE\",\"isPartOf\":{\"@id\":\"https:\\\/\\\/themontesinosfoundation.org\\\/forde\\\/#website\"},\"primaryImageOfPage\":{\"@id\":\"https:\\\/\\\/themontesinosfoundation.org\\\/forde\\\/archives-2\\\/1995-1997\\\/liam-gillick\\\/#primaryimage\"},\"image\":{\"@id\":\"https:\\\/\\\/themontesinosfoundation.org\\\/forde\\\/archives-2\\\/1995-1997\\\/liam-gillick\\\/#primaryimage\"},\"thumbnailUrl\":\"https:\\\/\\\/themontesinosfoundation.org\\\/forde\\\/wp-content\\\/uploads\\\/2014\\\/04\\\/gillick02.jpg\",\"datePublished\":\"2014-04-07T13:46:35+00:00\",\"breadcrumb\":{\"@id\":\"https:\\\/\\\/themontesinosfoundation.org\\\/forde\\\/archives-2\\\/1995-1997\\\/liam-gillick\\\/#breadcrumb\"},\"inLanguage\":\"fr-FR\",\"potentialAction\":[{\"@type\":\"ReadAction\",\"target\":[\"https:\\\/\\\/themontesinosfoundation.org\\\/forde\\\/archives-2\\\/1995-1997\\\/liam-gillick\\\/\"]}]},{\"@type\":\"ImageObject\",\"inLanguage\":\"fr-FR\",\"@id\":\"https:\\\/\\\/themontesinosfoundation.org\\\/forde\\\/archives-2\\\/1995-1997\\\/liam-gillick\\\/#primaryimage\",\"url\":\"https:\\\/\\\/themontesinosfoundation.org\\\/forde\\\/wp-content\\\/uploads\\\/2014\\\/04\\\/gillick02.jpg\",\"contentUrl\":\"https:\\\/\\\/themontesinosfoundation.org\\\/forde\\\/wp-content\\\/uploads\\\/2014\\\/04\\\/gillick02.jpg\",\"width\":470,\"height\":306},{\"@type\":\"BreadcrumbList\",\"@id\":\"https:\\\/\\\/themontesinosfoundation.org\\\/forde\\\/archives-2\\\/1995-1997\\\/liam-gillick\\\/#breadcrumb\",\"itemListElement\":[{\"@type\":\"ListItem\",\"position\":1,\"name\":\"Accueil\",\"item\":\"https:\\\/\\\/themontesinosfoundation.org\\\/forde\\\/\"},{\"@type\":\"ListItem\",\"position\":2,\"name\":\"Archives\",\"item\":\"https:\\\/\\\/themontesinosfoundation.org\\\/forde\\\/archives-2\\\/\"},{\"@type\":\"ListItem\",\"position\":3,\"name\":\"1995 &#8211; 1997\",\"item\":\"https:\\\/\\\/themontesinosfoundation.org\\\/forde\\\/archives-2\\\/1995-1997\\\/\"},{\"@type\":\"ListItem\",\"position\":4,\"name\":\"Liam Gillick\"}]},{\"@type\":\"WebSite\",\"@id\":\"https:\\\/\\\/themontesinosfoundation.org\\\/forde\\\/#website\",\"url\":\"https:\\\/\\\/themontesinosfoundation.org\\\/forde\\\/\",\"name\":\"FORDE\",\"description\":\"2012-2014\",\"publisher\":{\"@id\":\"https:\\\/\\\/themontesinosfoundation.org\\\/forde\\\/#organization\"},\"potentialAction\":[{\"@type\":\"SearchAction\",\"target\":{\"@type\":\"EntryPoint\",\"urlTemplate\":\"https:\\\/\\\/themontesinosfoundation.org\\\/forde\\\/?s={search_term_string}\"},\"query-input\":{\"@type\":\"PropertyValueSpecification\",\"valueRequired\":true,\"valueName\":\"search_term_string\"}}],\"inLanguage\":\"fr-FR\"},{\"@type\":\"Organization\",\"@id\":\"https:\\\/\\\/themontesinosfoundation.org\\\/forde\\\/#organization\",\"name\":\"FORDE\",\"url\":\"https:\\\/\\\/themontesinosfoundation.org\\\/forde\\\/\",\"logo\":{\"@type\":\"ImageObject\",\"inLanguage\":\"fr-FR\",\"@id\":\"https:\\\/\\\/themontesinosfoundation.org\\\/forde\\\/#\\\/schema\\\/logo\\\/image\\\/\",\"url\":\"https:\\\/\\\/themontesinosfoundation.org\\\/forde\\\/wp-content\\\/uploads\\\/2014\\\/07\\\/logo-forde.png\",\"contentUrl\":\"https:\\\/\\\/themontesinosfoundation.org\\\/forde\\\/wp-content\\\/uploads\\\/2014\\\/07\\\/logo-forde.png\",\"width\":735,\"height\":734,\"caption\":\"FORDE\"},\"image\":{\"@id\":\"https:\\\/\\\/themontesinosfoundation.org\\\/forde\\\/#\\\/schema\\\/logo\\\/image\\\/\"}}]}<\/script>\n<!-- \/ Yoast SEO plugin. -->","yoast_head_json":{"title":"Liam Gillick - FORDE","robots":{"index":"index","follow":"follow","max-snippet":"max-snippet:-1","max-image-preview":"max-image-preview:large","max-video-preview":"max-video-preview:-1"},"canonical":"https:\/\/themontesinosfoundation.org\/forde\/archives-2\/1995-1997\/liam-gillick\/","og_locale":"fr_FR","og_type":"article","og_title":"Liam Gillick - FORDE","og_description":"A House in Long Island : Towards McNamara Papers, Erasmus &amp; Ibuka Realisations and the What If? Scenarios &nbsp; Vers un documentaire &nbsp; La pr\u00e9sentation des moyens n\u00e9cessaires \u00e0 l\u2019\u00e9laboration visuelle d\u2019un documentaire.Un plateau \/ d\u00e9cor est construit \u00e0 partir de mat\u00e9riaux simples, en gardant \u00e0 l\u2019esprit les crit\u00e8res suivants : Banque Mondiale, Secr\u00e9taire de [&hellip;]","og_url":"https:\/\/themontesinosfoundation.org\/forde\/archives-2\/1995-1997\/liam-gillick\/","og_site_name":"FORDE","og_image":[{"width":470,"height":306,"url":"https:\/\/themontesinosfoundation.org\/forde\/wp-content\/uploads\/2014\/04\/gillick02.jpg","type":"image\/jpeg"}],"twitter_card":"summary_large_image","twitter_misc":{"Dur\u00e9e de lecture estim\u00e9e":"1 minute"},"schema":{"@context":"https:\/\/schema.org","@graph":[{"@type":"WebPage","@id":"https:\/\/themontesinosfoundation.org\/forde\/archives-2\/1995-1997\/liam-gillick\/","url":"https:\/\/themontesinosfoundation.org\/forde\/archives-2\/1995-1997\/liam-gillick\/","name":"Liam Gillick - FORDE","isPartOf":{"@id":"https:\/\/themontesinosfoundation.org\/forde\/#website"},"primaryImageOfPage":{"@id":"https:\/\/themontesinosfoundation.org\/forde\/archives-2\/1995-1997\/liam-gillick\/#primaryimage"},"image":{"@id":"https:\/\/themontesinosfoundation.org\/forde\/archives-2\/1995-1997\/liam-gillick\/#primaryimage"},"thumbnailUrl":"https:\/\/themontesinosfoundation.org\/forde\/wp-content\/uploads\/2014\/04\/gillick02.jpg","datePublished":"2014-04-07T13:46:35+00:00","breadcrumb":{"@id":"https:\/\/themontesinosfoundation.org\/forde\/archives-2\/1995-1997\/liam-gillick\/#breadcrumb"},"inLanguage":"fr-FR","potentialAction":[{"@type":"ReadAction","target":["https:\/\/themontesinosfoundation.org\/forde\/archives-2\/1995-1997\/liam-gillick\/"]}]},{"@type":"ImageObject","inLanguage":"fr-FR","@id":"https:\/\/themontesinosfoundation.org\/forde\/archives-2\/1995-1997\/liam-gillick\/#primaryimage","url":"https:\/\/themontesinosfoundation.org\/forde\/wp-content\/uploads\/2014\/04\/gillick02.jpg","contentUrl":"https:\/\/themontesinosfoundation.org\/forde\/wp-content\/uploads\/2014\/04\/gillick02.jpg","width":470,"height":306},{"@type":"BreadcrumbList","@id":"https:\/\/themontesinosfoundation.org\/forde\/archives-2\/1995-1997\/liam-gillick\/#breadcrumb","itemListElement":[{"@type":"ListItem","position":1,"name":"Accueil","item":"https:\/\/themontesinosfoundation.org\/forde\/"},{"@type":"ListItem","position":2,"name":"Archives","item":"https:\/\/themontesinosfoundation.org\/forde\/archives-2\/"},{"@type":"ListItem","position":3,"name":"1995 &#8211; 1997","item":"https:\/\/themontesinosfoundation.org\/forde\/archives-2\/1995-1997\/"},{"@type":"ListItem","position":4,"name":"Liam Gillick"}]},{"@type":"WebSite","@id":"https:\/\/themontesinosfoundation.org\/forde\/#website","url":"https:\/\/themontesinosfoundation.org\/forde\/","name":"FORDE","description":"2012-2014","publisher":{"@id":"https:\/\/themontesinosfoundation.org\/forde\/#organization"},"potentialAction":[{"@type":"SearchAction","target":{"@type":"EntryPoint","urlTemplate":"https:\/\/themontesinosfoundation.org\/forde\/?s={search_term_string}"},"query-input":{"@type":"PropertyValueSpecification","valueRequired":true,"valueName":"search_term_string"}}],"inLanguage":"fr-FR"},{"@type":"Organization","@id":"https:\/\/themontesinosfoundation.org\/forde\/#organization","name":"FORDE","url":"https:\/\/themontesinosfoundation.org\/forde\/","logo":{"@type":"ImageObject","inLanguage":"fr-FR","@id":"https:\/\/themontesinosfoundation.org\/forde\/#\/schema\/logo\/image\/","url":"https:\/\/themontesinosfoundation.org\/forde\/wp-content\/uploads\/2014\/07\/logo-forde.png","contentUrl":"https:\/\/themontesinosfoundation.org\/forde\/wp-content\/uploads\/2014\/07\/logo-forde.png","width":735,"height":734,"caption":"FORDE"},"image":{"@id":"https:\/\/themontesinosfoundation.org\/forde\/#\/schema\/logo\/image\/"}}]}},"_links":{"self":[{"href":"https:\/\/themontesinosfoundation.org\/forde\/wp-json\/wp\/v2\/pages\/1009","targetHints":{"allow":["GET"]}}],"collection":[{"href":"https:\/\/themontesinosfoundation.org\/forde\/wp-json\/wp\/v2\/pages"}],"about":[{"href":"https:\/\/themontesinosfoundation.org\/forde\/wp-json\/wp\/v2\/types\/page"}],"author":[{"embeddable":true,"href":"https:\/\/themontesinosfoundation.org\/forde\/wp-json\/wp\/v2\/users\/2"}],"replies":[{"embeddable":true,"href":"https:\/\/themontesinosfoundation.org\/forde\/wp-json\/wp\/v2\/comments?post=1009"}],"version-history":[{"count":0,"href":"https:\/\/themontesinosfoundation.org\/forde\/wp-json\/wp\/v2\/pages\/1009\/revisions"}],"up":[{"embeddable":true,"href":"https:\/\/themontesinosfoundation.org\/forde\/wp-json\/wp\/v2\/pages\/798"}],"wp:attachment":[{"href":"https:\/\/themontesinosfoundation.org\/forde\/wp-json\/wp\/v2\/media?parent=1009"}],"curies":[{"name":"wp","href":"https:\/\/api.w.org\/{rel}","templated":true}]}}